{"id":1432,"date":"2023-12-14T08:43:38","date_gmt":"2023-12-14T08:43:38","guid":{"rendered":"https:\/\/novadream.se\/integritetspolicy\/"},"modified":"2025-01-23T13:47:00","modified_gmt":"2025-01-23T13:47:00","slug":"integritetspolicy","status":"publish","type":"page","link":"https:\/\/novadream.se\/sv\/integritetspolicy\/","title":{"rendered":"Integritetspolicy"},"content":{"rendered":"<h4 class=\"wp-block-heading\">Policy<\/h4><p>Den personuppgiftsansvarige (dvs. en enhet som best\u00e4mmer \u00e4ndam\u00e5len och medlen f\u00f6r behandling av dina personuppgifter) eller dataanv\u00e4ndaren (dvs. en enhet som kontrollerar insamling, innehav, behandling eller anv\u00e4ndning av dina personuppgifter) p\u00e5 webbplatsen \u00e4r Ehtnica company limited (&#8221;Vi&#8221;, &#8221;Oss&#8221; eller &#8221;F\u00f6retaget&#8221;).<\/p><p>Vi hoppas att f\u00f6ljande policy ska hj\u00e4lpa dig att f\u00f6rst\u00e5 hur vi samlar in, anv\u00e4nder och skyddar dina personuppgifter.<\/p><p>Denna policy har utarbetats med h\u00e4nvisning till f\u00f6rordningen om skydd av personuppgifter och den allm\u00e4nna dataskyddsf\u00f6rordningen (EU) 2016\/679 (&#8221;gdpr&#8221;). I denna policy har begreppen &#8221;personuppgifter&#8221; och &#8221;direktmarknadsf\u00f6ring&#8221; samma inneb\u00f6rd som i f\u00f6rordningen, om inte annat anges. I den utstr\u00e4ckning som gdpr \u00e4r till\u00e4mplig ska h\u00e4nvisningar till &#8221;personuppgifter&#8221; \u00e4ven omfatta personuppgifter enligt definitionen i gdpr.  <\/p><p>Uppdateringar av denna policy kommer att publiceras p\u00e5 denna sida.<\/p><p>S\u00e4kerhet och skydd av dina personuppgifter<\/p><ol class=\"wp-block-list\"><li>\u00c5tkomst till dina personuppgifter som samlas in av oss skyddas av fysiska, elektroniska och administrativa \u00e5tg\u00e4rder och vi begr\u00e4nsar d\u00e4rf\u00f6r \u00e5tkomsten till dina personuppgifter till v\u00e5ra anst\u00e4llda och ombud som beh\u00f6ver dem f\u00f6r att utf\u00f6ra sina arbetsuppgifter.<\/li>\n\n<li>F\u00f6r att skydda dina personuppgifter n\u00e4r du anv\u00e4nder webbplatsen kommer vi att kryptera alla personuppgifter som du skickar till oss med hj\u00e4lp av secure socket layer (ssl) &#8211; en branschstandard f\u00f6r kryptering \u00f6ver internet f\u00f6r att skydda de uppgifter du skickar till oss.<\/li>\n\n<li>Vi kommer aldrig att be dig om ditt personliga l\u00f6senord, varken skriftligen eller per telefon. Var noga med att skydda \u00e5tkomsten till ditt l\u00f6senord, din dator och din mobila enhet fr\u00e5n obeh\u00f6rig anv\u00e4ndning. <\/li><\/ol><h4 class=\"wp-block-heading\">V\u00e5r f\u00f6retagspolicy<\/h4><ol class=\"wp-block-list\"><li>F\u00f6retaget kommer att str\u00e4va efter att fullt ut uppfylla skyldigheterna och kraven i f\u00f6rordningen och (om till\u00e4mpligt) gdpr. V\u00e5ra tj\u00e4nstem\u00e4n, ledning och personal kommer alltid att respektera sekretessen f\u00f6r och str\u00e4va efter att h\u00e5lla alla personuppgifter som samlas in och \/ eller lagras och \/ eller \u00f6verf\u00f6rs och \/ eller anv\u00e4nds f\u00f6r eller p\u00e5 uppdrag av f\u00f6retaget. <\/li>\n\n<li>Bolaget kommer att str\u00e4va efter att s\u00e4kerst\u00e4lla att all insamling, lagring, \u00f6verf\u00f6ring och annan hantering av personuppgifter sker i enlighet med f\u00f6rordningen och (om till\u00e4mpligt) GDPR.<\/li><\/ol><p>Lagring av uppgifter Dina personuppgifter kommer att behandlas och lagras av oss endast under den tid som \u00e4r n\u00f6dv\u00e4ndig f\u00f6r de \u00e4ndam\u00e5l f\u00f6r vilka uppgifterna samlades in. Om du \u00e4r medlem i v\u00e5ra kundlojalitetsprogram kommer vi i allm\u00e4nhet att beh\u00e5lla dina personuppgifter s\u00e5 l\u00e4nge du \u00e4r medlem, \u00e4ven om vi kan beh\u00e5lla dem l\u00e4ngre f\u00f6r att kunna svara p\u00e5 fr\u00e5gor, anspr\u00e5k eller klagom\u00e5l eller f\u00f6r att uppfylla r\u00e4ttsliga krav, redovisningskrav eller myndighetskrav. N\u00e4r vi inte l\u00e4ngre beh\u00f6ver anv\u00e4nda dina uppgifter f\u00f6r dessa \u00e4ndam\u00e5l kommer vi att ta bort dem fr\u00e5n v\u00e5ra system och register.  <\/p>","protected":false},"excerpt":{"rendered":"<p>Policy Den personuppgiftsansvarige (dvs. en enhet som best\u00e4mmer \u00e4ndam\u00e5len och medlen f\u00f6r behandling av dina personuppgifter) eller dataanv\u00e4ndaren (dvs. en enhet som kontrollerar insamling, innehav, behandling eller anv\u00e4ndning av dina personuppgifter) p\u00e5 webbplatsen \u00e4r Ehtnica company limited (&#8221;Vi&#8221;, &#8221;Oss&#8221; eller &#8221;F\u00f6retaget&#8221;). Vi hoppas att f\u00f6ljande policy ska hj\u00e4lpa dig att f\u00f6rst\u00e5 hur vi samlar in, [&hellip;]<\/p>\n","protected":false},"author":8,"featured_media":0,"parent":0,"menu_order":0,"comment_status":"closed","ping_status":"open","template":"page-text.php","meta":{"_acf_changed":false,"footnotes":""},"class_list":["post-1432","page","type-page","status-publish","hentry"],"acf":[],"yoast_head":"<!-- This site is optimized with the Yoast SEO plugin v25.0 - https:\/\/yoast.com\/wordpress\/plugins\/seo\/ -->\n<title>Integritetspolicy - Nova Dreams<\/title>\n<meta name=\"robots\" content=\"index, follow, max-snippet:-1, max-image-preview:large, max-video-preview:-1\" \/>\n<link rel=\"canonical\" href=\"https:\/\/novadream.se\/sv\/integritetspolicy\/\" \/>\n<meta property=\"og:locale\" content=\"sv_SE\" \/>\n<meta property=\"og:type\" content=\"article\" \/>\n<meta property=\"og:title\" content=\"Integritetspolicy - Nova Dreams\" \/>\n<meta property=\"og:description\" content=\"Policy Den personuppgiftsansvarige (dvs. en enhet som best\u00e4mmer \u00e4ndam\u00e5len och medlen f\u00f6r behandling av dina personuppgifter) eller dataanv\u00e4ndaren (dvs. en enhet som kontrollerar insamling, innehav, behandling eller anv\u00e4ndning av dina personuppgifter) p\u00e5 webbplatsen \u00e4r Ehtnica company limited (&#8221;Vi&#8221;, &#8221;Oss&#8221; eller &#8221;F\u00f6retaget&#8221;). Vi hoppas att f\u00f6ljande policy ska hj\u00e4lpa dig att f\u00f6rst\u00e5 hur vi samlar in, [&hellip;]\" \/>\n<meta property=\"og:url\" content=\"https:\/\/novadream.se\/sv\/integritetspolicy\/\" \/>\n<meta property=\"og:site_name\" content=\"Nova Dreams\" \/>\n<meta property=\"article:modified_time\" content=\"2025-01-23T13:47:00+00:00\" \/>\n<meta property=\"og:image\" content=\"https:\/\/novadream.se\/wp-content\/uploads\/2023\/12\/cropped-logo.jpg\" \/>\n\t<meta property=\"og:image:width\" content=\"1599\" \/>\n\t<meta property=\"og:image:height\" content=\"710\" \/>\n\t<meta property=\"og:image:type\" content=\"image\/jpeg\" \/>\n<meta name=\"twitter:card\" content=\"summary_large_image\" \/>\n<meta name=\"twitter:label1\" content=\"Ber\u00e4knad l\u00e4stid\" \/>\n\t<meta name=\"twitter:data1\" content=\"3 minuter\" \/>\n<script type=\"application\/ld+json\" class=\"yoast-schema-graph\">{\"@context\":\"https:\/\/schema.org\",\"@graph\":[{\"@type\":\"WebPage\",\"@id\":\"https:\/\/novadream.se\/sv\/integritetspolicy\/\",\"url\":\"https:\/\/novadream.se\/sv\/integritetspolicy\/\",\"name\":\"Integritetspolicy - Nova Dreams\",\"isPartOf\":{\"@id\":\"https:\/\/novadream.se\/sv\/#website\"},\"datePublished\":\"2023-12-14T08:43:38+00:00\",\"dateModified\":\"2025-01-23T13:47:00+00:00\",\"breadcrumb\":{\"@id\":\"https:\/\/novadream.se\/sv\/integritetspolicy\/#breadcrumb\"},\"inLanguage\":\"sv-SE\",\"potentialAction\":[{\"@type\":\"ReadAction\",\"target\":[\"https:\/\/novadream.se\/sv\/integritetspolicy\/\"]}]},{\"@type\":\"BreadcrumbList\",\"@id\":\"https:\/\/novadream.se\/sv\/integritetspolicy\/#breadcrumb\",\"itemListElement\":[{\"@type\":\"ListItem\",\"position\":1,\"name\":\"Home\",\"item\":\"https:\/\/novadream.se\/sv\/\"},{\"@type\":\"ListItem\",\"position\":2,\"name\":\"Integritetspolicy\"}]},{\"@type\":\"WebSite\",\"@id\":\"https:\/\/novadream.se\/sv\/#website\",\"url\":\"https:\/\/novadream.se\/sv\/\",\"name\":\"Nova Dreams\",\"description\":\"\",\"publisher\":{\"@id\":\"https:\/\/novadream.se\/sv\/#organization\"},\"potentialAction\":[{\"@type\":\"SearchAction\",\"target\":{\"@type\":\"EntryPoint\",\"urlTemplate\":\"https:\/\/novadream.se\/sv\/?s={search_term_string}\"},\"query-input\":{\"@type\":\"PropertyValueSpecification\",\"valueRequired\":true,\"valueName\":\"search_term_string\"}}],\"inLanguage\":\"sv-SE\"},{\"@type\":\"Organization\",\"@id\":\"https:\/\/novadream.se\/sv\/#organization\",\"name\":\"Nova Worldwide AB\",\"url\":\"https:\/\/novadream.se\/sv\/\",\"logo\":{\"@type\":\"ImageObject\",\"inLanguage\":\"sv-SE\",\"@id\":\"https:\/\/novadream.se\/sv\/#\/schema\/logo\/image\/\",\"url\":\"https:\/\/novadream.se\/wp-content\/uploads\/2025\/05\/nova-white-logo-e1747034077978.png\",\"contentUrl\":\"https:\/\/novadream.se\/wp-content\/uploads\/2025\/05\/nova-white-logo-e1747034077978.png\",\"width\":244,\"height\":137,\"caption\":\"Nova Worldwide AB\"},\"image\":{\"@id\":\"https:\/\/novadream.se\/sv\/#\/schema\/logo\/image\/\"}}]}<\/script>\n<!-- \/ Yoast SEO plugin. -->","yoast_head_json":{"title":"Integritetspolicy - Nova Dreams","robots":{"index":"index","follow":"follow","max-snippet":"max-snippet:-1","max-image-preview":"max-image-preview:large","max-video-preview":"max-video-preview:-1"},"canonical":"https:\/\/novadream.se\/sv\/integritetspolicy\/","og_locale":"sv_SE","og_type":"article","og_title":"Integritetspolicy - Nova Dreams","og_description":"Policy Den personuppgiftsansvarige (dvs. en enhet som best\u00e4mmer \u00e4ndam\u00e5len och medlen f\u00f6r behandling av dina personuppgifter) eller dataanv\u00e4ndaren (dvs. en enhet som kontrollerar insamling, innehav, behandling eller anv\u00e4ndning av dina personuppgifter) p\u00e5 webbplatsen \u00e4r Ehtnica company limited (&#8221;Vi&#8221;, &#8221;Oss&#8221; eller &#8221;F\u00f6retaget&#8221;). Vi hoppas att f\u00f6ljande policy ska hj\u00e4lpa dig att f\u00f6rst\u00e5 hur vi samlar in, [&hellip;]","og_url":"https:\/\/novadream.se\/sv\/integritetspolicy\/","og_site_name":"Nova Dreams","article_modified_time":"2025-01-23T13:47:00+00:00","og_image":[{"width":1599,"height":710,"url":"https:\/\/novadream.se\/wp-content\/uploads\/2023\/12\/cropped-logo.jpg","type":"image\/jpeg"}],"twitter_card":"summary_large_image","twitter_misc":{"Ber\u00e4knad l\u00e4stid":"3 minuter"},"schema":{"@context":"https:\/\/schema.org","@graph":[{"@type":"WebPage","@id":"https:\/\/novadream.se\/sv\/integritetspolicy\/","url":"https:\/\/novadream.se\/sv\/integritetspolicy\/","name":"Integritetspolicy - Nova Dreams","isPartOf":{"@id":"https:\/\/novadream.se\/sv\/#website"},"datePublished":"2023-12-14T08:43:38+00:00","dateModified":"2025-01-23T13:47:00+00:00","breadcrumb":{"@id":"https:\/\/novadream.se\/sv\/integritetspolicy\/#breadcrumb"},"inLanguage":"sv-SE","potentialAction":[{"@type":"ReadAction","target":["https:\/\/novadream.se\/sv\/integritetspolicy\/"]}]},{"@type":"BreadcrumbList","@id":"https:\/\/novadream.se\/sv\/integritetspolicy\/#breadcrumb","itemListElement":[{"@type":"ListItem","position":1,"name":"Home","item":"https:\/\/novadream.se\/sv\/"},{"@type":"ListItem","position":2,"name":"Integritetspolicy"}]},{"@type":"WebSite","@id":"https:\/\/novadream.se\/sv\/#website","url":"https:\/\/novadream.se\/sv\/","name":"Nova Dreams","description":"","publisher":{"@id":"https:\/\/novadream.se\/sv\/#organization"},"potentialAction":[{"@type":"SearchAction","target":{"@type":"EntryPoint","urlTemplate":"https:\/\/novadream.se\/sv\/?s={search_term_string}"},"query-input":{"@type":"PropertyValueSpecification","valueRequired":true,"valueName":"search_term_string"}}],"inLanguage":"sv-SE"},{"@type":"Organization","@id":"https:\/\/novadream.se\/sv\/#organization","name":"Nova Worldwide AB","url":"https:\/\/novadream.se\/sv\/","logo":{"@type":"ImageObject","inLanguage":"sv-SE","@id":"https:\/\/novadream.se\/sv\/#\/schema\/logo\/image\/","url":"https:\/\/novadream.se\/wp-content\/uploads\/2025\/05\/nova-white-logo-e1747034077978.png","contentUrl":"https:\/\/novadream.se\/wp-content\/uploads\/2025\/05\/nova-white-logo-e1747034077978.png","width":244,"height":137,"caption":"Nova Worldwide AB"},"image":{"@id":"https:\/\/novadream.se\/sv\/#\/schema\/logo\/image\/"}}]}},"_links":{"self":[{"href":"https:\/\/novadream.se\/sv\/wp-json\/wp\/v2\/pages\/1432","targetHints":{"allow":["GET"]}}],"collection":[{"href":"https:\/\/novadream.se\/sv\/wp-json\/wp\/v2\/pages"}],"about":[{"href":"https:\/\/novadream.se\/sv\/wp-json\/wp\/v2\/types\/page"}],"author":[{"embeddable":true,"href":"https:\/\/novadream.se\/sv\/wp-json\/wp\/v2\/users\/8"}],"replies":[{"embeddable":true,"href":"https:\/\/novadream.se\/sv\/wp-json\/wp\/v2\/comments?post=1432"}],"version-history":[{"count":1,"href":"https:\/\/novadream.se\/sv\/wp-json\/wp\/v2\/pages\/1432\/revisions"}],"predecessor-version":[{"id":1433,"href":"https:\/\/novadream.se\/sv\/wp-json\/wp\/v2\/pages\/1432\/revisions\/1433"}],"wp:attachment":[{"href":"https:\/\/novadream.se\/sv\/wp-json\/wp\/v2\/media?parent=1432"}],"curies":[{"name":"wp","href":"https:\/\/api.w.org\/{rel}","templated":true}]}}