{"id":1442,"date":"2024-02-18T18:28:16","date_gmt":"2024-02-18T18:28:16","guid":{"rendered":"https:\/\/novadream.se\/aterkomst\/"},"modified":"2025-08-04T07:11:32","modified_gmt":"2025-08-04T07:11:32","slug":"aterkomst","status":"publish","type":"page","link":"https:\/\/novadream.se\/sv\/aterkomst\/","title":{"rendered":"Retur &amp; \u00c5ngerr\u00e4tt"},"content":{"rendered":"<p>Returr\u00e4tten g\u00e4ller i 14 dagar fr\u00e5n den dag du tog emot varan. Du kan \u00f6ppna f\u00f6rpackningen, unders\u00f6ka varan och returnera den om du inte \u00e4r n\u00f6jd med ditt k\u00f6p. Returr\u00e4tten g\u00e4ller allt i v\u00e5rt sortiment.  <\/p><p>N\u00e4r du returnerar varan ska den vara oanv\u00e4nd, ha alla taggar kvar och returneras i sin originalf\u00f6rpackning. Om ytterf\u00f6rpackningen \u00e4r skadad g\u00e5r det bra att packa med annan likv\u00e4rdig f\u00f6rpackning, men var noga med att packa v\u00e4l s\u00e5 att varan skyddas under transporten tillbaka till oss. Om du har anv\u00e4nt eller hanterat varan p\u00e5 ett s\u00e4tt som inte \u00e4r n\u00f6dv\u00e4ndigt f\u00f6r att unders\u00f6ka den kan ett avdrag f\u00f6r v\u00e4rdeminskning g\u00f6ras, avdraget bed\u00f6ms fr\u00e5n fall till fall av v\u00e5r returpersonal.  <\/p><h4 class=\"wp-block-heading\">Hur du returnerar en vara<\/h4><ol class=\"wp-block-list\"><li><a href=\"https:\/\/novadream.se\/sv\/kontakta-oss\/\">Kontakta v\u00e5r kundtj\u00e4nst<\/a> inom 14 dagar fr\u00e5n det att du mottagit din vara f\u00f6r att informera oss om ditt beslut att returnera den.<br\/><\/li>\n\n<li>Varorna m\u00e5ste returneras inom 14 dagar efter att du har meddelat oss.<br\/><\/li>\n\n<li>Returnerade produkter m\u00e5ste vara i oanv\u00e4nt, otv\u00e4ttat och oskadat skick, med alla originaletiketter och f\u00f6rpackningar.<\/li><\/ol><p>Du \u00e4r inte ansvarig f\u00f6r returfraktkostnaderna. Vi kommer att f\u00f6rse dig med en internationell returfraktsedel. <\/p><p>F\u00f6r returer utanf\u00f6r Sverige v\u00e4nligen kontakta oss f\u00f6r returfraktsedlar.<\/p><h4 class=\"wp-block-heading\">\u00c5terbetalning<\/h4><p>N\u00e4r vi har mottagit och inspekterat din returnerade vara kommer vi att behandla din \u00e5terbetalning. Du kommer att f\u00e5 en bekr\u00e4ftelse via e-post n\u00e4r din retur har slutf\u00f6rts. <\/p><p>\u00c5terbetalning sker till den ursprungliga betalningsmetoden. <\/p>","protected":false},"excerpt":{"rendered":"<p>Returr\u00e4tten g\u00e4ller i 14 dagar fr\u00e5n den dag du tog emot varan. Du kan \u00f6ppna f\u00f6rpackningen, unders\u00f6ka varan och returnera den om du inte \u00e4r n\u00f6jd med ditt k\u00f6p. Returr\u00e4tten g\u00e4ller allt i v\u00e5rt sortiment. N\u00e4r du returnerar varan ska den vara oanv\u00e4nd, ha alla taggar kvar och returneras i sin originalf\u00f6rpackning. Om ytterf\u00f6rpackningen \u00e4r [&hellip;]<\/p>\n","protected":false},"author":8,"featured_media":0,"parent":0,"menu_order":0,"comment_status":"closed","ping_status":"closed","template":"page-text.php","meta":{"_acf_changed":false,"footnotes":""},"class_list":["post-1442","page","type-page","status-publish","hentry"],"acf":[],"yoast_head":"<!-- This site is optimized with the Yoast SEO plugin v25.0 - https:\/\/yoast.com\/wordpress\/plugins\/seo\/ -->\n<title>Retur &amp; \u00c5ngerr\u00e4tt - Nova Dreams<\/title>\n<meta name=\"robots\" content=\"index, follow, max-snippet:-1, max-image-preview:large, max-video-preview:-1\" \/>\n<link rel=\"canonical\" href=\"https:\/\/novadream.se\/sv\/aterkomst\/\" \/>\n<meta property=\"og:locale\" content=\"sv_SE\" \/>\n<meta property=\"og:type\" content=\"article\" \/>\n<meta property=\"og:title\" content=\"Retur &amp; \u00c5ngerr\u00e4tt - Nova Dreams\" \/>\n<meta property=\"og:description\" content=\"Returr\u00e4tten g\u00e4ller i 14 dagar fr\u00e5n den dag du tog emot varan. Du kan \u00f6ppna f\u00f6rpackningen, unders\u00f6ka varan och returnera den om du inte \u00e4r n\u00f6jd med ditt k\u00f6p. Returr\u00e4tten g\u00e4ller allt i v\u00e5rt sortiment. N\u00e4r du returnerar varan ska den vara oanv\u00e4nd, ha alla taggar kvar och returneras i sin originalf\u00f6rpackning. Om ytterf\u00f6rpackningen \u00e4r [&hellip;]\" \/>\n<meta property=\"og:url\" content=\"https:\/\/novadream.se\/sv\/aterkomst\/\" \/>\n<meta property=\"og:site_name\" content=\"Nova Dreams\" \/>\n<meta property=\"article:modified_time\" content=\"2025-08-04T07:11:32+00:00\" \/>\n<meta property=\"og:image\" content=\"https:\/\/novadream.se\/wp-content\/uploads\/2023\/12\/cropped-logo.jpg\" \/>\n\t<meta property=\"og:image:width\" content=\"1599\" \/>\n\t<meta property=\"og:image:height\" content=\"710\" \/>\n\t<meta property=\"og:image:type\" content=\"image\/jpeg\" \/>\n<meta name=\"twitter:card\" content=\"summary_large_image\" \/>\n<meta name=\"twitter:label1\" content=\"Ber\u00e4knad l\u00e4stid\" \/>\n\t<meta name=\"twitter:data1\" content=\"1 minut\" \/>\n<script type=\"application\/ld+json\" class=\"yoast-schema-graph\">{\"@context\":\"https:\/\/schema.org\",\"@graph\":[{\"@type\":\"WebPage\",\"@id\":\"https:\/\/novadream.se\/sv\/aterkomst\/\",\"url\":\"https:\/\/novadream.se\/sv\/aterkomst\/\",\"name\":\"Retur &amp; \u00c5ngerr\u00e4tt - Nova Dreams\",\"isPartOf\":{\"@id\":\"https:\/\/novadream.se\/sv\/#website\"},\"datePublished\":\"2024-02-18T18:28:16+00:00\",\"dateModified\":\"2025-08-04T07:11:32+00:00\",\"breadcrumb\":{\"@id\":\"https:\/\/novadream.se\/sv\/aterkomst\/#breadcrumb\"},\"inLanguage\":\"sv-SE\",\"potentialAction\":[{\"@type\":\"ReadAction\",\"target\":[\"https:\/\/novadream.se\/sv\/aterkomst\/\"]}]},{\"@type\":\"BreadcrumbList\",\"@id\":\"https:\/\/novadream.se\/sv\/aterkomst\/#breadcrumb\",\"itemListElement\":[{\"@type\":\"ListItem\",\"position\":1,\"name\":\"Home\",\"item\":\"https:\/\/novadream.se\/sv\/\"},{\"@type\":\"ListItem\",\"position\":2,\"name\":\"Retur &amp; \u00c5ngerr\u00e4tt\"}]},{\"@type\":\"WebSite\",\"@id\":\"https:\/\/novadream.se\/sv\/#website\",\"url\":\"https:\/\/novadream.se\/sv\/\",\"name\":\"Nova Dreams\",\"description\":\"\",\"publisher\":{\"@id\":\"https:\/\/novadream.se\/sv\/#organization\"},\"potentialAction\":[{\"@type\":\"SearchAction\",\"target\":{\"@type\":\"EntryPoint\",\"urlTemplate\":\"https:\/\/novadream.se\/sv\/?s={search_term_string}\"},\"query-input\":{\"@type\":\"PropertyValueSpecification\",\"valueRequired\":true,\"valueName\":\"search_term_string\"}}],\"inLanguage\":\"sv-SE\"},{\"@type\":\"Organization\",\"@id\":\"https:\/\/novadream.se\/sv\/#organization\",\"name\":\"Nova Worldwide AB\",\"url\":\"https:\/\/novadream.se\/sv\/\",\"logo\":{\"@type\":\"ImageObject\",\"inLanguage\":\"sv-SE\",\"@id\":\"https:\/\/novadream.se\/sv\/#\/schema\/logo\/image\/\",\"url\":\"https:\/\/novadream.se\/wp-content\/uploads\/2025\/05\/nova-white-logo-e1747034077978.png\",\"contentUrl\":\"https:\/\/novadream.se\/wp-content\/uploads\/2025\/05\/nova-white-logo-e1747034077978.png\",\"width\":244,\"height\":137,\"caption\":\"Nova Worldwide AB\"},\"image\":{\"@id\":\"https:\/\/novadream.se\/sv\/#\/schema\/logo\/image\/\"}}]}<\/script>\n<!-- \/ Yoast SEO plugin. -->","yoast_head_json":{"title":"Retur &amp; \u00c5ngerr\u00e4tt - Nova Dreams","robots":{"index":"index","follow":"follow","max-snippet":"max-snippet:-1","max-image-preview":"max-image-preview:large","max-video-preview":"max-video-preview:-1"},"canonical":"https:\/\/novadream.se\/sv\/aterkomst\/","og_locale":"sv_SE","og_type":"article","og_title":"Retur &amp; \u00c5ngerr\u00e4tt - Nova Dreams","og_description":"Returr\u00e4tten g\u00e4ller i 14 dagar fr\u00e5n den dag du tog emot varan. Du kan \u00f6ppna f\u00f6rpackningen, unders\u00f6ka varan och returnera den om du inte \u00e4r n\u00f6jd med ditt k\u00f6p. Returr\u00e4tten g\u00e4ller allt i v\u00e5rt sortiment. N\u00e4r du returnerar varan ska den vara oanv\u00e4nd, ha alla taggar kvar och returneras i sin originalf\u00f6rpackning. Om ytterf\u00f6rpackningen \u00e4r [&hellip;]","og_url":"https:\/\/novadream.se\/sv\/aterkomst\/","og_site_name":"Nova Dreams","article_modified_time":"2025-08-04T07:11:32+00:00","og_image":[{"width":1599,"height":710,"url":"https:\/\/novadream.se\/wp-content\/uploads\/2023\/12\/cropped-logo.jpg","type":"image\/jpeg"}],"twitter_card":"summary_large_image","twitter_misc":{"Ber\u00e4knad l\u00e4stid":"1 minut"},"schema":{"@context":"https:\/\/schema.org","@graph":[{"@type":"WebPage","@id":"https:\/\/novadream.se\/sv\/aterkomst\/","url":"https:\/\/novadream.se\/sv\/aterkomst\/","name":"Retur &amp; \u00c5ngerr\u00e4tt - Nova Dreams","isPartOf":{"@id":"https:\/\/novadream.se\/sv\/#website"},"datePublished":"2024-02-18T18:28:16+00:00","dateModified":"2025-08-04T07:11:32+00:00","breadcrumb":{"@id":"https:\/\/novadream.se\/sv\/aterkomst\/#breadcrumb"},"inLanguage":"sv-SE","potentialAction":[{"@type":"ReadAction","target":["https:\/\/novadream.se\/sv\/aterkomst\/"]}]},{"@type":"BreadcrumbList","@id":"https:\/\/novadream.se\/sv\/aterkomst\/#breadcrumb","itemListElement":[{"@type":"ListItem","position":1,"name":"Home","item":"https:\/\/novadream.se\/sv\/"},{"@type":"ListItem","position":2,"name":"Retur &amp; \u00c5ngerr\u00e4tt"}]},{"@type":"WebSite","@id":"https:\/\/novadream.se\/sv\/#website","url":"https:\/\/novadream.se\/sv\/","name":"Nova Dreams","description":"","publisher":{"@id":"https:\/\/novadream.se\/sv\/#organization"},"potentialAction":[{"@type":"SearchAction","target":{"@type":"EntryPoint","urlTemplate":"https:\/\/novadream.se\/sv\/?s={search_term_string}"},"query-input":{"@type":"PropertyValueSpecification","valueRequired":true,"valueName":"search_term_string"}}],"inLanguage":"sv-SE"},{"@type":"Organization","@id":"https:\/\/novadream.se\/sv\/#organization","name":"Nova Worldwide AB","url":"https:\/\/novadream.se\/sv\/","logo":{"@type":"ImageObject","inLanguage":"sv-SE","@id":"https:\/\/novadream.se\/sv\/#\/schema\/logo\/image\/","url":"https:\/\/novadream.se\/wp-content\/uploads\/2025\/05\/nova-white-logo-e1747034077978.png","contentUrl":"https:\/\/novadream.se\/wp-content\/uploads\/2025\/05\/nova-white-logo-e1747034077978.png","width":244,"height":137,"caption":"Nova Worldwide AB"},"image":{"@id":"https:\/\/novadream.se\/sv\/#\/schema\/logo\/image\/"}}]}},"_links":{"self":[{"href":"https:\/\/novadream.se\/sv\/wp-json\/wp\/v2\/pages\/1442","targetHints":{"allow":["GET"]}}],"collection":[{"href":"https:\/\/novadream.se\/sv\/wp-json\/wp\/v2\/pages"}],"about":[{"href":"https:\/\/novadream.se\/sv\/wp-json\/wp\/v2\/types\/page"}],"author":[{"embeddable":true,"href":"https:\/\/novadream.se\/sv\/wp-json\/wp\/v2\/users\/8"}],"replies":[{"embeddable":true,"href":"https:\/\/novadream.se\/sv\/wp-json\/wp\/v2\/comments?post=1442"}],"version-history":[{"count":9,"href":"https:\/\/novadream.se\/sv\/wp-json\/wp\/v2\/pages\/1442\/revisions"}],"predecessor-version":[{"id":1968,"href":"https:\/\/novadream.se\/sv\/wp-json\/wp\/v2\/pages\/1442\/revisions\/1968"}],"wp:attachment":[{"href":"https:\/\/novadream.se\/sv\/wp-json\/wp\/v2\/media?parent=1442"}],"curies":[{"name":"wp","href":"https:\/\/api.w.org\/{rel}","templated":true}]}}