{"id":1476,"date":"2025-01-24T14:17:23","date_gmt":"2025-01-24T14:17:23","guid":{"rendered":"https:\/\/novadream.se\/policy-for-cookies\/"},"modified":"2025-02-11T10:25:38","modified_gmt":"2025-02-11T10:25:38","slug":"policy-for-cookies","status":"publish","type":"page","link":"https:\/\/novadream.se\/sv\/policy-for-cookies\/","title":{"rendered":"Policy f\u00f6r cookies"},"content":{"rendered":"<h4 class=\"wp-block-heading\">Senaste uppdatering: 24 januari 2025<\/h4><p>Denna cookiepolicy beskriver hur Nova Worldwide AB (&#8221;vi&#8221;, &#8221;v\u00e5r&#8221; eller &#8221;oss&#8221;) anv\u00e4nder cookies n\u00e4r du bes\u00f6ker v\u00e5r webbplats [<a href=\"http:\/\/www.novadream.se\/\">www.novadream.se<\/a>] (&#8221;Webbplatsen&#8221;). L\u00e4s denna cookiepolicy noggrant innan du anv\u00e4nder webbplatsen. Genom att anv\u00e4nda webbplatsen samtycker du till de metoder som beskrivs i denna cookiepolicy.  <\/p><h4 class=\"wp-block-heading\">Vad \u00e4r cookies?<\/h4><p>Cookies \u00e4r sm\u00e5 textfiler som lagras i din webbl\u00e4sare av webbplatser du bes\u00f6ker. De inneh\u00e5ller vanligtvis en webbplats och en identifierare. Cookies hj\u00e4lper till att f\u00f6rb\u00e4ttra anv\u00e4ndarupplevelsen n\u00e4r du anv\u00e4nder v\u00e5r webbplats, till exempel genom att komma ih\u00e5g vilka varor du l\u00e4gger till i din kundvagn.  <\/p><h4 class=\"wp-block-heading\">Typer av cookies p\u00e5 novadream.se<\/h4><p><strong>N\u00f6dv\u00e4ndiga cookies:<\/strong> Dessa cookies \u00e4r n\u00f6dv\u00e4ndiga f\u00f6r att webbplatsen ska fungera korrekt och ge en s\u00e4ker upplevelse f\u00f6r dig som bes\u00f6kare. Dessa cookies anv\u00e4nds bland annat f\u00f6r att erbjuda inloggningsfunktionalitet, e-handelsfunktioner och f\u00f6r att slutf\u00f6ra k\u00f6p.   <\/p><p><strong>Statistiska cookies:<\/strong> Dessa cookies \u00e4r valfria och anv\u00e4nds f\u00f6r att samla in statistik f\u00f6r att f\u00f6rb\u00e4ttra v\u00e5ra tj\u00e4nster och anv\u00e4ndarupplevelsen f\u00f6r dig som bes\u00f6kare.  <\/p><p><strong>Cookies f\u00f6r marknadsf\u00f6ring:<\/strong> Dessa cookies \u00e4r valfria och anv\u00e4nds f\u00f6r att m\u00e4ta effektiviteten i v\u00e5r marknadsf\u00f6ring och f\u00f6r att hj\u00e4lpa oss att ge b\u00e4ttre och mer personlig marknadsf\u00f6ring till v\u00e5ra kunder.<\/p><h4 class=\"wp-block-heading\">Samtycke och hantering av cookies<\/h4><p>F\u00f6rsta g\u00e5ngen du bes\u00f6ker webbplatsen kommer du att presenteras med en popup som g\u00f6r att du kan kontrollera anv\u00e4ndningen av cookies och sp\u00e5rningsteknik. Du kan v\u00e4lja att acceptera eller neka dessa tekniker. Vi lagrar inga cookies f\u00f6rutom de som \u00e4r absolut n\u00f6dv\u00e4ndiga f\u00f6r webbplatsens funktionalitet tills du har gett ditt samtycke. Observera att om du nekar vissa cookies kan det p\u00e5verka funktionaliteten hos specifika funktioner p\u00e5 webbplatsen.   <\/p><h4 class=\"wp-block-heading\">\u00c4ndra cookie-inst\u00e4llningar<\/h4><p>Genom att klicka p\u00e5 Hantera samtycke i det nedre h\u00f6gra h\u00f6rnet kan du n\u00e4r som helst \u00e4ndra dina cookie-inst\u00e4llningar.<\/p><h4 class=\"wp-block-heading\">Undvika cookies<\/h4><p>F\u00f6r att undvika cookies helt och h\u00e5llet kan du konfigurera detta i din webbl\u00e4sares inst\u00e4llningar. Observera att webbplatsen kanske inte fungerar korrekt utan cookies. <\/p><h4 class=\"wp-block-heading\">R\u00e4tt att \u00e5terkalla samtycke<\/h4><p>Du kan n\u00e4r som helst \u00e5terkalla ditt samtycke genom att \u00f6ppna cookie-inst\u00e4llningarna. Du kan g\u00f6ra detta genom att klicka p\u00e5 Hantera samtycke i det nedre h\u00f6gra h\u00f6rnet. <\/p><h4 class=\"wp-block-heading\">Data\u00f6verf\u00f6ring<\/h4><p>En del av den information vi samlar in kan \u00f6verf\u00f6ras till och lagras p\u00e5 en destination utanf\u00f6r Europeiska ekonomiska samarbetsomr\u00e5det (EES). Genom att anv\u00e4nda webbplatsen samtycker du till denna \u00f6verf\u00f6ring. Vi kommer att vidta alla rimliga \u00e5tg\u00e4rder som kr\u00e4vs f\u00f6r att s\u00e4kerst\u00e4lla att all data hanteras s\u00e4kert och i enlighet med g\u00e4llande lagar och f\u00f6rordningar.  <\/p><h4 class=\"wp-block-heading\">Klagom\u00e5l<\/h4><p>Om du anser att vi inte anv\u00e4nder cookies p\u00e5 r\u00e4tt s\u00e4tt i enlighet med denna cookiepolicy eller till\u00e4mpliga dataskyddslagar har du r\u00e4tt att l\u00e4mna in ett klagom\u00e5l till relevant dataskyddsmyndighet.<\/p><h4 class=\"wp-block-heading\">\u00c4ndringar i denna cookiepolicy<\/h4><p>Vi kan komma att uppdatera v\u00e5r cookiepolicy fr\u00e5n tid till annan. Vi kommer att meddela dig om eventuella \u00e4ndringar genom att publicera den nya cookiepolicyn p\u00e5 den h\u00e4r sidan. <\/p><h4 class=\"wp-block-heading\">Kontakta oss<\/h4><p>Om du har n\u00e5gra fr\u00e5gor om denna cookiepolicy \u00e4r du v\u00e4lkommen <a href=\"https:\/\/novadream.se\/sv\/kontakta-oss\/\">att kontakta oss<\/a>.<\/p><p><\/p>","protected":false},"excerpt":{"rendered":"<p>Senaste uppdatering: 24 januari 2025 Denna cookiepolicy beskriver hur Nova Worldwide AB (&#8221;vi&#8221;, &#8221;v\u00e5r&#8221; eller &#8221;oss&#8221;) anv\u00e4nder cookies n\u00e4r du bes\u00f6ker v\u00e5r webbplats [www.novadream.se] (&#8221;Webbplatsen&#8221;). L\u00e4s denna cookiepolicy noggrant innan du anv\u00e4nder webbplatsen. Genom att anv\u00e4nda webbplatsen samtycker du till de metoder som beskrivs i denna cookiepolicy. Vad \u00e4r cookies? Cookies \u00e4r sm\u00e5 textfiler som [&hellip;]<\/p>\n","protected":false},"author":8,"featured_media":0,"parent":0,"menu_order":0,"comment_status":"closed","ping_status":"closed","template":"page-text.php","meta":{"_acf_changed":false,"footnotes":""},"class_list":["post-1476","page","type-page","status-publish","hentry"],"acf":[],"yoast_head":"<!-- This site is optimized with the Yoast SEO plugin v25.0 - https:\/\/yoast.com\/wordpress\/plugins\/seo\/ -->\n<title>Policy f\u00f6r cookies - Nova Dreams<\/title>\n<meta name=\"robots\" content=\"index, follow, max-snippet:-1, max-image-preview:large, max-video-preview:-1\" \/>\n<link rel=\"canonical\" href=\"https:\/\/novadream.se\/sv\/policy-for-cookies\/\" \/>\n<meta property=\"og:locale\" content=\"sv_SE\" \/>\n<meta property=\"og:type\" content=\"article\" \/>\n<meta property=\"og:title\" content=\"Policy f\u00f6r cookies - Nova Dreams\" \/>\n<meta property=\"og:description\" content=\"Senaste uppdatering: 24 januari 2025 Denna cookiepolicy beskriver hur Nova Worldwide AB (&#8221;vi&#8221;, &#8221;v\u00e5r&#8221; eller &#8221;oss&#8221;) anv\u00e4nder cookies n\u00e4r du bes\u00f6ker v\u00e5r webbplats [www.novadream.se] (&#8221;Webbplatsen&#8221;). L\u00e4s denna cookiepolicy noggrant innan du anv\u00e4nder webbplatsen. Genom att anv\u00e4nda webbplatsen samtycker du till de metoder som beskrivs i denna cookiepolicy. Vad \u00e4r cookies? Cookies \u00e4r sm\u00e5 textfiler som [&hellip;]\" \/>\n<meta property=\"og:url\" content=\"https:\/\/novadream.se\/sv\/policy-for-cookies\/\" \/>\n<meta property=\"og:site_name\" content=\"Nova Dreams\" \/>\n<meta property=\"article:modified_time\" content=\"2025-02-11T10:25:38+00:00\" \/>\n<meta property=\"og:image\" content=\"https:\/\/novadream.se\/wp-content\/uploads\/2023\/12\/cropped-logo.jpg\" \/>\n\t<meta property=\"og:image:width\" content=\"1599\" \/>\n\t<meta property=\"og:image:height\" content=\"710\" \/>\n\t<meta property=\"og:image:type\" content=\"image\/jpeg\" \/>\n<meta name=\"twitter:card\" content=\"summary_large_image\" \/>\n<meta name=\"twitter:label1\" content=\"Ber\u00e4knad l\u00e4stid\" \/>\n\t<meta name=\"twitter:data1\" content=\"3 minuter\" \/>\n<script type=\"application\/ld+json\" class=\"yoast-schema-graph\">{\"@context\":\"https:\/\/schema.org\",\"@graph\":[{\"@type\":\"WebPage\",\"@id\":\"https:\/\/novadream.se\/sv\/policy-for-cookies\/\",\"url\":\"https:\/\/novadream.se\/sv\/policy-for-cookies\/\",\"name\":\"Policy f\u00f6r cookies - Nova Dreams\",\"isPartOf\":{\"@id\":\"https:\/\/novadream.se\/sv\/#website\"},\"datePublished\":\"2025-01-24T14:17:23+00:00\",\"dateModified\":\"2025-02-11T10:25:38+00:00\",\"breadcrumb\":{\"@id\":\"https:\/\/novadream.se\/sv\/policy-for-cookies\/#breadcrumb\"},\"inLanguage\":\"sv-SE\",\"potentialAction\":[{\"@type\":\"ReadAction\",\"target\":[\"https:\/\/novadream.se\/sv\/policy-for-cookies\/\"]}]},{\"@type\":\"BreadcrumbList\",\"@id\":\"https:\/\/novadream.se\/sv\/policy-for-cookies\/#breadcrumb\",\"itemListElement\":[{\"@type\":\"ListItem\",\"position\":1,\"name\":\"Home\",\"item\":\"https:\/\/novadream.se\/sv\/\"},{\"@type\":\"ListItem\",\"position\":2,\"name\":\"Policy f\u00f6r cookies\"}]},{\"@type\":\"WebSite\",\"@id\":\"https:\/\/novadream.se\/sv\/#website\",\"url\":\"https:\/\/novadream.se\/sv\/\",\"name\":\"Nova Dreams\",\"description\":\"\",\"publisher\":{\"@id\":\"https:\/\/novadream.se\/sv\/#organization\"},\"potentialAction\":[{\"@type\":\"SearchAction\",\"target\":{\"@type\":\"EntryPoint\",\"urlTemplate\":\"https:\/\/novadream.se\/sv\/?s={search_term_string}\"},\"query-input\":{\"@type\":\"PropertyValueSpecification\",\"valueRequired\":true,\"valueName\":\"search_term_string\"}}],\"inLanguage\":\"sv-SE\"},{\"@type\":\"Organization\",\"@id\":\"https:\/\/novadream.se\/sv\/#organization\",\"name\":\"Nova Worldwide AB\",\"url\":\"https:\/\/novadream.se\/sv\/\",\"logo\":{\"@type\":\"ImageObject\",\"inLanguage\":\"sv-SE\",\"@id\":\"https:\/\/novadream.se\/sv\/#\/schema\/logo\/image\/\",\"url\":\"https:\/\/novadream.se\/wp-content\/uploads\/2025\/05\/nova-white-logo-e1747034077978.png\",\"contentUrl\":\"https:\/\/novadream.se\/wp-content\/uploads\/2025\/05\/nova-white-logo-e1747034077978.png\",\"width\":244,\"height\":137,\"caption\":\"Nova Worldwide AB\"},\"image\":{\"@id\":\"https:\/\/novadream.se\/sv\/#\/schema\/logo\/image\/\"}}]}<\/script>\n<!-- \/ Yoast SEO plugin. -->","yoast_head_json":{"title":"Policy f\u00f6r cookies - Nova Dreams","robots":{"index":"index","follow":"follow","max-snippet":"max-snippet:-1","max-image-preview":"max-image-preview:large","max-video-preview":"max-video-preview:-1"},"canonical":"https:\/\/novadream.se\/sv\/policy-for-cookies\/","og_locale":"sv_SE","og_type":"article","og_title":"Policy f\u00f6r cookies - Nova Dreams","og_description":"Senaste uppdatering: 24 januari 2025 Denna cookiepolicy beskriver hur Nova Worldwide AB (&#8221;vi&#8221;, &#8221;v\u00e5r&#8221; eller &#8221;oss&#8221;) anv\u00e4nder cookies n\u00e4r du bes\u00f6ker v\u00e5r webbplats [www.novadream.se] (&#8221;Webbplatsen&#8221;). L\u00e4s denna cookiepolicy noggrant innan du anv\u00e4nder webbplatsen. Genom att anv\u00e4nda webbplatsen samtycker du till de metoder som beskrivs i denna cookiepolicy. Vad \u00e4r cookies? Cookies \u00e4r sm\u00e5 textfiler som [&hellip;]","og_url":"https:\/\/novadream.se\/sv\/policy-for-cookies\/","og_site_name":"Nova Dreams","article_modified_time":"2025-02-11T10:25:38+00:00","og_image":[{"width":1599,"height":710,"url":"https:\/\/novadream.se\/wp-content\/uploads\/2023\/12\/cropped-logo.jpg","type":"image\/jpeg"}],"twitter_card":"summary_large_image","twitter_misc":{"Ber\u00e4knad l\u00e4stid":"3 minuter"},"schema":{"@context":"https:\/\/schema.org","@graph":[{"@type":"WebPage","@id":"https:\/\/novadream.se\/sv\/policy-for-cookies\/","url":"https:\/\/novadream.se\/sv\/policy-for-cookies\/","name":"Policy f\u00f6r cookies - Nova Dreams","isPartOf":{"@id":"https:\/\/novadream.se\/sv\/#website"},"datePublished":"2025-01-24T14:17:23+00:00","dateModified":"2025-02-11T10:25:38+00:00","breadcrumb":{"@id":"https:\/\/novadream.se\/sv\/policy-for-cookies\/#breadcrumb"},"inLanguage":"sv-SE","potentialAction":[{"@type":"ReadAction","target":["https:\/\/novadream.se\/sv\/policy-for-cookies\/"]}]},{"@type":"BreadcrumbList","@id":"https:\/\/novadream.se\/sv\/policy-for-cookies\/#breadcrumb","itemListElement":[{"@type":"ListItem","position":1,"name":"Home","item":"https:\/\/novadream.se\/sv\/"},{"@type":"ListItem","position":2,"name":"Policy f\u00f6r cookies"}]},{"@type":"WebSite","@id":"https:\/\/novadream.se\/sv\/#website","url":"https:\/\/novadream.se\/sv\/","name":"Nova Dreams","description":"","publisher":{"@id":"https:\/\/novadream.se\/sv\/#organization"},"potentialAction":[{"@type":"SearchAction","target":{"@type":"EntryPoint","urlTemplate":"https:\/\/novadream.se\/sv\/?s={search_term_string}"},"query-input":{"@type":"PropertyValueSpecification","valueRequired":true,"valueName":"search_term_string"}}],"inLanguage":"sv-SE"},{"@type":"Organization","@id":"https:\/\/novadream.se\/sv\/#organization","name":"Nova Worldwide AB","url":"https:\/\/novadream.se\/sv\/","logo":{"@type":"ImageObject","inLanguage":"sv-SE","@id":"https:\/\/novadream.se\/sv\/#\/schema\/logo\/image\/","url":"https:\/\/novadream.se\/wp-content\/uploads\/2025\/05\/nova-white-logo-e1747034077978.png","contentUrl":"https:\/\/novadream.se\/wp-content\/uploads\/2025\/05\/nova-white-logo-e1747034077978.png","width":244,"height":137,"caption":"Nova Worldwide AB"},"image":{"@id":"https:\/\/novadream.se\/sv\/#\/schema\/logo\/image\/"}}]}},"_links":{"self":[{"href":"https:\/\/novadream.se\/sv\/wp-json\/wp\/v2\/pages\/1476","targetHints":{"allow":["GET"]}}],"collection":[{"href":"https:\/\/novadream.se\/sv\/wp-json\/wp\/v2\/pages"}],"about":[{"href":"https:\/\/novadream.se\/sv\/wp-json\/wp\/v2\/types\/page"}],"author":[{"embeddable":true,"href":"https:\/\/novadream.se\/sv\/wp-json\/wp\/v2\/users\/8"}],"replies":[{"embeddable":true,"href":"https:\/\/novadream.se\/sv\/wp-json\/wp\/v2\/comments?post=1476"}],"version-history":[{"count":3,"href":"https:\/\/novadream.se\/sv\/wp-json\/wp\/v2\/pages\/1476\/revisions"}],"predecessor-version":[{"id":1575,"href":"https:\/\/novadream.se\/sv\/wp-json\/wp\/v2\/pages\/1476\/revisions\/1575"}],"wp:attachment":[{"href":"https:\/\/novadream.se\/sv\/wp-json\/wp\/v2\/media?parent=1476"}],"curies":[{"name":"wp","href":"https:\/\/api.w.org\/{rel}","templated":true}]}}