{"id":1899,"date":"2025-05-12T18:55:22","date_gmt":"2025-05-12T18:55:22","guid":{"rendered":"https:\/\/novadream.se\/?page_id=1899"},"modified":"2025-05-23T11:33:01","modified_gmt":"2025-05-23T11:33:01","slug":"home","status":"publish","type":"page","link":"https:\/\/novadream.se\/sv\/","title":{"rendered":"Ny startsida"},"content":{"rendered":"<style>\n   .section-hero {\n       height: calc(100vh - 14.7rem);\n       width: 100%;\n       padding: 0 25px;\n       display: flex;\n       justify-content: center;\n       align-items: center;\n   }\n   \n   .section-hero__overlay {\n        position: absolute;\n        top: 0; left: 0;\n        width: 100%;\n        height: 100%;\n        background: linear-gradient(to top, rgba(0, 0, 0, 0) 0%, rgba(0, 0, 0, 1) 100%);\n        z-index: 0;\n    }\n    \n    .section-hero__fallback_bg {\n        position: absolute;\n        top: 0; left: 0;\n        width: 100%;\n        height: 100%;\n        z-index: -1;\n        overflow: hidden;\n        background-size: cover;\n        background-position: center;\n    }\n   \n   \n   .section-hero__video {\n        position: absolute;\n        top: 0; left: 0;\n        width: 100%;\n        height: 100%;\n        object-fit: cover;\n        z-index: -1;\n    }\n   \n   .section-hero__content {\n       padding: 200px 0 150px 0;\n       display: flex;\n       justify-content: space-between;\n       align-items: center;\n       flex-direction: column;\n       height: 100%;\n       color: white;\n       z-index: 1;\n   }\n   \n   .section-hero__content h1 {\n       font-family: \"Quicksand\", Sans-serif;\n       font-size: 40px;\n       font-weight: 500;\n   }\n   .section-hero__content h2 {\n       margin-top: 15px;\n       font-family: \"Quicksand\", Sans-serif;\n       font-size: 36px;\n       font-weight: 300;\n       line-height: normal;\n   }\n   \n   .section-hero__content a {\n       border: none;\n       background: transparent;\n       font-family: \"Montserrat\";\n       font-size: 27px;\n       font-weight: 600;\n       \/*text-decoration: underline;*\/\n       color: white;\n   }\n   \n   @media(max-width: 769px) {\n        .section-hero {\n            height: calc(100vh - 7.7rem);\n        } \n        \n        .section-hero__content h1 {\n           font-size: 36px;\n       }\n       .section-hero__content h2 {\n           font-size: 32px;\n       }\n       \n       .section-hero__content a {\n           font-size: 24px;\n       }\n   }\n   \n   @media(max-width: 500px) {\n        .section-hero__content h1 {\n           font-size: 28px;\n       }\n       .section-hero__content h2 {\n           font-size: 26px;\n       }\n       \n       .section-hero__content a {\n           font-size: 20px;\n       }\n   }\n   \n   @media(max-width: 430px) {\n        .section-hero__content {\n            padding: 180px 0 120px 0;\n        }\n   }\n   \n   @media(max-width: 380px) {\n        .section-hero__content {\n            padding: 140px 0 100px 0;\n        }\n        .section-hero__content h1 {\n           font-size: 26px;\n       }\n       .section-hero__content h2 {\n           font-size: 24px;\n       }\n       \n       .section-hero__content a {\n           font-size: 18px;\n       }\n   }\n<\/style>\n<section class=\"section-hero\">\n    <div class=\"section-hero__overlay\"><\/div>\n    <div class=\"section-hero__fallback_bg\" style=\"background-image: url('https:\/\/novadream.se\/wp-content\/uploads\/2025\/05\/hero-fallback-img-scaled-e1746789607503.webp');\"><\/div>\n            <video class=\"section-hero__video\" autoplay muted loop playsinline preload=\"auto\">\n            <source src=\"https:\/\/novadream.se\/wp-content\/uploads\/2025\/05\/hero-video.webm\" type=\"\">\n        <\/video>\n        \n    <div class=\"section-hero__content\">\n        <a style=\"text-decoration: none;\" href=\"https:\/\/novadream.se\/sv\/shop\/\"><div class=\"section-hero__title\">\n            <h1>EXKLUSIVA S\u00c4NGKL\u00c4DER            <\/h1>\n            <h2>Sov i o\u00f6vertr\u00e4ffad komfort<\/h2>\n        <\/div><\/a>\n                    <a href=\"https:\/\/novadream.se\/sv\/shop\/\"\n                title=\"V\u00e4lkommen in i butiken\"\n            >V\u00e4lkommen in i butiken<\/a>\n            <\/div>\n<\/section><p><\/p>","protected":false},"excerpt":{"rendered":"","protected":false},"author":8,"featured_media":0,"parent":0,"menu_order":0,"comment_status":"closed","ping_status":"closed","template":"page-new-startpage.php","meta":{"_acf_changed":false,"footnotes":""},"class_list":["post-1899","page","type-page","status-publish","hentry"],"acf":[],"yoast_head":"<!-- This site is optimized with the Yoast SEO plugin v25.0 - https:\/\/yoast.com\/wordpress\/plugins\/seo\/ -->\n<title>Lyxiga s\u00e4ngkl\u00e4der - Nova Dreams<\/title>\n<meta name=\"description\" content=\"Nova Dreams erbjuder exklusiva s\u00e4ngkl\u00e4der tillverkade av det finaste italienska satinlinnet.\" \/>\n<meta name=\"robots\" content=\"index, follow, max-snippet:-1, max-image-preview:large, max-video-preview:-1\" \/>\n<link rel=\"canonical\" href=\"https:\/\/novadream.se\/sv\/\" \/>\n<meta property=\"og:locale\" content=\"sv_SE\" \/>\n<meta property=\"og:type\" content=\"article\" \/>\n<meta property=\"og:title\" content=\"Lyxiga s\u00e4ngkl\u00e4der - Nova Dreams\" \/>\n<meta property=\"og:description\" content=\"Nova Dreams erbjuder exklusiva s\u00e4ngkl\u00e4der tillverkade av det finaste italienska satinlinnet.\" \/>\n<meta property=\"og:url\" content=\"https:\/\/novadream.se\/sv\/\" \/>\n<meta property=\"og:site_name\" content=\"Nova Dreams\" \/>\n<meta property=\"article:modified_time\" content=\"2025-05-23T11:33:01+00:00\" \/>\n<meta property=\"og:image\" content=\"https:\/\/novadream.se\/wp-content\/uploads\/2023\/12\/cropped-logo.jpg\" \/>\n\t<meta property=\"og:image:width\" content=\"1599\" \/>\n\t<meta property=\"og:image:height\" content=\"710\" \/>\n\t<meta property=\"og:image:type\" content=\"image\/jpeg\" \/>\n<meta name=\"twitter:card\" content=\"summary_large_image\" \/>\n<script type=\"application\/ld+json\" class=\"yoast-schema-graph\">{\"@context\":\"https:\/\/schema.org\",\"@graph\":[{\"@type\":\"WebPage\",\"@id\":\"https:\/\/novadream.se\/sv\/\",\"url\":\"https:\/\/novadream.se\/sv\/\",\"name\":\"Lyxiga s\u00e4ngkl\u00e4der - Nova Dreams\",\"isPartOf\":{\"@id\":\"https:\/\/novadream.se\/sv\/#website\"},\"datePublished\":\"2025-05-12T18:55:22+00:00\",\"dateModified\":\"2025-05-23T11:33:01+00:00\",\"description\":\"Nova Dreams erbjuder exklusiva s\u00e4ngkl\u00e4der tillverkade av det finaste italienska satinlinnet.\",\"breadcrumb\":{\"@id\":\"https:\/\/novadream.se\/sv\/#breadcrumb\"},\"inLanguage\":\"sv-SE\",\"potentialAction\":[{\"@type\":\"ReadAction\",\"target\":[\"https:\/\/novadream.se\/sv\/\"]}]},{\"@type\":\"BreadcrumbList\",\"@id\":\"https:\/\/novadream.se\/sv\/#breadcrumb\",\"itemListElement\":[{\"@type\":\"ListItem\",\"position\":1,\"name\":\"Home\",\"item\":\"https:\/\/novadream.se\/sv\/\"},{\"@type\":\"ListItem\",\"position\":2,\"name\":\"Ny startsida\"}]},{\"@type\":\"WebSite\",\"@id\":\"https:\/\/novadream.se\/sv\/#website\",\"url\":\"https:\/\/novadream.se\/sv\/\",\"name\":\"Nova Dreams\",\"description\":\"\",\"publisher\":{\"@id\":\"https:\/\/novadream.se\/sv\/#organization\"},\"potentialAction\":[{\"@type\":\"SearchAction\",\"target\":{\"@type\":\"EntryPoint\",\"urlTemplate\":\"https:\/\/novadream.se\/sv\/?s={search_term_string}\"},\"query-input\":{\"@type\":\"PropertyValueSpecification\",\"valueRequired\":true,\"valueName\":\"search_term_string\"}}],\"inLanguage\":\"sv-SE\"},{\"@type\":\"Organization\",\"@id\":\"https:\/\/novadream.se\/sv\/#organization\",\"name\":\"Nova Worldwide AB\",\"url\":\"https:\/\/novadream.se\/sv\/\",\"logo\":{\"@type\":\"ImageObject\",\"inLanguage\":\"sv-SE\",\"@id\":\"https:\/\/novadream.se\/sv\/#\/schema\/logo\/image\/\",\"url\":\"https:\/\/novadream.se\/wp-content\/uploads\/2025\/05\/nova-white-logo-e1747034077978.png\",\"contentUrl\":\"https:\/\/novadream.se\/wp-content\/uploads\/2025\/05\/nova-white-logo-e1747034077978.png\",\"width\":244,\"height\":137,\"caption\":\"Nova Worldwide AB\"},\"image\":{\"@id\":\"https:\/\/novadream.se\/sv\/#\/schema\/logo\/image\/\"}}]}<\/script>\n<!-- \/ Yoast SEO plugin. -->","yoast_head_json":{"title":"Lyxiga s\u00e4ngkl\u00e4der - Nova Dreams","description":"Nova Dreams erbjuder exklusiva s\u00e4ngkl\u00e4der tillverkade av det finaste italienska satinlinnet.","robots":{"index":"index","follow":"follow","max-snippet":"max-snippet:-1","max-image-preview":"max-image-preview:large","max-video-preview":"max-video-preview:-1"},"canonical":"https:\/\/novadream.se\/sv\/","og_locale":"sv_SE","og_type":"article","og_title":"Lyxiga s\u00e4ngkl\u00e4der - Nova Dreams","og_description":"Nova Dreams erbjuder exklusiva s\u00e4ngkl\u00e4der tillverkade av det finaste italienska satinlinnet.","og_url":"https:\/\/novadream.se\/sv\/","og_site_name":"Nova Dreams","article_modified_time":"2025-05-23T11:33:01+00:00","og_image":[{"width":1599,"height":710,"url":"https:\/\/novadream.se\/wp-content\/uploads\/2023\/12\/cropped-logo.jpg","type":"image\/jpeg"}],"twitter_card":"summary_large_image","schema":{"@context":"https:\/\/schema.org","@graph":[{"@type":"WebPage","@id":"https:\/\/novadream.se\/sv\/","url":"https:\/\/novadream.se\/sv\/","name":"Lyxiga s\u00e4ngkl\u00e4der - Nova Dreams","isPartOf":{"@id":"https:\/\/novadream.se\/sv\/#website"},"datePublished":"2025-05-12T18:55:22+00:00","dateModified":"2025-05-23T11:33:01+00:00","description":"Nova Dreams erbjuder exklusiva s\u00e4ngkl\u00e4der tillverkade av det finaste italienska satinlinnet.","breadcrumb":{"@id":"https:\/\/novadream.se\/sv\/#breadcrumb"},"inLanguage":"sv-SE","potentialAction":[{"@type":"ReadAction","target":["https:\/\/novadream.se\/sv\/"]}]},{"@type":"BreadcrumbList","@id":"https:\/\/novadream.se\/sv\/#breadcrumb","itemListElement":[{"@type":"ListItem","position":1,"name":"Home","item":"https:\/\/novadream.se\/sv\/"},{"@type":"ListItem","position":2,"name":"Ny startsida"}]},{"@type":"WebSite","@id":"https:\/\/novadream.se\/sv\/#website","url":"https:\/\/novadream.se\/sv\/","name":"Nova Dreams","description":"","publisher":{"@id":"https:\/\/novadream.se\/sv\/#organization"},"potentialAction":[{"@type":"SearchAction","target":{"@type":"EntryPoint","urlTemplate":"https:\/\/novadream.se\/sv\/?s={search_term_string}"},"query-input":{"@type":"PropertyValueSpecification","valueRequired":true,"valueName":"search_term_string"}}],"inLanguage":"sv-SE"},{"@type":"Organization","@id":"https:\/\/novadream.se\/sv\/#organization","name":"Nova Worldwide AB","url":"https:\/\/novadream.se\/sv\/","logo":{"@type":"ImageObject","inLanguage":"sv-SE","@id":"https:\/\/novadream.se\/sv\/#\/schema\/logo\/image\/","url":"https:\/\/novadream.se\/wp-content\/uploads\/2025\/05\/nova-white-logo-e1747034077978.png","contentUrl":"https:\/\/novadream.se\/wp-content\/uploads\/2025\/05\/nova-white-logo-e1747034077978.png","width":244,"height":137,"caption":"Nova Worldwide AB"},"image":{"@id":"https:\/\/novadream.se\/sv\/#\/schema\/logo\/image\/"}}]}},"_links":{"self":[{"href":"https:\/\/novadream.se\/sv\/wp-json\/wp\/v2\/pages\/1899","targetHints":{"allow":["GET"]}}],"collection":[{"href":"https:\/\/novadream.se\/sv\/wp-json\/wp\/v2\/pages"}],"about":[{"href":"https:\/\/novadream.se\/sv\/wp-json\/wp\/v2\/types\/page"}],"author":[{"embeddable":true,"href":"https:\/\/novadream.se\/sv\/wp-json\/wp\/v2\/users\/8"}],"replies":[{"embeddable":true,"href":"https:\/\/novadream.se\/sv\/wp-json\/wp\/v2\/comments?post=1899"}],"version-history":[{"count":4,"href":"https:\/\/novadream.se\/sv\/wp-json\/wp\/v2\/pages\/1899\/revisions"}],"predecessor-version":[{"id":1947,"href":"https:\/\/novadream.se\/sv\/wp-json\/wp\/v2\/pages\/1899\/revisions\/1947"}],"wp:attachment":[{"href":"https:\/\/novadream.se\/sv\/wp-json\/wp\/v2\/media?parent=1899"}],"curies":[{"name":"wp","href":"https:\/\/api.w.org\/{rel}","templated":true}]}}