{"id":1925,"date":"2025-05-12T18:52:42","date_gmt":"2025-05-12T18:52:42","guid":{"rendered":"https:\/\/novadream.se\/?page_id=1925"},"modified":"2025-05-12T18:52:44","modified_gmt":"2025-05-12T18:52:44","slug":"var-historia","status":"publish","type":"page","link":"https:\/\/novadream.se\/sv\/var-historia\/","title":{"rendered":"V\u00e5r historia"},"content":{"rendered":"<h1 class=\"wp-block-heading has-text-align-center\">V\u00e5r historia<\/h1><div class=\"wp-block-columns are-vertically-aligned-center container intro-text-section is-layout-flex wp-container-core-columns-is-layout-9d6595d7 wp-block-columns-is-layout-flex\"><div class=\"wp-block-column is-vertically-aligned-center is-layout-flow wp-block-column-is-layout-flow\" style=\"flex-basis:61%\"><p>Vi inbjuder dig att uppt\u00e4cka v\u00e5r dr\u00f6mkollektion av s\u00e4ngkl\u00e4der som kommer att g\u00f6ra din s\u00f6mn till en extraordin\u00e4r upplevelse. De lyxiga materialen av h\u00f6gsta kvalitet \u00e4r tillverkade i Italien av Martinelli som endast anv\u00e4nder den finaste egyptiska bomullen och siden fr\u00e5n Fj\u00e4rran \u00d6stern f\u00f6r att skapa det vackraste satinlinnet i v\u00e4rlden. <\/p><\/div>\n\n<div class=\"wp-block-column is-vertically-aligned-center is-layout-flow wp-block-column-is-layout-flow\" style=\"flex-basis:39%\"><figure class=\"wp-block-image size-large\"><a href=\"https:\/\/www.martinelliginettogroup.it\/en\/home\/brands\/martinelli-ginetto.html\" target=\"_blank\"><img decoding=\"async\" src=\"https:\/\/novadream.se\/wp-content\/uploads\/2025\/03\/Logo_MartinelliGinettoItaly_RGB_Compatto_2-768x663.webp\" alt=\"\" class=\"wp-image-1625\"\/><\/a><\/figure><\/div><\/div><section id=\"our-story\" class=\"s-story\">\n    <div class=\"container\">\n        <div class=\"section-title\">\n            <h2><\/h2>\n            <h3><\/h3>\n        <\/div>\n        <div class=\"row\">\n            <div class=\"s-story__text\">\n                <p>N\u00e4r vi b\u00f6rjade arbeta med kollektionen <b>Nova Dreams<\/b> fokuserade vi p\u00e5 v\u00e5r k\u00e4rlek till design. Denna passion ledde oss till n\u00e5got speciellt, och vi uppskattade varje \u00f6gonblick av v\u00e5r kreativa resa till Milano, d\u00e4r vi bes\u00f6kte textilfabriken &#8211; en plats fylld av magi och tradition. <\/p>\n<p>Inspirerade av de fascinerande tygerna f\u00f6rest\u00e4llde vi oss en ny satsning i samarbete med ett v\u00e4l erfaret team av proffs i Ukraina som tillhandah\u00e5ller h\u00f6gkvalitativa plagg till de b\u00e4sta <b>5-stj\u00e4rniga hotellen.<\/b><\/p>\n<p>Tanken var att skapa en s\u00e4ngkl\u00e4deskollektion som f\u00f6rkroppsligar de italienska tygernas sofistikering i v\u00e5r dr\u00f6mda design.<\/p>\n<p><b>Nova Dreams<\/b> s\u00e4ngkl\u00e4deskollektion \u00e4r ett \u00e4ktenskap mellan tv\u00e5 v\u00e4rldar &#8211; en fusion av italiensk lyx och svensk diskret elegans.<\/p>\n            <\/div>\n            <div class=\"s-story__photo\">\n                <img decoding=\"async\" src=\"https:\/\/novadream.se\/wp-content\/uploads\/2025\/05\/20210703_172659_IMG_2243-e1747039380597.jpg\" alt=\"20210703_172659_IMG_2243\" \/>\n                <div class=\"s-story__testimonial\">\n                    <div class=\"s-story__quote_wrap\">\n                        <span class=\"quote\">Med v\u00e4nliga h\u00e4lsningar,<\/span>\n                    <\/div>\n                    <span class=\"author\">Iryna Korenkova  Christer Johansson<\/span>\n                <\/div>\n            <\/div>\n        <\/div>\n    <\/div>\n<\/section>","protected":false},"excerpt":{"rendered":"<p>V\u00e5r historia Vi inbjuder dig att uppt\u00e4cka v\u00e5r dr\u00f6mkollektion av s\u00e4ngkl\u00e4der som kommer att g\u00f6ra din s\u00f6mn till en extraordin\u00e4r upplevelse. De lyxiga materialen av h\u00f6gsta kvalitet \u00e4r tillverkade i Italien av Martinelli som endast anv\u00e4nder den finaste egyptiska bomullen och siden fr\u00e5n Fj\u00e4rran \u00d6stern f\u00f6r att skapa det vackraste satinlinnet i v\u00e4rlden.<\/p>\n","protected":false},"author":8,"featured_media":0,"parent":0,"menu_order":0,"comment_status":"closed","ping_status":"closed","template":"page-our-story.php","meta":{"_acf_changed":false,"footnotes":""},"class_list":["post-1925","page","type-page","status-publish","hentry"],"acf":[],"yoast_head":"<!-- This site is optimized with the Yoast SEO plugin v25.0 - https:\/\/yoast.com\/wordpress\/plugins\/seo\/ -->\n<title>V\u00e5r historia - Nova Dreams<\/title>\n<meta name=\"robots\" content=\"index, follow, max-snippet:-1, max-image-preview:large, max-video-preview:-1\" \/>\n<link rel=\"canonical\" href=\"https:\/\/novadream.se\/sv\/var-historia\/\" \/>\n<meta property=\"og:locale\" content=\"sv_SE\" \/>\n<meta property=\"og:type\" content=\"article\" \/>\n<meta property=\"og:title\" content=\"V\u00e5r historia - Nova Dreams\" \/>\n<meta property=\"og:description\" content=\"V\u00e5r historia Vi inbjuder dig att uppt\u00e4cka v\u00e5r dr\u00f6mkollektion av s\u00e4ngkl\u00e4der som kommer att g\u00f6ra din s\u00f6mn till en extraordin\u00e4r upplevelse. De lyxiga materialen av h\u00f6gsta kvalitet \u00e4r tillverkade i Italien av Martinelli som endast anv\u00e4nder den finaste egyptiska bomullen och siden fr\u00e5n Fj\u00e4rran \u00d6stern f\u00f6r att skapa det vackraste satinlinnet i v\u00e4rlden.\" \/>\n<meta property=\"og:url\" content=\"https:\/\/novadream.se\/sv\/var-historia\/\" \/>\n<meta property=\"og:site_name\" content=\"Nova Dreams\" \/>\n<meta property=\"article:modified_time\" content=\"2025-05-12T18:52:44+00:00\" \/>\n<meta property=\"og:image\" content=\"https:\/\/novadream.se\/wp-content\/uploads\/2025\/02\/Logo_MartinelliGinettoItaly_RGB_Compatto_2.png\" \/>\n\t<meta property=\"og:image:width\" content=\"1663\" \/>\n\t<meta property=\"og:image:height\" content=\"1436\" \/>\n\t<meta property=\"og:image:type\" content=\"image\/png\" \/>\n<meta name=\"twitter:card\" content=\"summary_large_image\" \/>\n<script type=\"application\/ld+json\" class=\"yoast-schema-graph\">{\"@context\":\"https:\/\/schema.org\",\"@graph\":[{\"@type\":\"WebPage\",\"@id\":\"https:\/\/novadream.se\/sv\/var-historia\/\",\"url\":\"https:\/\/novadream.se\/sv\/var-historia\/\",\"name\":\"V\u00e5r historia - Nova Dreams\",\"isPartOf\":{\"@id\":\"https:\/\/novadream.se\/sv\/#website\"},\"primaryImageOfPage\":{\"@id\":\"https:\/\/novadream.se\/sv\/var-historia\/#primaryimage\"},\"image\":{\"@id\":\"https:\/\/novadream.se\/sv\/var-historia\/#primaryimage\"},\"thumbnailUrl\":\"https:\/\/novadream.se\/wp-content\/uploads\/2025\/03\/Logo_MartinelliGinettoItaly_RGB_Compatto_2-768x663.webp\",\"datePublished\":\"2025-05-12T18:52:42+00:00\",\"dateModified\":\"2025-05-12T18:52:44+00:00\",\"breadcrumb\":{\"@id\":\"https:\/\/novadream.se\/sv\/var-historia\/#breadcrumb\"},\"inLanguage\":\"sv-SE\",\"potentialAction\":[{\"@type\":\"ReadAction\",\"target\":[\"https:\/\/novadream.se\/sv\/var-historia\/\"]}]},{\"@type\":\"ImageObject\",\"inLanguage\":\"sv-SE\",\"@id\":\"https:\/\/novadream.se\/sv\/var-historia\/#primaryimage\",\"url\":\"https:\/\/novadream.se\/wp-content\/uploads\/2025\/03\/Logo_MartinelliGinettoItaly_RGB_Compatto_2-768x663.webp\",\"contentUrl\":\"https:\/\/novadream.se\/wp-content\/uploads\/2025\/03\/Logo_MartinelliGinettoItaly_RGB_Compatto_2-768x663.webp\"},{\"@type\":\"BreadcrumbList\",\"@id\":\"https:\/\/novadream.se\/sv\/var-historia\/#breadcrumb\",\"itemListElement\":[{\"@type\":\"ListItem\",\"position\":1,\"name\":\"Home\",\"item\":\"https:\/\/novadream.se\/sv\/\"},{\"@type\":\"ListItem\",\"position\":2,\"name\":\"V\u00e5r historia\"}]},{\"@type\":\"WebSite\",\"@id\":\"https:\/\/novadream.se\/sv\/#website\",\"url\":\"https:\/\/novadream.se\/sv\/\",\"name\":\"Nova Dreams\",\"description\":\"\",\"publisher\":{\"@id\":\"https:\/\/novadream.se\/sv\/#organization\"},\"potentialAction\":[{\"@type\":\"SearchAction\",\"target\":{\"@type\":\"EntryPoint\",\"urlTemplate\":\"https:\/\/novadream.se\/sv\/?s={search_term_string}\"},\"query-input\":{\"@type\":\"PropertyValueSpecification\",\"valueRequired\":true,\"valueName\":\"search_term_string\"}}],\"inLanguage\":\"sv-SE\"},{\"@type\":\"Organization\",\"@id\":\"https:\/\/novadream.se\/sv\/#organization\",\"name\":\"Nova Worldwide AB\",\"url\":\"https:\/\/novadream.se\/sv\/\",\"logo\":{\"@type\":\"ImageObject\",\"inLanguage\":\"sv-SE\",\"@id\":\"https:\/\/novadream.se\/sv\/#\/schema\/logo\/image\/\",\"url\":\"https:\/\/novadream.se\/wp-content\/uploads\/2025\/05\/nova-white-logo-e1747034077978.png\",\"contentUrl\":\"https:\/\/novadream.se\/wp-content\/uploads\/2025\/05\/nova-white-logo-e1747034077978.png\",\"width\":244,\"height\":137,\"caption\":\"Nova Worldwide AB\"},\"image\":{\"@id\":\"https:\/\/novadream.se\/sv\/#\/schema\/logo\/image\/\"}}]}<\/script>\n<!-- \/ Yoast SEO plugin. -->","yoast_head_json":{"title":"V\u00e5r historia - Nova Dreams","robots":{"index":"index","follow":"follow","max-snippet":"max-snippet:-1","max-image-preview":"max-image-preview:large","max-video-preview":"max-video-preview:-1"},"canonical":"https:\/\/novadream.se\/sv\/var-historia\/","og_locale":"sv_SE","og_type":"article","og_title":"V\u00e5r historia - Nova Dreams","og_description":"V\u00e5r historia Vi inbjuder dig att uppt\u00e4cka v\u00e5r dr\u00f6mkollektion av s\u00e4ngkl\u00e4der som kommer att g\u00f6ra din s\u00f6mn till en extraordin\u00e4r upplevelse. De lyxiga materialen av h\u00f6gsta kvalitet \u00e4r tillverkade i Italien av Martinelli som endast anv\u00e4nder den finaste egyptiska bomullen och siden fr\u00e5n Fj\u00e4rran \u00d6stern f\u00f6r att skapa det vackraste satinlinnet i v\u00e4rlden.","og_url":"https:\/\/novadream.se\/sv\/var-historia\/","og_site_name":"Nova Dreams","article_modified_time":"2025-05-12T18:52:44+00:00","og_image":[{"width":1663,"height":1436,"url":"https:\/\/novadream.se\/wp-content\/uploads\/2025\/02\/Logo_MartinelliGinettoItaly_RGB_Compatto_2.png","type":"image\/png"}],"twitter_card":"summary_large_image","schema":{"@context":"https:\/\/schema.org","@graph":[{"@type":"WebPage","@id":"https:\/\/novadream.se\/sv\/var-historia\/","url":"https:\/\/novadream.se\/sv\/var-historia\/","name":"V\u00e5r historia - Nova Dreams","isPartOf":{"@id":"https:\/\/novadream.se\/sv\/#website"},"primaryImageOfPage":{"@id":"https:\/\/novadream.se\/sv\/var-historia\/#primaryimage"},"image":{"@id":"https:\/\/novadream.se\/sv\/var-historia\/#primaryimage"},"thumbnailUrl":"https:\/\/novadream.se\/wp-content\/uploads\/2025\/03\/Logo_MartinelliGinettoItaly_RGB_Compatto_2-768x663.webp","datePublished":"2025-05-12T18:52:42+00:00","dateModified":"2025-05-12T18:52:44+00:00","breadcrumb":{"@id":"https:\/\/novadream.se\/sv\/var-historia\/#breadcrumb"},"inLanguage":"sv-SE","potentialAction":[{"@type":"ReadAction","target":["https:\/\/novadream.se\/sv\/var-historia\/"]}]},{"@type":"ImageObject","inLanguage":"sv-SE","@id":"https:\/\/novadream.se\/sv\/var-historia\/#primaryimage","url":"https:\/\/novadream.se\/wp-content\/uploads\/2025\/03\/Logo_MartinelliGinettoItaly_RGB_Compatto_2-768x663.webp","contentUrl":"https:\/\/novadream.se\/wp-content\/uploads\/2025\/03\/Logo_MartinelliGinettoItaly_RGB_Compatto_2-768x663.webp"},{"@type":"BreadcrumbList","@id":"https:\/\/novadream.se\/sv\/var-historia\/#breadcrumb","itemListElement":[{"@type":"ListItem","position":1,"name":"Home","item":"https:\/\/novadream.se\/sv\/"},{"@type":"ListItem","position":2,"name":"V\u00e5r historia"}]},{"@type":"WebSite","@id":"https:\/\/novadream.se\/sv\/#website","url":"https:\/\/novadream.se\/sv\/","name":"Nova Dreams","description":"","publisher":{"@id":"https:\/\/novadream.se\/sv\/#organization"},"potentialAction":[{"@type":"SearchAction","target":{"@type":"EntryPoint","urlTemplate":"https:\/\/novadream.se\/sv\/?s={search_term_string}"},"query-input":{"@type":"PropertyValueSpecification","valueRequired":true,"valueName":"search_term_string"}}],"inLanguage":"sv-SE"},{"@type":"Organization","@id":"https:\/\/novadream.se\/sv\/#organization","name":"Nova Worldwide AB","url":"https:\/\/novadream.se\/sv\/","logo":{"@type":"ImageObject","inLanguage":"sv-SE","@id":"https:\/\/novadream.se\/sv\/#\/schema\/logo\/image\/","url":"https:\/\/novadream.se\/wp-content\/uploads\/2025\/05\/nova-white-logo-e1747034077978.png","contentUrl":"https:\/\/novadream.se\/wp-content\/uploads\/2025\/05\/nova-white-logo-e1747034077978.png","width":244,"height":137,"caption":"Nova Worldwide AB"},"image":{"@id":"https:\/\/novadream.se\/sv\/#\/schema\/logo\/image\/"}}]}},"_links":{"self":[{"href":"https:\/\/novadream.se\/sv\/wp-json\/wp\/v2\/pages\/1925","targetHints":{"allow":["GET"]}}],"collection":[{"href":"https:\/\/novadream.se\/sv\/wp-json\/wp\/v2\/pages"}],"about":[{"href":"https:\/\/novadream.se\/sv\/wp-json\/wp\/v2\/types\/page"}],"author":[{"embeddable":true,"href":"https:\/\/novadream.se\/sv\/wp-json\/wp\/v2\/users\/8"}],"replies":[{"embeddable":true,"href":"https:\/\/novadream.se\/sv\/wp-json\/wp\/v2\/comments?post=1925"}],"version-history":[{"count":1,"href":"https:\/\/novadream.se\/sv\/wp-json\/wp\/v2\/pages\/1925\/revisions"}],"predecessor-version":[{"id":1926,"href":"https:\/\/novadream.se\/sv\/wp-json\/wp\/v2\/pages\/1925\/revisions\/1926"}],"wp:attachment":[{"href":"https:\/\/novadream.se\/sv\/wp-json\/wp\/v2\/media?parent=1925"}],"curies":[{"name":"wp","href":"https:\/\/api.w.org\/{rel}","templated":true}]}}