{"id":1192,"date":"2024-03-19T20:47:57","date_gmt":"2024-03-19T20:47:57","guid":{"rendered":"https:\/\/novadream.se\/product\/brooklyn\/"},"modified":"2025-04-16T13:22:12","modified_gmt":"2025-04-16T13:22:12","slug":"brooklyn","status":"publish","type":"product","link":"https:\/\/novadream.se\/sv\/produkt\/brooklyn\/","title":{"rendered":"Brooklyn"},"content":{"rendered":"<p><span data-contrast=\"none\">Mycket snyggt \u00f6verkast av v\u00e4ndbart quiltat tyg med rutm\u00f6nster. Tygets sammans\u00e4ttning \u00e4r 74% bomull och 26% polyester. \u00d6verkastet \u00e4r l\u00e4tt i vikt, behagligt att ta p\u00e5 och dessutom l\u00e4ttsk\u00f6tt.  <\/span><br \/>\n          <span data-ccp-props=\"{\"201341983\":0,\"335557856\":16777215,\"335559739\":150,\"335559740\":259}\"> <\/span><\/p>\n<p>          <span data-contrast=\"none\">I v\u00e5r webbutik kan du v\u00e4lja kuddfodral fr\u00e5n samma kollektion och komplettera bilden av din s\u00e4ng.<\/span><br \/>\n          <span data-ccp-props=\"{\"201341983\":0,\"335557856\":16777215,\"335559739\":150,\"335559740\":259}\"> <\/span><\/p>\n","protected":false},"excerpt":{"rendered":"<p>          <span data-contrast=\"none\">Mycket snyggt \u00f6verkast av v\u00e4ndbart quiltat tyg med rutm\u00f6nster. Tygets sammans\u00e4ttning \u00e4r 74% bomull och 26% polyester. \u00d6verkastet \u00e4r l\u00e4tt i vikt, behagligt att ta p\u00e5 och dessutom l\u00e4ttsk\u00f6tt.  <\/span><br \/>\n          <span data-ccp-props=\"{\"201341983\":0,\"335557856\":16777215,\"335559739\":150,\"335559740\":259}\"> <\/span><\/p>\n<p>          <span data-contrast=\"none\">I v\u00e5r webbutik kan du v\u00e4lja kuddfodral fr\u00e5n samma kollektion och komplettera bilden av din s\u00e4ng.<\/span><br \/>\n          <span data-ccp-props=\"{\"201341983\":0,\"335557856\":16777215,\"335559739\":150,\"335559740\":259}\"> <\/span><\/p>\n","protected":false},"featured_media":1193,"comment_status":"open","ping_status":"closed","template":"","meta":{"_acf_changed":false},"product_brand":[],"product_cat":[64],"product_tag":[],"class_list":{"0":"post-1192","1":"product","2":"type-product","3":"status-publish","4":"has-post-thumbnail","6":"product_cat-home-decor-sv","8":"first","9":"instock","10":"taxable","11":"shipping-taxable","12":"purchasable","13":"product-type-woosg"},"acf":[],"yoast_head":"<!-- This site is optimized with the Yoast SEO plugin v25.0 - https:\/\/yoast.com\/wordpress\/plugins\/seo\/ -->\n<title>Brooklyn - Nova Dreams<\/title>\n<meta name=\"robots\" content=\"index, follow, max-snippet:-1, max-image-preview:large, max-video-preview:-1\" \/>\n<link rel=\"canonical\" href=\"https:\/\/novadream.se\/sv\/produkt\/brooklyn\/\" \/>\n<meta property=\"og:locale\" content=\"sv_SE\" \/>\n<meta property=\"og:type\" content=\"article\" \/>\n<meta property=\"og:title\" content=\"Brooklyn - Nova Dreams\" \/>\n<meta property=\"og:description\" content=\"Mycket snyggt \u00f6verkast av v\u00e4ndbart quiltat tyg med rutm\u00f6nster. Tygets sammans\u00e4ttning \u00e4r 74% bomull och 26% polyester. \u00d6verkastet \u00e4r l\u00e4tt i vikt, behagligt att ta p\u00e5 och dessutom l\u00e4ttsk\u00f6tt.                         I v\u00e5r webbutik kan du v\u00e4lja kuddfodral fr\u00e5n samma kollektion och komplettera bilden av din s\u00e4ng.\" \/>\n<meta property=\"og:url\" content=\"https:\/\/novadream.se\/sv\/produkt\/brooklyn\/\" \/>\n<meta property=\"og:site_name\" content=\"Nova Dreams\" \/>\n<meta property=\"article:modified_time\" content=\"2025-04-16T13:22:12+00:00\" \/>\n<meta property=\"og:image\" content=\"https:\/\/novadream.se\/wp-content\/uploads\/2024\/03\/Brooklyn-1-scaled.jpg\" \/>\n\t<meta property=\"og:image:width\" content=\"2026\" \/>\n\t<meta property=\"og:image:height\" content=\"2560\" \/>\n\t<meta property=\"og:image:type\" content=\"image\/jpeg\" \/>\n<meta name=\"twitter:card\" content=\"summary_large_image\" \/>\n<script type=\"application\/ld+json\" class=\"yoast-schema-graph\">{\"@context\":\"https:\/\/schema.org\",\"@graph\":[{\"@type\":\"WebPage\",\"@id\":\"https:\/\/novadream.se\/sv\/produkt\/brooklyn\/\",\"url\":\"https:\/\/novadream.se\/sv\/produkt\/brooklyn\/\",\"name\":\"Brooklyn - Nova Dreams\",\"isPartOf\":{\"@id\":\"https:\/\/novadream.se\/sv\/#website\"},\"primaryImageOfPage\":{\"@id\":\"https:\/\/novadream.se\/sv\/produkt\/brooklyn\/#primaryimage\"},\"image\":{\"@id\":\"https:\/\/novadream.se\/sv\/produkt\/brooklyn\/#primaryimage\"},\"thumbnailUrl\":\"https:\/\/novadream.se\/wp-content\/uploads\/2024\/03\/Brooklyn-1-scaled.jpg\",\"datePublished\":\"2024-03-19T20:47:57+00:00\",\"dateModified\":\"2025-04-16T13:22:12+00:00\",\"breadcrumb\":{\"@id\":\"https:\/\/novadream.se\/sv\/produkt\/brooklyn\/#breadcrumb\"},\"inLanguage\":\"sv-SE\",\"potentialAction\":[{\"@type\":\"ReadAction\",\"target\":[\"https:\/\/novadream.se\/sv\/produkt\/brooklyn\/\"]}]},{\"@type\":\"ImageObject\",\"inLanguage\":\"sv-SE\",\"@id\":\"https:\/\/novadream.se\/sv\/produkt\/brooklyn\/#primaryimage\",\"url\":\"https:\/\/novadream.se\/wp-content\/uploads\/2024\/03\/Brooklyn-1-scaled.jpg\",\"contentUrl\":\"https:\/\/novadream.se\/wp-content\/uploads\/2024\/03\/Brooklyn-1-scaled.jpg\",\"width\":2026,\"height\":2560},{\"@type\":\"BreadcrumbList\",\"@id\":\"https:\/\/novadream.se\/sv\/produkt\/brooklyn\/#breadcrumb\",\"itemListElement\":[{\"@type\":\"ListItem\",\"position\":1,\"name\":\"Home\",\"item\":\"https:\/\/novadream.se\/sv\/\"},{\"@type\":\"ListItem\",\"position\":2,\"name\":\"Butik\",\"item\":\"https:\/\/novadream.se\/butik\/\"},{\"@type\":\"ListItem\",\"position\":3,\"name\":\"Brooklyn\"}]},{\"@type\":\"WebSite\",\"@id\":\"https:\/\/novadream.se\/sv\/#website\",\"url\":\"https:\/\/novadream.se\/sv\/\",\"name\":\"Nova Dreams\",\"description\":\"\",\"publisher\":{\"@id\":\"https:\/\/novadream.se\/sv\/#organization\"},\"potentialAction\":[{\"@type\":\"SearchAction\",\"target\":{\"@type\":\"EntryPoint\",\"urlTemplate\":\"https:\/\/novadream.se\/sv\/?s={search_term_string}\"},\"query-input\":{\"@type\":\"PropertyValueSpecification\",\"valueRequired\":true,\"valueName\":\"search_term_string\"}}],\"inLanguage\":\"sv-SE\"},{\"@type\":\"Organization\",\"@id\":\"https:\/\/novadream.se\/sv\/#organization\",\"name\":\"Nova Worldwide AB\",\"url\":\"https:\/\/novadream.se\/sv\/\",\"logo\":{\"@type\":\"ImageObject\",\"inLanguage\":\"sv-SE\",\"@id\":\"https:\/\/novadream.se\/sv\/#\/schema\/logo\/image\/\",\"url\":\"https:\/\/novadream.se\/wp-content\/uploads\/2025\/05\/nova-white-logo-e1747034077978.png\",\"contentUrl\":\"https:\/\/novadream.se\/wp-content\/uploads\/2025\/05\/nova-white-logo-e1747034077978.png\",\"width\":244,\"height\":137,\"caption\":\"Nova Worldwide AB\"},\"image\":{\"@id\":\"https:\/\/novadream.se\/sv\/#\/schema\/logo\/image\/\"}}]}<\/script>\n<!-- \/ Yoast SEO plugin. -->","yoast_head_json":{"title":"Brooklyn - Nova Dreams","robots":{"index":"index","follow":"follow","max-snippet":"max-snippet:-1","max-image-preview":"max-image-preview:large","max-video-preview":"max-video-preview:-1"},"canonical":"https:\/\/novadream.se\/sv\/produkt\/brooklyn\/","og_locale":"sv_SE","og_type":"article","og_title":"Brooklyn - Nova Dreams","og_description":"Mycket snyggt \u00f6verkast av v\u00e4ndbart quiltat tyg med rutm\u00f6nster. Tygets sammans\u00e4ttning \u00e4r 74% bomull och 26% polyester. \u00d6verkastet \u00e4r l\u00e4tt i vikt, behagligt att ta p\u00e5 och dessutom l\u00e4ttsk\u00f6tt.                         I v\u00e5r webbutik kan du v\u00e4lja kuddfodral fr\u00e5n samma kollektion och komplettera bilden av din s\u00e4ng.","og_url":"https:\/\/novadream.se\/sv\/produkt\/brooklyn\/","og_site_name":"Nova Dreams","article_modified_time":"2025-04-16T13:22:12+00:00","og_image":[{"width":2026,"height":2560,"url":"https:\/\/novadream.se\/wp-content\/uploads\/2024\/03\/Brooklyn-1-scaled.jpg","type":"image\/jpeg"}],"twitter_card":"summary_large_image","schema":{"@context":"https:\/\/schema.org","@graph":[{"@type":"WebPage","@id":"https:\/\/novadream.se\/sv\/produkt\/brooklyn\/","url":"https:\/\/novadream.se\/sv\/produkt\/brooklyn\/","name":"Brooklyn - Nova Dreams","isPartOf":{"@id":"https:\/\/novadream.se\/sv\/#website"},"primaryImageOfPage":{"@id":"https:\/\/novadream.se\/sv\/produkt\/brooklyn\/#primaryimage"},"image":{"@id":"https:\/\/novadream.se\/sv\/produkt\/brooklyn\/#primaryimage"},"thumbnailUrl":"https:\/\/novadream.se\/wp-content\/uploads\/2024\/03\/Brooklyn-1-scaled.jpg","datePublished":"2024-03-19T20:47:57+00:00","dateModified":"2025-04-16T13:22:12+00:00","breadcrumb":{"@id":"https:\/\/novadream.se\/sv\/produkt\/brooklyn\/#breadcrumb"},"inLanguage":"sv-SE","potentialAction":[{"@type":"ReadAction","target":["https:\/\/novadream.se\/sv\/produkt\/brooklyn\/"]}]},{"@type":"ImageObject","inLanguage":"sv-SE","@id":"https:\/\/novadream.se\/sv\/produkt\/brooklyn\/#primaryimage","url":"https:\/\/novadream.se\/wp-content\/uploads\/2024\/03\/Brooklyn-1-scaled.jpg","contentUrl":"https:\/\/novadream.se\/wp-content\/uploads\/2024\/03\/Brooklyn-1-scaled.jpg","width":2026,"height":2560},{"@type":"BreadcrumbList","@id":"https:\/\/novadream.se\/sv\/produkt\/brooklyn\/#breadcrumb","itemListElement":[{"@type":"ListItem","position":1,"name":"Home","item":"https:\/\/novadream.se\/sv\/"},{"@type":"ListItem","position":2,"name":"Butik","item":"https:\/\/novadream.se\/butik\/"},{"@type":"ListItem","position":3,"name":"Brooklyn"}]},{"@type":"WebSite","@id":"https:\/\/novadream.se\/sv\/#website","url":"https:\/\/novadream.se\/sv\/","name":"Nova Dreams","description":"","publisher":{"@id":"https:\/\/novadream.se\/sv\/#organization"},"potentialAction":[{"@type":"SearchAction","target":{"@type":"EntryPoint","urlTemplate":"https:\/\/novadream.se\/sv\/?s={search_term_string}"},"query-input":{"@type":"PropertyValueSpecification","valueRequired":true,"valueName":"search_term_string"}}],"inLanguage":"sv-SE"},{"@type":"Organization","@id":"https:\/\/novadream.se\/sv\/#organization","name":"Nova Worldwide AB","url":"https:\/\/novadream.se\/sv\/","logo":{"@type":"ImageObject","inLanguage":"sv-SE","@id":"https:\/\/novadream.se\/sv\/#\/schema\/logo\/image\/","url":"https:\/\/novadream.se\/wp-content\/uploads\/2025\/05\/nova-white-logo-e1747034077978.png","contentUrl":"https:\/\/novadream.se\/wp-content\/uploads\/2025\/05\/nova-white-logo-e1747034077978.png","width":244,"height":137,"caption":"Nova Worldwide AB"},"image":{"@id":"https:\/\/novadream.se\/sv\/#\/schema\/logo\/image\/"}}]}},"_links":{"self":[{"href":"https:\/\/novadream.se\/sv\/wp-json\/wp\/v2\/product\/1192","targetHints":{"allow":["GET"]}}],"collection":[{"href":"https:\/\/novadream.se\/sv\/wp-json\/wp\/v2\/product"}],"about":[{"href":"https:\/\/novadream.se\/sv\/wp-json\/wp\/v2\/types\/product"}],"replies":[{"embeddable":true,"href":"https:\/\/novadream.se\/sv\/wp-json\/wp\/v2\/comments?post=1192"}],"wp:featuredmedia":[{"embeddable":true,"href":"https:\/\/novadream.se\/sv\/wp-json\/wp\/v2\/media\/1193"}],"wp:attachment":[{"href":"https:\/\/novadream.se\/sv\/wp-json\/wp\/v2\/media?parent=1192"}],"wp:term":[{"taxonomy":"product_brand","embeddable":true,"href":"https:\/\/novadream.se\/sv\/wp-json\/wp\/v2\/product_brand?post=1192"},{"taxonomy":"product_cat","embeddable":true,"href":"https:\/\/novadream.se\/sv\/wp-json\/wp\/v2\/product_cat?post=1192"},{"taxonomy":"product_tag","embeddable":true,"href":"https:\/\/novadream.se\/sv\/wp-json\/wp\/v2\/product_tag?post=1192"}],"curies":[{"name":"wp","href":"https:\/\/api.w.org\/{rel}","templated":true}]}}