{"id":1448,"date":"2024-01-12T11:38:55","date_gmt":"2024-01-12T11:38:55","guid":{"rendered":"https:\/\/novadream.se\/product\/london\/"},"modified":"2025-04-16T13:28:42","modified_gmt":"2025-04-16T13:28:42","slug":"london","status":"publish","type":"product","link":"https:\/\/novadream.se\/sv\/produkt\/london\/","title":{"rendered":"London"},"content":{"rendered":"<p><span data-contrast=\"none\">Omge dig med komfort och stil&#8230;<\/span><span data-ccp-props=\"{\"201341983\":0,\"335557856\":16777215,\"335559739\":240,\"335559740\":259}\"> <\/span><\/p>\n<p><span data-contrast=\"none\">Designen av denna kollektion balanserar strikthet, sofistikering och elegans. Den \u00e4r gjord av h\u00f6gkvalitativ 600-tr\u00e5ds italiensk satin i en m\u00f6rkgr\u00e5 f\u00e4rg, som har en subtil \u00e4del glans och k\u00e4nns behagligt silkeslen vid ber\u00f6ring. Tyget \u00e4r tillverkat av   <\/span><span data-contrast=\"none\">den utvalda l\u00e5ngfibriga egyptiska bomullen<\/span><span data-contrast=\"none\">. Ett set med s\u00e4ngkl\u00e4der fr\u00e5n den h\u00e4r kollektionen f\u00f6rmedlar k\u00e4nslan av att sova p\u00e5 ett hotell i premiumklass.<\/span><span data-ccp-props=\"{\"201341983\":0,\"335557856\":16777215,\"335559739\":240,\"335559740\":259}\"> <\/span><\/p>\n<p><span data-contrast=\"none\">P\u00e5slakan och &#8221;hemmafru&#8221; \u00f6rngott \u00e4r dekorerade med kanter av vit fl\u00e4ta. P\u00e5slakanen har dolda knappar. Alla artiklar finns att k\u00f6pa separat beroende p\u00e5 storleken p\u00e5 din s\u00e4ng, t\u00e4cken och kuddar  <\/span><span data-ccp-props=\"{\"201341983\":0,\"335557856\":16777215,\"335559739\":240,\"335559740\":259}\"> <\/span><\/p>\n<p><span data-contrast=\"none\">Tyget \u00e4r tillverkat av <\/span><span data-contrast=\"none\">den utvalda l\u00e5ngfibriga egyptiska bomullen<\/span><span data-contrast=\"none\">.<\/span><span data-ccp-props=\"{\"201341983\":0,\"335557856\":16777215,\"335559739\":240,\"335559740\":259}\"> <\/span><\/p>\n","protected":false},"excerpt":{"rendered":"<p><span data-contrast=\"none\">Omge dig med komfort och stil&#8230;<\/span><span data-ccp-props=\"{\"201341983\":0,\"335557856\":16777215,\"335559739\":240,\"335559740\":259}\"> <\/span><\/p>\n<p><span data-contrast=\"none\">Designen av denna kollektion balanserar strikthet, sofistikering och elegans. Den \u00e4r gjord av h\u00f6gkvalitativ 600-tr\u00e5ds italiensk satin i en m\u00f6rkgr\u00e5 f\u00e4rg, som har en subtil \u00e4del glans och k\u00e4nns behagligt silkeslen vid ber\u00f6ring. Tyget \u00e4r tillverkat av   <\/span><span data-contrast=\"none\">den utvalda l\u00e5ngfibriga egyptiska bomullen<\/span><span data-contrast=\"none\">. Ett set med s\u00e4ngkl\u00e4der fr\u00e5n den h\u00e4r kollektionen f\u00f6rmedlar k\u00e4nslan av att sova p\u00e5 ett hotell i premiumklass.<\/span><span data-ccp-props=\"{\"201341983\":0,\"335557856\":16777215,\"335559739\":240,\"335559740\":259}\"> <\/span><\/p>\n<p><span data-contrast=\"none\">P\u00e5slakan och &#8221;hemmafru&#8221;-\u00f6rngott \u00e4r dekorerade med kanter av vit fl\u00e4ta. P\u00e5slakanen har dolda knappar. Alla artiklar finns att k\u00f6pa separat beroende p\u00e5 storleken p\u00e5 din s\u00e4ng, t\u00e4cken och kuddar  <\/span><span data-ccp-props=\"{\"201341983\":0,\"335557856\":16777215,\"335559739\":240,\"335559740\":259}\"> <\/span><\/p>\n<p><span data-contrast=\"none\">Tyget \u00e4r tillverkat av <\/span><span data-contrast=\"none\">den utvalda l\u00e5ngfibriga egyptiska bomullen<\/span><span data-contrast=\"none\">.<\/span><span data-ccp-props=\"{\"201341983\":0,\"335557856\":16777215,\"335559739\":240,\"335559740\":259}\"> <\/span><\/p>\n","protected":false},"featured_media":1449,"comment_status":"open","ping_status":"closed","template":"","meta":{"_acf_changed":false},"product_brand":[],"product_cat":[65],"product_tag":[],"class_list":{"0":"post-1448","1":"product","2":"type-product","3":"status-publish","4":"has-post-thumbnail","6":"product_cat-sangklader-kollektion","8":"first","9":"instock","10":"taxable","11":"shipping-taxable","12":"purchasable","13":"product-type-woosg"},"acf":[],"yoast_head":"<!-- This site is optimized with the Yoast SEO plugin v25.0 - https:\/\/yoast.com\/wordpress\/plugins\/seo\/ -->\n<title>London - Nova Dreams<\/title>\n<meta name=\"robots\" content=\"index, follow, max-snippet:-1, max-image-preview:large, max-video-preview:-1\" \/>\n<link rel=\"canonical\" href=\"https:\/\/novadream.se\/sv\/produkt\/london\/\" \/>\n<meta property=\"og:locale\" content=\"sv_SE\" \/>\n<meta property=\"og:type\" content=\"article\" \/>\n<meta property=\"og:title\" content=\"London - Nova Dreams\" \/>\n<meta property=\"og:description\" content=\"Omge dig med komfort och stil...  Designen av denna kollektion balanserar strikthet, sofistikering och elegans. Den \u00e4r gjord av h\u00f6gkvalitativ 600-tr\u00e5ds italiensk satin i en m\u00f6rkgr\u00e5 f\u00e4rg, som har en subtil \u00e4del glans och k\u00e4nns behagligt silkeslen vid ber\u00f6ring. Tyget \u00e4r tillverkat av  den utvalda l\u00e5ngfibriga egyptiska bomullen. Ett set med s\u00e4ngkl\u00e4der fr\u00e5n den h\u00e4r kollektionen f\u00f6rmedlar k\u00e4nslan av att sova p\u00e5 ett hotell i premiumklass.  P\u00e5slakan och &quot;hemmafru&quot;-\u00f6rngott \u00e4r dekorerade med kanter av vit fl\u00e4ta. P\u00e5slakanen har dolda knappar. Alla artiklar finns att k\u00f6pa separat beroende p\u00e5 storleken p\u00e5 din s\u00e4ng, t\u00e4cken och kuddar   Tyget \u00e4r tillverkat av den utvalda l\u00e5ngfibriga egyptiska bomullen.\" \/>\n<meta property=\"og:url\" content=\"https:\/\/novadream.se\/sv\/produkt\/london\/\" \/>\n<meta property=\"og:site_name\" content=\"Nova Dreams\" \/>\n<meta property=\"article:modified_time\" content=\"2025-04-16T13:28:42+00:00\" \/>\n<meta property=\"og:image\" content=\"https:\/\/novadream.se\/wp-content\/uploads\/2024\/01\/London-3-scaled.jpg\" \/>\n\t<meta property=\"og:image:width\" content=\"2560\" \/>\n\t<meta property=\"og:image:height\" content=\"1535\" \/>\n\t<meta property=\"og:image:type\" content=\"image\/jpeg\" \/>\n<meta name=\"twitter:card\" content=\"summary_large_image\" \/>\n<meta name=\"twitter:label1\" content=\"Ber\u00e4knad l\u00e4stid\" \/>\n\t<meta name=\"twitter:data1\" content=\"1 minut\" \/>\n<script type=\"application\/ld+json\" class=\"yoast-schema-graph\">{\"@context\":\"https:\/\/schema.org\",\"@graph\":[{\"@type\":\"WebPage\",\"@id\":\"https:\/\/novadream.se\/sv\/produkt\/london\/\",\"url\":\"https:\/\/novadream.se\/sv\/produkt\/london\/\",\"name\":\"London - Nova Dreams\",\"isPartOf\":{\"@id\":\"https:\/\/novadream.se\/sv\/#website\"},\"primaryImageOfPage\":{\"@id\":\"https:\/\/novadream.se\/sv\/produkt\/london\/#primaryimage\"},\"image\":{\"@id\":\"https:\/\/novadream.se\/sv\/produkt\/london\/#primaryimage\"},\"thumbnailUrl\":\"https:\/\/novadream.se\/wp-content\/uploads\/2024\/01\/London-3-scaled.jpg\",\"datePublished\":\"2024-01-12T11:38:55+00:00\",\"dateModified\":\"2025-04-16T13:28:42+00:00\",\"breadcrumb\":{\"@id\":\"https:\/\/novadream.se\/sv\/produkt\/london\/#breadcrumb\"},\"inLanguage\":\"sv-SE\",\"potentialAction\":[{\"@type\":\"ReadAction\",\"target\":[\"https:\/\/novadream.se\/sv\/produkt\/london\/\"]}]},{\"@type\":\"ImageObject\",\"inLanguage\":\"sv-SE\",\"@id\":\"https:\/\/novadream.se\/sv\/produkt\/london\/#primaryimage\",\"url\":\"https:\/\/novadream.se\/wp-content\/uploads\/2024\/01\/London-3-scaled.jpg\",\"contentUrl\":\"https:\/\/novadream.se\/wp-content\/uploads\/2024\/01\/London-3-scaled.jpg\",\"width\":2560,\"height\":1535},{\"@type\":\"BreadcrumbList\",\"@id\":\"https:\/\/novadream.se\/sv\/produkt\/london\/#breadcrumb\",\"itemListElement\":[{\"@type\":\"ListItem\",\"position\":1,\"name\":\"Home\",\"item\":\"https:\/\/novadream.se\/sv\/\"},{\"@type\":\"ListItem\",\"position\":2,\"name\":\"Butik\",\"item\":\"https:\/\/novadream.se\/butik\/\"},{\"@type\":\"ListItem\",\"position\":3,\"name\":\"London\"}]},{\"@type\":\"WebSite\",\"@id\":\"https:\/\/novadream.se\/sv\/#website\",\"url\":\"https:\/\/novadream.se\/sv\/\",\"name\":\"Nova Dreams\",\"description\":\"\",\"publisher\":{\"@id\":\"https:\/\/novadream.se\/sv\/#organization\"},\"potentialAction\":[{\"@type\":\"SearchAction\",\"target\":{\"@type\":\"EntryPoint\",\"urlTemplate\":\"https:\/\/novadream.se\/sv\/?s={search_term_string}\"},\"query-input\":{\"@type\":\"PropertyValueSpecification\",\"valueRequired\":true,\"valueName\":\"search_term_string\"}}],\"inLanguage\":\"sv-SE\"},{\"@type\":\"Organization\",\"@id\":\"https:\/\/novadream.se\/sv\/#organization\",\"name\":\"Nova Worldwide AB\",\"url\":\"https:\/\/novadream.se\/sv\/\",\"logo\":{\"@type\":\"ImageObject\",\"inLanguage\":\"sv-SE\",\"@id\":\"https:\/\/novadream.se\/sv\/#\/schema\/logo\/image\/\",\"url\":\"https:\/\/novadream.se\/wp-content\/uploads\/2025\/05\/nova-white-logo-e1747034077978.png\",\"contentUrl\":\"https:\/\/novadream.se\/wp-content\/uploads\/2025\/05\/nova-white-logo-e1747034077978.png\",\"width\":244,\"height\":137,\"caption\":\"Nova Worldwide AB\"},\"image\":{\"@id\":\"https:\/\/novadream.se\/sv\/#\/schema\/logo\/image\/\"}}]}<\/script>\n<!-- \/ Yoast SEO plugin. -->","yoast_head_json":{"title":"London - Nova Dreams","robots":{"index":"index","follow":"follow","max-snippet":"max-snippet:-1","max-image-preview":"max-image-preview:large","max-video-preview":"max-video-preview:-1"},"canonical":"https:\/\/novadream.se\/sv\/produkt\/london\/","og_locale":"sv_SE","og_type":"article","og_title":"London - Nova Dreams","og_description":"Omge dig med komfort och stil...  Designen av denna kollektion balanserar strikthet, sofistikering och elegans. Den \u00e4r gjord av h\u00f6gkvalitativ 600-tr\u00e5ds italiensk satin i en m\u00f6rkgr\u00e5 f\u00e4rg, som har en subtil \u00e4del glans och k\u00e4nns behagligt silkeslen vid ber\u00f6ring. Tyget \u00e4r tillverkat av  den utvalda l\u00e5ngfibriga egyptiska bomullen. Ett set med s\u00e4ngkl\u00e4der fr\u00e5n den h\u00e4r kollektionen f\u00f6rmedlar k\u00e4nslan av att sova p\u00e5 ett hotell i premiumklass.  P\u00e5slakan och \"hemmafru\"-\u00f6rngott \u00e4r dekorerade med kanter av vit fl\u00e4ta. P\u00e5slakanen har dolda knappar. Alla artiklar finns att k\u00f6pa separat beroende p\u00e5 storleken p\u00e5 din s\u00e4ng, t\u00e4cken och kuddar   Tyget \u00e4r tillverkat av den utvalda l\u00e5ngfibriga egyptiska bomullen.","og_url":"https:\/\/novadream.se\/sv\/produkt\/london\/","og_site_name":"Nova Dreams","article_modified_time":"2025-04-16T13:28:42+00:00","og_image":[{"width":2560,"height":1535,"url":"https:\/\/novadream.se\/wp-content\/uploads\/2024\/01\/London-3-scaled.jpg","type":"image\/jpeg"}],"twitter_card":"summary_large_image","twitter_misc":{"Ber\u00e4knad l\u00e4stid":"1 minut"},"schema":{"@context":"https:\/\/schema.org","@graph":[{"@type":"WebPage","@id":"https:\/\/novadream.se\/sv\/produkt\/london\/","url":"https:\/\/novadream.se\/sv\/produkt\/london\/","name":"London - Nova Dreams","isPartOf":{"@id":"https:\/\/novadream.se\/sv\/#website"},"primaryImageOfPage":{"@id":"https:\/\/novadream.se\/sv\/produkt\/london\/#primaryimage"},"image":{"@id":"https:\/\/novadream.se\/sv\/produkt\/london\/#primaryimage"},"thumbnailUrl":"https:\/\/novadream.se\/wp-content\/uploads\/2024\/01\/London-3-scaled.jpg","datePublished":"2024-01-12T11:38:55+00:00","dateModified":"2025-04-16T13:28:42+00:00","breadcrumb":{"@id":"https:\/\/novadream.se\/sv\/produkt\/london\/#breadcrumb"},"inLanguage":"sv-SE","potentialAction":[{"@type":"ReadAction","target":["https:\/\/novadream.se\/sv\/produkt\/london\/"]}]},{"@type":"ImageObject","inLanguage":"sv-SE","@id":"https:\/\/novadream.se\/sv\/produkt\/london\/#primaryimage","url":"https:\/\/novadream.se\/wp-content\/uploads\/2024\/01\/London-3-scaled.jpg","contentUrl":"https:\/\/novadream.se\/wp-content\/uploads\/2024\/01\/London-3-scaled.jpg","width":2560,"height":1535},{"@type":"BreadcrumbList","@id":"https:\/\/novadream.se\/sv\/produkt\/london\/#breadcrumb","itemListElement":[{"@type":"ListItem","position":1,"name":"Home","item":"https:\/\/novadream.se\/sv\/"},{"@type":"ListItem","position":2,"name":"Butik","item":"https:\/\/novadream.se\/butik\/"},{"@type":"ListItem","position":3,"name":"London"}]},{"@type":"WebSite","@id":"https:\/\/novadream.se\/sv\/#website","url":"https:\/\/novadream.se\/sv\/","name":"Nova Dreams","description":"","publisher":{"@id":"https:\/\/novadream.se\/sv\/#organization"},"potentialAction":[{"@type":"SearchAction","target":{"@type":"EntryPoint","urlTemplate":"https:\/\/novadream.se\/sv\/?s={search_term_string}"},"query-input":{"@type":"PropertyValueSpecification","valueRequired":true,"valueName":"search_term_string"}}],"inLanguage":"sv-SE"},{"@type":"Organization","@id":"https:\/\/novadream.se\/sv\/#organization","name":"Nova Worldwide AB","url":"https:\/\/novadream.se\/sv\/","logo":{"@type":"ImageObject","inLanguage":"sv-SE","@id":"https:\/\/novadream.se\/sv\/#\/schema\/logo\/image\/","url":"https:\/\/novadream.se\/wp-content\/uploads\/2025\/05\/nova-white-logo-e1747034077978.png","contentUrl":"https:\/\/novadream.se\/wp-content\/uploads\/2025\/05\/nova-white-logo-e1747034077978.png","width":244,"height":137,"caption":"Nova Worldwide AB"},"image":{"@id":"https:\/\/novadream.se\/sv\/#\/schema\/logo\/image\/"}}]}},"_links":{"self":[{"href":"https:\/\/novadream.se\/sv\/wp-json\/wp\/v2\/product\/1448","targetHints":{"allow":["GET"]}}],"collection":[{"href":"https:\/\/novadream.se\/sv\/wp-json\/wp\/v2\/product"}],"about":[{"href":"https:\/\/novadream.se\/sv\/wp-json\/wp\/v2\/types\/product"}],"replies":[{"embeddable":true,"href":"https:\/\/novadream.se\/sv\/wp-json\/wp\/v2\/comments?post=1448"}],"wp:featuredmedia":[{"embeddable":true,"href":"https:\/\/novadream.se\/sv\/wp-json\/wp\/v2\/media\/1449"}],"wp:attachment":[{"href":"https:\/\/novadream.se\/sv\/wp-json\/wp\/v2\/media?parent=1448"}],"wp:term":[{"taxonomy":"product_brand","embeddable":true,"href":"https:\/\/novadream.se\/sv\/wp-json\/wp\/v2\/product_brand?post=1448"},{"taxonomy":"product_cat","embeddable":true,"href":"https:\/\/novadream.se\/sv\/wp-json\/wp\/v2\/product_cat?post=1448"},{"taxonomy":"product_tag","embeddable":true,"href":"https:\/\/novadream.se\/sv\/wp-json\/wp\/v2\/product_tag?post=1448"}],"curies":[{"name":"wp","href":"https:\/\/api.w.org\/{rel}","templated":true}]}}