{"id":1452,"date":"2024-12-31T07:21:18","date_gmt":"2024-12-31T07:21:18","guid":{"rendered":"https:\/\/novadream.se\/product\/irlandsk-drom\/"},"modified":"2025-04-16T13:44:30","modified_gmt":"2025-04-16T13:44:30","slug":"irish-dream","status":"publish","type":"product","link":"https:\/\/novadream.se\/sv\/produkt\/irish-dream\/","title":{"rendered":"Irish Dream"},"content":{"rendered":"<p>Upplev tidl\u00f6s elegans med den bohemiska lena, lyxiga touchen av satin&#8230;<\/p>\n<p>Vi presenterar Irish Dream Collection, d\u00e4r elegans m\u00f6ter komfort i en vacker blandning av lyx och stil. Dessa uts\u00f6kta s\u00e4ngkl\u00e4der, i en lugn ljusgr\u00f6n nyans, \u00e4r designade f\u00f6r att framkalla lugnet i det frodiga irl\u00e4ndska landskapet, vilket ger en touch av naturligt lugn till ditt sovrum.<\/p>\n<p>Tyget \u00e4r tillverkat av premiumsatin och erbjuder en oemotst\u00e5ndligt sl\u00e4t textur och en mild glans som ger sofistikering till ditt utrymme. Satinbasen \u00e4r tillverkad av 100 % premiumbomull. Irish Dream Collection \u00e4r minuti\u00f6st avslutad med en raffinerad satins\u00f6m p\u00e5 b\u00e5de \u00f6rngott och p\u00e5slakan, vilket ger en subtil men elegant dekorativ detalj som framh\u00e4ver setets kvalitet och hantverk.<\/p>\n<p>Alla f\u00f6rem\u00e5l i kollektionen finns att k\u00f6pa separat beroende p\u00e5 storleken p\u00e5 din s\u00e4ng, filtar och kuddar.<\/p>\n<p><span data-olk-copy-source=\"MessageBody\">Observera att det finns tv\u00e5 typer av \u00f6rngott: standard Oxford och Oxford med satins\u00f6mmar (broderade).<\/span><\/p>\n","protected":false},"excerpt":{"rendered":"<p>Upplev tidl\u00f6s elegans med den bohemiska lena, lyxiga touchen av satin&#8230;<\/p>\n<p>Vi presenterar Irish Dream Collection, d\u00e4r elegans m\u00f6ter komfort i en vacker blandning av lyx och stil. Dessa uts\u00f6kta s\u00e4ngkl\u00e4der, i en lugn ljusgr\u00f6n nyans, \u00e4r designade f\u00f6r att framkalla lugnet i det frodiga irl\u00e4ndska landskapet, vilket ger en touch av naturligt lugn till ditt sovrum. <\/p>\n<p>Tyget \u00e4r tillverkat av premiumsatin och erbjuder en oemotst\u00e5ndligt sl\u00e4t textur och en mild glans som ger sofistikering till ditt utrymme. Satinbasen \u00e4r tillverkad av 100 % premiumbomull. Irish Dream Collection \u00e4r minuti\u00f6st avslutad med en raffinerad satins\u00f6m p\u00e5 b\u00e5de \u00f6rngott och p\u00e5slakan, vilket ger en subtil men elegant dekorativ detalj som framh\u00e4ver setets kvalitet och hantverk.  <\/p>\n<p>Alla f\u00f6rem\u00e5l i kollektionen finns att k\u00f6pa separat beroende p\u00e5 storleken p\u00e5 din s\u00e4ng, filtar och kuddar.<\/p>\n<p><span data-olk-copy-source=\"MessageBody\">Observera att det finns tv\u00e5 typer av \u00f6rngott: standard Oxford och Oxford med satins\u00f6mmar (broderade).<\/span><\/p>\n","protected":false},"featured_media":1840,"comment_status":"open","ping_status":"closed","template":"","meta":{"_acf_changed":false},"product_brand":[],"product_cat":[65],"product_tag":[],"class_list":{"0":"post-1452","1":"product","2":"type-product","3":"status-publish","4":"has-post-thumbnail","6":"product_cat-sangklader-kollektion","8":"first","9":"instock","10":"taxable","11":"shipping-taxable","12":"purchasable","13":"product-type-woosg"},"acf":[],"yoast_head":"<!-- This site is optimized with the Yoast SEO plugin v25.0 - https:\/\/yoast.com\/wordpress\/plugins\/seo\/ -->\n<title>Irish Dream - Nova Dreams<\/title>\n<meta name=\"robots\" content=\"index, follow, max-snippet:-1, max-image-preview:large, max-video-preview:-1\" \/>\n<link rel=\"canonical\" href=\"https:\/\/novadream.se\/sv\/produkt\/irish-dream\/\" \/>\n<meta property=\"og:locale\" content=\"sv_SE\" \/>\n<meta property=\"og:type\" content=\"article\" \/>\n<meta property=\"og:title\" content=\"Irish Dream - Nova Dreams\" \/>\n<meta property=\"og:description\" content=\"Upplev tidl\u00f6s elegans med den bohemiska lena, lyxiga touchen av satin... Vi presenterar Irish Dream Collection, d\u00e4r elegans m\u00f6ter komfort i en vacker blandning av lyx och stil. Dessa uts\u00f6kta s\u00e4ngkl\u00e4der, i en lugn ljusgr\u00f6n nyans, \u00e4r designade f\u00f6r att framkalla lugnet i det frodiga irl\u00e4ndska landskapet, vilket ger en touch av naturligt lugn till ditt sovrum.  Tyget \u00e4r tillverkat av premiumsatin och erbjuder en oemotst\u00e5ndligt sl\u00e4t textur och en mild glans som ger sofistikering till ditt utrymme. Satinbasen \u00e4r tillverkad av 100 % premiumbomull. Irish Dream Collection \u00e4r minuti\u00f6st avslutad med en raffinerad satins\u00f6m p\u00e5 b\u00e5de \u00f6rngott och p\u00e5slakan, vilket ger en subtil men elegant dekorativ detalj som framh\u00e4ver setets kvalitet och hantverk.  Alla f\u00f6rem\u00e5l i kollektionen finns att k\u00f6pa separat beroende p\u00e5 storleken p\u00e5 din s\u00e4ng, filtar och kuddar. Observera att det finns tv\u00e5 typer av \u00f6rngott: standard Oxford och Oxford med satins\u00f6mmar (broderade).\" \/>\n<meta property=\"og:url\" content=\"https:\/\/novadream.se\/sv\/produkt\/irish-dream\/\" \/>\n<meta property=\"og:site_name\" content=\"Nova Dreams\" \/>\n<meta property=\"article:modified_time\" content=\"2025-04-16T13:44:30+00:00\" \/>\n<meta property=\"og:image\" content=\"https:\/\/novadream.se\/wp-content\/uploads\/2024\/12\/IMG_8856-scaled.webp\" \/>\n\t<meta property=\"og:image:width\" content=\"1707\" \/>\n\t<meta property=\"og:image:height\" content=\"2560\" \/>\n\t<meta property=\"og:image:type\" content=\"image\/webp\" \/>\n<meta name=\"twitter:card\" content=\"summary_large_image\" \/>\n<meta name=\"twitter:label1\" content=\"Ber\u00e4knad l\u00e4stid\" \/>\n\t<meta name=\"twitter:data1\" content=\"1 minut\" \/>\n<script type=\"application\/ld+json\" class=\"yoast-schema-graph\">{\"@context\":\"https:\/\/schema.org\",\"@graph\":[{\"@type\":\"WebPage\",\"@id\":\"https:\/\/novadream.se\/sv\/produkt\/irish-dream\/\",\"url\":\"https:\/\/novadream.se\/sv\/produkt\/irish-dream\/\",\"name\":\"Irish Dream - Nova Dreams\",\"isPartOf\":{\"@id\":\"https:\/\/novadream.se\/sv\/#website\"},\"primaryImageOfPage\":{\"@id\":\"https:\/\/novadream.se\/sv\/produkt\/irish-dream\/#primaryimage\"},\"image\":{\"@id\":\"https:\/\/novadream.se\/sv\/produkt\/irish-dream\/#primaryimage\"},\"thumbnailUrl\":\"https:\/\/novadream.se\/wp-content\/uploads\/2024\/12\/029.jpg\",\"datePublished\":\"2024-12-31T07:21:18+00:00\",\"dateModified\":\"2025-04-16T13:44:30+00:00\",\"breadcrumb\":{\"@id\":\"https:\/\/novadream.se\/sv\/produkt\/irish-dream\/#breadcrumb\"},\"inLanguage\":\"sv-SE\",\"potentialAction\":[{\"@type\":\"ReadAction\",\"target\":[\"https:\/\/novadream.se\/sv\/produkt\/irish-dream\/\"]}]},{\"@type\":\"ImageObject\",\"inLanguage\":\"sv-SE\",\"@id\":\"https:\/\/novadream.se\/sv\/produkt\/irish-dream\/#primaryimage\",\"url\":\"https:\/\/novadream.se\/wp-content\/uploads\/2024\/12\/029.jpg\",\"contentUrl\":\"https:\/\/novadream.se\/wp-content\/uploads\/2024\/12\/029.jpg\",\"width\":2048,\"height\":1362},{\"@type\":\"BreadcrumbList\",\"@id\":\"https:\/\/novadream.se\/sv\/produkt\/irish-dream\/#breadcrumb\",\"itemListElement\":[{\"@type\":\"ListItem\",\"position\":1,\"name\":\"Home\",\"item\":\"https:\/\/novadream.se\/sv\/\"},{\"@type\":\"ListItem\",\"position\":2,\"name\":\"Butik\",\"item\":\"https:\/\/novadream.se\/butik\/\"},{\"@type\":\"ListItem\",\"position\":3,\"name\":\"Irish Dream\"}]},{\"@type\":\"WebSite\",\"@id\":\"https:\/\/novadream.se\/sv\/#website\",\"url\":\"https:\/\/novadream.se\/sv\/\",\"name\":\"Nova Dreams\",\"description\":\"\",\"publisher\":{\"@id\":\"https:\/\/novadream.se\/sv\/#organization\"},\"potentialAction\":[{\"@type\":\"SearchAction\",\"target\":{\"@type\":\"EntryPoint\",\"urlTemplate\":\"https:\/\/novadream.se\/sv\/?s={search_term_string}\"},\"query-input\":{\"@type\":\"PropertyValueSpecification\",\"valueRequired\":true,\"valueName\":\"search_term_string\"}}],\"inLanguage\":\"sv-SE\"},{\"@type\":\"Organization\",\"@id\":\"https:\/\/novadream.se\/sv\/#organization\",\"name\":\"Nova Worldwide AB\",\"url\":\"https:\/\/novadream.se\/sv\/\",\"logo\":{\"@type\":\"ImageObject\",\"inLanguage\":\"sv-SE\",\"@id\":\"https:\/\/novadream.se\/sv\/#\/schema\/logo\/image\/\",\"url\":\"https:\/\/novadream.se\/wp-content\/uploads\/2025\/05\/nova-white-logo-e1747034077978.png\",\"contentUrl\":\"https:\/\/novadream.se\/wp-content\/uploads\/2025\/05\/nova-white-logo-e1747034077978.png\",\"width\":244,\"height\":137,\"caption\":\"Nova Worldwide AB\"},\"image\":{\"@id\":\"https:\/\/novadream.se\/sv\/#\/schema\/logo\/image\/\"}}]}<\/script>\n<!-- \/ Yoast SEO plugin. -->","yoast_head_json":{"title":"Irish Dream - Nova Dreams","robots":{"index":"index","follow":"follow","max-snippet":"max-snippet:-1","max-image-preview":"max-image-preview:large","max-video-preview":"max-video-preview:-1"},"canonical":"https:\/\/novadream.se\/sv\/produkt\/irish-dream\/","og_locale":"sv_SE","og_type":"article","og_title":"Irish Dream - Nova Dreams","og_description":"Upplev tidl\u00f6s elegans med den bohemiska lena, lyxiga touchen av satin... Vi presenterar Irish Dream Collection, d\u00e4r elegans m\u00f6ter komfort i en vacker blandning av lyx och stil. Dessa uts\u00f6kta s\u00e4ngkl\u00e4der, i en lugn ljusgr\u00f6n nyans, \u00e4r designade f\u00f6r att framkalla lugnet i det frodiga irl\u00e4ndska landskapet, vilket ger en touch av naturligt lugn till ditt sovrum.  Tyget \u00e4r tillverkat av premiumsatin och erbjuder en oemotst\u00e5ndligt sl\u00e4t textur och en mild glans som ger sofistikering till ditt utrymme. Satinbasen \u00e4r tillverkad av 100 % premiumbomull. Irish Dream Collection \u00e4r minuti\u00f6st avslutad med en raffinerad satins\u00f6m p\u00e5 b\u00e5de \u00f6rngott och p\u00e5slakan, vilket ger en subtil men elegant dekorativ detalj som framh\u00e4ver setets kvalitet och hantverk.  Alla f\u00f6rem\u00e5l i kollektionen finns att k\u00f6pa separat beroende p\u00e5 storleken p\u00e5 din s\u00e4ng, filtar och kuddar. Observera att det finns tv\u00e5 typer av \u00f6rngott: standard Oxford och Oxford med satins\u00f6mmar (broderade).","og_url":"https:\/\/novadream.se\/sv\/produkt\/irish-dream\/","og_site_name":"Nova Dreams","article_modified_time":"2025-04-16T13:44:30+00:00","og_image":[{"width":1707,"height":2560,"url":"https:\/\/novadream.se\/wp-content\/uploads\/2024\/12\/IMG_8856-scaled.webp","type":"image\/webp"}],"twitter_card":"summary_large_image","twitter_misc":{"Ber\u00e4knad l\u00e4stid":"1 minut"},"schema":{"@context":"https:\/\/schema.org","@graph":[{"@type":"WebPage","@id":"https:\/\/novadream.se\/sv\/produkt\/irish-dream\/","url":"https:\/\/novadream.se\/sv\/produkt\/irish-dream\/","name":"Irish Dream - Nova Dreams","isPartOf":{"@id":"https:\/\/novadream.se\/sv\/#website"},"primaryImageOfPage":{"@id":"https:\/\/novadream.se\/sv\/produkt\/irish-dream\/#primaryimage"},"image":{"@id":"https:\/\/novadream.se\/sv\/produkt\/irish-dream\/#primaryimage"},"thumbnailUrl":"https:\/\/novadream.se\/wp-content\/uploads\/2024\/12\/029.jpg","datePublished":"2024-12-31T07:21:18+00:00","dateModified":"2025-04-16T13:44:30+00:00","breadcrumb":{"@id":"https:\/\/novadream.se\/sv\/produkt\/irish-dream\/#breadcrumb"},"inLanguage":"sv-SE","potentialAction":[{"@type":"ReadAction","target":["https:\/\/novadream.se\/sv\/produkt\/irish-dream\/"]}]},{"@type":"ImageObject","inLanguage":"sv-SE","@id":"https:\/\/novadream.se\/sv\/produkt\/irish-dream\/#primaryimage","url":"https:\/\/novadream.se\/wp-content\/uploads\/2024\/12\/029.jpg","contentUrl":"https:\/\/novadream.se\/wp-content\/uploads\/2024\/12\/029.jpg","width":2048,"height":1362},{"@type":"BreadcrumbList","@id":"https:\/\/novadream.se\/sv\/produkt\/irish-dream\/#breadcrumb","itemListElement":[{"@type":"ListItem","position":1,"name":"Home","item":"https:\/\/novadream.se\/sv\/"},{"@type":"ListItem","position":2,"name":"Butik","item":"https:\/\/novadream.se\/butik\/"},{"@type":"ListItem","position":3,"name":"Irish Dream"}]},{"@type":"WebSite","@id":"https:\/\/novadream.se\/sv\/#website","url":"https:\/\/novadream.se\/sv\/","name":"Nova Dreams","description":"","publisher":{"@id":"https:\/\/novadream.se\/sv\/#organization"},"potentialAction":[{"@type":"SearchAction","target":{"@type":"EntryPoint","urlTemplate":"https:\/\/novadream.se\/sv\/?s={search_term_string}"},"query-input":{"@type":"PropertyValueSpecification","valueRequired":true,"valueName":"search_term_string"}}],"inLanguage":"sv-SE"},{"@type":"Organization","@id":"https:\/\/novadream.se\/sv\/#organization","name":"Nova Worldwide AB","url":"https:\/\/novadream.se\/sv\/","logo":{"@type":"ImageObject","inLanguage":"sv-SE","@id":"https:\/\/novadream.se\/sv\/#\/schema\/logo\/image\/","url":"https:\/\/novadream.se\/wp-content\/uploads\/2025\/05\/nova-white-logo-e1747034077978.png","contentUrl":"https:\/\/novadream.se\/wp-content\/uploads\/2025\/05\/nova-white-logo-e1747034077978.png","width":244,"height":137,"caption":"Nova Worldwide AB"},"image":{"@id":"https:\/\/novadream.se\/sv\/#\/schema\/logo\/image\/"}}]}},"_links":{"self":[{"href":"https:\/\/novadream.se\/sv\/wp-json\/wp\/v2\/product\/1452","targetHints":{"allow":["GET"]}}],"collection":[{"href":"https:\/\/novadream.se\/sv\/wp-json\/wp\/v2\/product"}],"about":[{"href":"https:\/\/novadream.se\/sv\/wp-json\/wp\/v2\/types\/product"}],"replies":[{"embeddable":true,"href":"https:\/\/novadream.se\/sv\/wp-json\/wp\/v2\/comments?post=1452"}],"wp:featuredmedia":[{"embeddable":true,"href":"https:\/\/novadream.se\/sv\/wp-json\/wp\/v2\/media\/1840"}],"wp:attachment":[{"href":"https:\/\/novadream.se\/sv\/wp-json\/wp\/v2\/media?parent=1452"}],"wp:term":[{"taxonomy":"product_brand","embeddable":true,"href":"https:\/\/novadream.se\/sv\/wp-json\/wp\/v2\/product_brand?post=1452"},{"taxonomy":"product_cat","embeddable":true,"href":"https:\/\/novadream.se\/sv\/wp-json\/wp\/v2\/product_cat?post=1452"},{"taxonomy":"product_tag","embeddable":true,"href":"https:\/\/novadream.se\/sv\/wp-json\/wp\/v2\/product_tag?post=1452"}],"curies":[{"name":"wp","href":"https:\/\/api.w.org\/{rel}","templated":true}]}}