{"id":1453,"date":"2024-03-14T17:15:20","date_gmt":"2024-03-14T17:15:20","guid":{"rendered":"https:\/\/novadream.se\/product\/barbara\/"},"modified":"2025-04-16T11:34:32","modified_gmt":"2025-04-16T11:34:32","slug":"barbara","status":"publish","type":"product","link":"https:\/\/novadream.se\/sv\/produkt\/barbara\/","title":{"rendered":"Barbara"},"content":{"rendered":"","protected":false},"excerpt":{"rendered":"<p><span data-contrast=\"none\">Sofistikerad enkelhet och kvalitet&#8230;<\/span><span data-ccp-props=\"{\"201341983\":0,\"335557856\":16777215,\"335559739\":150,\"335559740\":259}\"> <\/span><\/p>\n<p><span data-contrast=\"none\">Denna kollektion \u00e4r tillverkad av italiensk satin av h\u00f6gsta kvalitet med 710 tr\u00e5dar, som liknar siden till utseendet. Detta italienska tyg \u00e4r tillverkat av   <\/span><span data-contrast=\"none\">den b\u00e4sta <\/span><span data-contrast=\"none\">l\u00e5ngfibriga egyptiska bomullen och fint siden <\/span> <span data-contrast=\"none\">fr\u00e5n Fj\u00e4rran \u00d6stern. <\/span><span data-contrast=\"none\">t har en l\u00e4tt metallisk glans, mjukhet och glider inte eller orsakar statisk elektricitet. Den \u00e4r s\u00e4rskilt behaglig att ta p\u00e5. Den ljusgr\u00e5 f\u00e4rgen och strukturen p\u00e5 s\u00e4ngkl\u00e4derna fr\u00e5n den h\u00e4r kollektionen harmonierar v\u00e4l med alla f\u00e4rgaccenter i ditt sovrum. Housewife \u00f6rngott har en instoppad sidoflik, medan p\u00e5slakan har dolda knappar.   <\/span><span data-ccp-props=\"{\"201341983\":0,\"335557856\":16777215,\"335559739\":240,\"335559740\":259}\"> <\/span><\/p>\n<p><span data-contrast=\"none\">Observera att det finns tv\u00e5 typer av \u00f6rngott: Oxford- och Housewife-modeller.<\/span><span data-ccp-props=\"{\"201341983\":0,\"335557856\":16777215,\"335559739\":240,\"335559740\":259}\"> <\/span><\/p>\n<p><span data-contrast=\"none\">P\u00e5slakan, lakan och \u00f6rngott finns att k\u00f6pa separat. Du kan sj\u00e4lvst\u00e4ndigt komplettera en upps\u00e4ttning s\u00e4ngkl\u00e4der beroende p\u00e5 storleken p\u00e5 din s\u00e4ng, filtar och kuddar.  <\/span><span data-ccp-props=\"{\"201341983\":0,\"335557856\":16777215,\"335559739\":240,\"335559740\":259}\"> <\/span><\/p>\n","protected":false},"featured_media":1858,"comment_status":"open","ping_status":"closed","template":"","meta":{"_acf_changed":false},"product_brand":[],"product_cat":[65],"product_tag":[],"class_list":{"0":"post-1453","1":"product","2":"type-product","3":"status-publish","4":"has-post-thumbnail","6":"product_cat-sangklader-kollektion","8":"first","9":"instock","10":"taxable","11":"shipping-taxable","12":"purchasable","13":"product-type-woosg"},"acf":[],"yoast_head":"<!-- This site is optimized with the Yoast SEO plugin v25.0 - https:\/\/yoast.com\/wordpress\/plugins\/seo\/ -->\n<title>Barbara - Nova Dreams<\/title>\n<meta name=\"robots\" content=\"index, follow, max-snippet:-1, max-image-preview:large, max-video-preview:-1\" \/>\n<link rel=\"canonical\" href=\"https:\/\/novadream.se\/sv\/produkt\/barbara\/\" \/>\n<meta property=\"og:locale\" content=\"sv_SE\" \/>\n<meta property=\"og:type\" content=\"article\" \/>\n<meta property=\"og:title\" content=\"Barbara - Nova Dreams\" \/>\n<meta property=\"og:description\" content=\"Sofistikerad enkelhet och kvalitet...  Denna kollektion \u00e4r tillverkad av italiensk satin av h\u00f6gsta kvalitet med 710 tr\u00e5dar, som liknar siden till utseendet. Detta italienska tyg \u00e4r tillverkat av  den b\u00e4sta l\u00e5ngfibriga egyptiska bomullen och fint siden fr\u00e5n Fj\u00e4rran \u00d6stern. t har en l\u00e4tt metallisk glans, mjukhet och glider inte eller orsakar statisk elektricitet. Den \u00e4r s\u00e4rskilt behaglig att ta p\u00e5. Den ljusgr\u00e5 f\u00e4rgen och strukturen p\u00e5 s\u00e4ngkl\u00e4derna fr\u00e5n den h\u00e4r kollektionen harmonierar v\u00e4l med alla f\u00e4rgaccenter i ditt sovrum. Housewife \u00f6rngott har en instoppad sidoflik, medan p\u00e5slakan har dolda knappar.   Observera att det finns tv\u00e5 typer av \u00f6rngott: Oxford- och Housewife-modeller.  P\u00e5slakan, lakan och \u00f6rngott finns att k\u00f6pa separat. Du kan sj\u00e4lvst\u00e4ndigt komplettera en upps\u00e4ttning s\u00e4ngkl\u00e4der beroende p\u00e5 storleken p\u00e5 din s\u00e4ng, filtar och kuddar.\" \/>\n<meta property=\"og:url\" content=\"https:\/\/novadream.se\/sv\/produkt\/barbara\/\" \/>\n<meta property=\"og:site_name\" content=\"Nova Dreams\" \/>\n<meta property=\"article:modified_time\" content=\"2025-04-16T11:34:32+00:00\" \/>\n<meta property=\"og:image\" content=\"https:\/\/novadream.se\/wp-content\/uploads\/2024\/03\/5F7A7002-1-scaled.jpg\" \/>\n\t<meta property=\"og:image:width\" content=\"1656\" \/>\n\t<meta property=\"og:image:height\" content=\"2560\" \/>\n\t<meta property=\"og:image:type\" content=\"image\/jpeg\" \/>\n<meta name=\"twitter:card\" content=\"summary_large_image\" \/>\n<script type=\"application\/ld+json\" class=\"yoast-schema-graph\">{\"@context\":\"https:\/\/schema.org\",\"@graph\":[{\"@type\":\"WebPage\",\"@id\":\"https:\/\/novadream.se\/sv\/produkt\/barbara\/\",\"url\":\"https:\/\/novadream.se\/sv\/produkt\/barbara\/\",\"name\":\"Barbara - Nova Dreams\",\"isPartOf\":{\"@id\":\"https:\/\/novadream.se\/sv\/#website\"},\"primaryImageOfPage\":{\"@id\":\"https:\/\/novadream.se\/sv\/produkt\/barbara\/#primaryimage\"},\"image\":{\"@id\":\"https:\/\/novadream.se\/sv\/produkt\/barbara\/#primaryimage\"},\"thumbnailUrl\":\"https:\/\/novadream.se\/wp-content\/uploads\/2024\/03\/085.jpg\",\"datePublished\":\"2024-03-14T17:15:20+00:00\",\"dateModified\":\"2025-04-16T11:34:32+00:00\",\"breadcrumb\":{\"@id\":\"https:\/\/novadream.se\/sv\/produkt\/barbara\/#breadcrumb\"},\"inLanguage\":\"sv-SE\",\"potentialAction\":[{\"@type\":\"ReadAction\",\"target\":[\"https:\/\/novadream.se\/sv\/produkt\/barbara\/\"]}]},{\"@type\":\"ImageObject\",\"inLanguage\":\"sv-SE\",\"@id\":\"https:\/\/novadream.se\/sv\/produkt\/barbara\/#primaryimage\",\"url\":\"https:\/\/novadream.se\/wp-content\/uploads\/2024\/03\/085.jpg\",\"contentUrl\":\"https:\/\/novadream.se\/wp-content\/uploads\/2024\/03\/085.jpg\",\"width\":2048,\"height\":1365},{\"@type\":\"BreadcrumbList\",\"@id\":\"https:\/\/novadream.se\/sv\/produkt\/barbara\/#breadcrumb\",\"itemListElement\":[{\"@type\":\"ListItem\",\"position\":1,\"name\":\"Home\",\"item\":\"https:\/\/novadream.se\/sv\/\"},{\"@type\":\"ListItem\",\"position\":2,\"name\":\"Butik\",\"item\":\"https:\/\/novadream.se\/butik\/\"},{\"@type\":\"ListItem\",\"position\":3,\"name\":\"Barbara\"}]},{\"@type\":\"WebSite\",\"@id\":\"https:\/\/novadream.se\/sv\/#website\",\"url\":\"https:\/\/novadream.se\/sv\/\",\"name\":\"Nova Dreams\",\"description\":\"\",\"publisher\":{\"@id\":\"https:\/\/novadream.se\/sv\/#organization\"},\"potentialAction\":[{\"@type\":\"SearchAction\",\"target\":{\"@type\":\"EntryPoint\",\"urlTemplate\":\"https:\/\/novadream.se\/sv\/?s={search_term_string}\"},\"query-input\":{\"@type\":\"PropertyValueSpecification\",\"valueRequired\":true,\"valueName\":\"search_term_string\"}}],\"inLanguage\":\"sv-SE\"},{\"@type\":\"Organization\",\"@id\":\"https:\/\/novadream.se\/sv\/#organization\",\"name\":\"Nova Worldwide AB\",\"url\":\"https:\/\/novadream.se\/sv\/\",\"logo\":{\"@type\":\"ImageObject\",\"inLanguage\":\"sv-SE\",\"@id\":\"https:\/\/novadream.se\/sv\/#\/schema\/logo\/image\/\",\"url\":\"https:\/\/novadream.se\/wp-content\/uploads\/2025\/05\/nova-white-logo-e1747034077978.png\",\"contentUrl\":\"https:\/\/novadream.se\/wp-content\/uploads\/2025\/05\/nova-white-logo-e1747034077978.png\",\"width\":244,\"height\":137,\"caption\":\"Nova Worldwide AB\"},\"image\":{\"@id\":\"https:\/\/novadream.se\/sv\/#\/schema\/logo\/image\/\"}}]}<\/script>\n<!-- \/ Yoast SEO plugin. -->","yoast_head_json":{"title":"Barbara - Nova Dreams","robots":{"index":"index","follow":"follow","max-snippet":"max-snippet:-1","max-image-preview":"max-image-preview:large","max-video-preview":"max-video-preview:-1"},"canonical":"https:\/\/novadream.se\/sv\/produkt\/barbara\/","og_locale":"sv_SE","og_type":"article","og_title":"Barbara - Nova Dreams","og_description":"Sofistikerad enkelhet och kvalitet...  Denna kollektion \u00e4r tillverkad av italiensk satin av h\u00f6gsta kvalitet med 710 tr\u00e5dar, som liknar siden till utseendet. Detta italienska tyg \u00e4r tillverkat av  den b\u00e4sta l\u00e5ngfibriga egyptiska bomullen och fint siden fr\u00e5n Fj\u00e4rran \u00d6stern. t har en l\u00e4tt metallisk glans, mjukhet och glider inte eller orsakar statisk elektricitet. Den \u00e4r s\u00e4rskilt behaglig att ta p\u00e5. Den ljusgr\u00e5 f\u00e4rgen och strukturen p\u00e5 s\u00e4ngkl\u00e4derna fr\u00e5n den h\u00e4r kollektionen harmonierar v\u00e4l med alla f\u00e4rgaccenter i ditt sovrum. Housewife \u00f6rngott har en instoppad sidoflik, medan p\u00e5slakan har dolda knappar.   Observera att det finns tv\u00e5 typer av \u00f6rngott: Oxford- och Housewife-modeller.  P\u00e5slakan, lakan och \u00f6rngott finns att k\u00f6pa separat. Du kan sj\u00e4lvst\u00e4ndigt komplettera en upps\u00e4ttning s\u00e4ngkl\u00e4der beroende p\u00e5 storleken p\u00e5 din s\u00e4ng, filtar och kuddar.","og_url":"https:\/\/novadream.se\/sv\/produkt\/barbara\/","og_site_name":"Nova Dreams","article_modified_time":"2025-04-16T11:34:32+00:00","og_image":[{"width":1656,"height":2560,"url":"https:\/\/novadream.se\/wp-content\/uploads\/2024\/03\/5F7A7002-1-scaled.jpg","type":"image\/jpeg"}],"twitter_card":"summary_large_image","schema":{"@context":"https:\/\/schema.org","@graph":[{"@type":"WebPage","@id":"https:\/\/novadream.se\/sv\/produkt\/barbara\/","url":"https:\/\/novadream.se\/sv\/produkt\/barbara\/","name":"Barbara - Nova Dreams","isPartOf":{"@id":"https:\/\/novadream.se\/sv\/#website"},"primaryImageOfPage":{"@id":"https:\/\/novadream.se\/sv\/produkt\/barbara\/#primaryimage"},"image":{"@id":"https:\/\/novadream.se\/sv\/produkt\/barbara\/#primaryimage"},"thumbnailUrl":"https:\/\/novadream.se\/wp-content\/uploads\/2024\/03\/085.jpg","datePublished":"2024-03-14T17:15:20+00:00","dateModified":"2025-04-16T11:34:32+00:00","breadcrumb":{"@id":"https:\/\/novadream.se\/sv\/produkt\/barbara\/#breadcrumb"},"inLanguage":"sv-SE","potentialAction":[{"@type":"ReadAction","target":["https:\/\/novadream.se\/sv\/produkt\/barbara\/"]}]},{"@type":"ImageObject","inLanguage":"sv-SE","@id":"https:\/\/novadream.se\/sv\/produkt\/barbara\/#primaryimage","url":"https:\/\/novadream.se\/wp-content\/uploads\/2024\/03\/085.jpg","contentUrl":"https:\/\/novadream.se\/wp-content\/uploads\/2024\/03\/085.jpg","width":2048,"height":1365},{"@type":"BreadcrumbList","@id":"https:\/\/novadream.se\/sv\/produkt\/barbara\/#breadcrumb","itemListElement":[{"@type":"ListItem","position":1,"name":"Home","item":"https:\/\/novadream.se\/sv\/"},{"@type":"ListItem","position":2,"name":"Butik","item":"https:\/\/novadream.se\/butik\/"},{"@type":"ListItem","position":3,"name":"Barbara"}]},{"@type":"WebSite","@id":"https:\/\/novadream.se\/sv\/#website","url":"https:\/\/novadream.se\/sv\/","name":"Nova Dreams","description":"","publisher":{"@id":"https:\/\/novadream.se\/sv\/#organization"},"potentialAction":[{"@type":"SearchAction","target":{"@type":"EntryPoint","urlTemplate":"https:\/\/novadream.se\/sv\/?s={search_term_string}"},"query-input":{"@type":"PropertyValueSpecification","valueRequired":true,"valueName":"search_term_string"}}],"inLanguage":"sv-SE"},{"@type":"Organization","@id":"https:\/\/novadream.se\/sv\/#organization","name":"Nova Worldwide AB","url":"https:\/\/novadream.se\/sv\/","logo":{"@type":"ImageObject","inLanguage":"sv-SE","@id":"https:\/\/novadream.se\/sv\/#\/schema\/logo\/image\/","url":"https:\/\/novadream.se\/wp-content\/uploads\/2025\/05\/nova-white-logo-e1747034077978.png","contentUrl":"https:\/\/novadream.se\/wp-content\/uploads\/2025\/05\/nova-white-logo-e1747034077978.png","width":244,"height":137,"caption":"Nova Worldwide AB"},"image":{"@id":"https:\/\/novadream.se\/sv\/#\/schema\/logo\/image\/"}}]}},"_links":{"self":[{"href":"https:\/\/novadream.se\/sv\/wp-json\/wp\/v2\/product\/1453","targetHints":{"allow":["GET"]}}],"collection":[{"href":"https:\/\/novadream.se\/sv\/wp-json\/wp\/v2\/product"}],"about":[{"href":"https:\/\/novadream.se\/sv\/wp-json\/wp\/v2\/types\/product"}],"replies":[{"embeddable":true,"href":"https:\/\/novadream.se\/sv\/wp-json\/wp\/v2\/comments?post=1453"}],"wp:featuredmedia":[{"embeddable":true,"href":"https:\/\/novadream.se\/sv\/wp-json\/wp\/v2\/media\/1858"}],"wp:attachment":[{"href":"https:\/\/novadream.se\/sv\/wp-json\/wp\/v2\/media?parent=1453"}],"wp:term":[{"taxonomy":"product_brand","embeddable":true,"href":"https:\/\/novadream.se\/sv\/wp-json\/wp\/v2\/product_brand?post=1453"},{"taxonomy":"product_cat","embeddable":true,"href":"https:\/\/novadream.se\/sv\/wp-json\/wp\/v2\/product_cat?post=1453"},{"taxonomy":"product_tag","embeddable":true,"href":"https:\/\/novadream.se\/sv\/wp-json\/wp\/v2\/product_tag?post=1453"}],"curies":[{"name":"wp","href":"https:\/\/api.w.org\/{rel}","templated":true}]}}