{"id":1454,"date":"2024-01-12T11:41:56","date_gmt":"2024-01-12T11:41:56","guid":{"rendered":"https:\/\/novadream.se\/product\/diana\/"},"modified":"2025-04-16T13:33:28","modified_gmt":"2025-04-16T13:33:28","slug":"diana","status":"publish","type":"product","link":"https:\/\/novadream.se\/sv\/produkt\/diana\/","title":{"rendered":"Diana"},"content":{"rendered":"<p><span data-contrast=\"none\">En atmosf\u00e4r av lyx f\u00f6r varje kv\u00e4ll&#8230;<\/span><span data-ccp-props=\"{\"201341983\":0,\"335557856\":16777215,\"335559739\":240,\"335559740\":259}\"> <\/span><\/p>\n<p><span data-contrast=\"none\">Den h\u00e4r kollektionen har en kombination av tv\u00e5 typer av h\u00f6gkvalitativa italienska tyger i en elegant elfenbensf\u00e4rgad f\u00e4rg: 300-tr\u00e5dig jacquard p\u00e5 framsidan av Oxfords \u00f6rngott och p\u00e5slakan, och 300-tr\u00e5dig satin p\u00e5 undersidan. Lakanen \u00e4r gjorda av 300-tr\u00e5ds satin, vilket \u00e4r mjukt och behagligt att ta p\u00e5 <\/span><span data-contrast=\"none\">. Alla tyger \u00e4r gjorda av  <\/span><span data-contrast=\"none\">den utvalda l\u00e5ngfibriga egyptiska bomullen<\/span><span data-contrast=\"none\">.<\/span><span data-contrast=\"none\"> Det<\/span><span data-contrast=\"none\"> texturerade m\u00f6nstret p\u00e5 jacquard, k\u00e4nd som pied-de-poule , tillf\u00f6r elegans och aristokrati till s\u00e4ngkl\u00e4derna, vilket g\u00f6r det till ett elegant tillskott till olika sovrumsstilar och harmoniskt kompletterar de mest moderna interi\u00f6rerna.<\/span><span data-ccp-props=\"{\"201341983\":0,\"335557856\":16777215,\"335559739\":240,\"335559740\":259}\"> <\/span><\/p>\n<p><span data-contrast=\"none\">P\u00e5slakan, lakan och \u00f6rngott finns att k\u00f6pa separat. Du kan skapa din egen upps\u00e4ttning s\u00e4ngkl\u00e4der efter storleken p\u00e5 din s\u00e4ng, filtar och kuddar.  <\/span><span data-ccp-props=\"{\"201341983\":0,\"335557856\":16777215,\"335559739\":240,\"335559740\":259}\"> <\/span><\/p>\n","protected":false},"excerpt":{"rendered":"<p><span data-contrast=\"none\">En atmosf\u00e4r av lyx f\u00f6r varje kv\u00e4ll&#8230;<\/span><span data-ccp-props=\"{\"201341983\":0,\"335557856\":16777215,\"335559739\":240,\"335559740\":259}\"> <\/span><\/p>\n<p><span data-contrast=\"none\">Den h\u00e4r kollektionen har en kombination av tv\u00e5 typer av h\u00f6gkvalitativa italienska tyger i en elegant elfenbensf\u00e4rgad f\u00e4rg: 300-tr\u00e5dig jacquard p\u00e5 framsidan av Oxfords \u00f6rngott och p\u00e5slakan, och 300-tr\u00e5dig satin p\u00e5 undersidan. Lakanen \u00e4r gjorda av 300-tr\u00e5ds satin, vilket \u00e4r mjukt och behagligt att ta p\u00e5 <\/span><span data-contrast=\"none\">. Alla tyger \u00e4r gjorda av  <\/span><span data-contrast=\"none\">den utvalda l\u00e5ngfibriga egyptiska bomullen<\/span><span data-contrast=\"none\">.<\/span><span data-contrast=\"none\"> Det<\/span><span data-contrast=\"none\"> texturerade m\u00f6nstret p\u00e5 jacquard, k\u00e4nd som pied-de-poule , tillf\u00f6r elegans och aristokrati till s\u00e4ngkl\u00e4derna, vilket g\u00f6r det till ett elegant tillskott till olika sovrumsstilar och harmoniskt kompletterar de mest moderna interi\u00f6rerna.<\/span><span data-ccp-props=\"{\"201341983\":0,\"335557856\":16777215,\"335559739\":240,\"335559740\":259}\"> <\/span><\/p>\n<p><span data-contrast=\"none\">P\u00e5slakan, lakan och \u00f6rngott finns att k\u00f6pa separat. Du kan skapa din egen upps\u00e4ttning s\u00e4ngkl\u00e4der efter storleken p\u00e5 din s\u00e4ng, filtar och kuddar.  <\/span><span data-ccp-props=\"{\"201341983\":0,\"335557856\":16777215,\"335559739\":240,\"335559740\":259}\"> <\/span><\/p>\n","protected":false},"featured_media":1138,"comment_status":"open","ping_status":"closed","template":"","meta":{"_acf_changed":false},"product_brand":[],"product_cat":[65],"product_tag":[],"class_list":{"0":"post-1454","1":"product","2":"type-product","3":"status-publish","4":"has-post-thumbnail","6":"product_cat-sangklader-kollektion","8":"first","9":"instock","10":"taxable","11":"shipping-taxable","12":"purchasable","13":"product-type-woosg"},"acf":[],"yoast_head":"<!-- This site is optimized with the Yoast SEO plugin v25.0 - https:\/\/yoast.com\/wordpress\/plugins\/seo\/ -->\n<title>Diana - Nova Dreams<\/title>\n<meta name=\"robots\" content=\"index, follow, max-snippet:-1, max-image-preview:large, max-video-preview:-1\" \/>\n<link rel=\"canonical\" href=\"https:\/\/novadream.se\/sv\/produkt\/diana\/\" \/>\n<meta property=\"og:locale\" content=\"sv_SE\" \/>\n<meta property=\"og:type\" content=\"article\" \/>\n<meta property=\"og:title\" content=\"Diana - Nova Dreams\" \/>\n<meta property=\"og:description\" content=\"En atmosf\u00e4r av lyx f\u00f6r varje kv\u00e4ll...  Den h\u00e4r kollektionen har en kombination av tv\u00e5 typer av h\u00f6gkvalitativa italienska tyger i en elegant elfenbensf\u00e4rgad f\u00e4rg: 300-tr\u00e5dig jacquard p\u00e5 framsidan av Oxfords \u00f6rngott och p\u00e5slakan, och 300-tr\u00e5dig satin p\u00e5 undersidan. Lakanen \u00e4r gjorda av 300-tr\u00e5ds satin, vilket \u00e4r mjukt och behagligt att ta p\u00e5 . Alla tyger \u00e4r gjorda av den utvalda l\u00e5ngfibriga egyptiska bomullen. Det texturerade m\u00f6nstret p\u00e5 jacquard, k\u00e4nd som pied-de-poule , tillf\u00f6r elegans och aristokrati till s\u00e4ngkl\u00e4derna, vilket g\u00f6r det till ett elegant tillskott till olika sovrumsstilar och harmoniskt kompletterar de mest moderna interi\u00f6rerna.  P\u00e5slakan, lakan och \u00f6rngott finns att k\u00f6pa separat. Du kan skapa din egen upps\u00e4ttning s\u00e4ngkl\u00e4der efter storleken p\u00e5 din s\u00e4ng, filtar och kuddar.\" \/>\n<meta property=\"og:url\" content=\"https:\/\/novadream.se\/sv\/produkt\/diana\/\" \/>\n<meta property=\"og:site_name\" content=\"Nova Dreams\" \/>\n<meta property=\"article:modified_time\" content=\"2025-04-16T13:33:28+00:00\" \/>\n<meta property=\"og:image\" content=\"https:\/\/novadream.se\/wp-content\/uploads\/2024\/01\/Diana-1-scaled.jpg\" \/>\n\t<meta property=\"og:image:width\" content=\"1859\" \/>\n\t<meta property=\"og:image:height\" content=\"2560\" \/>\n\t<meta property=\"og:image:type\" content=\"image\/jpeg\" \/>\n<meta name=\"twitter:card\" content=\"summary_large_image\" \/>\n<meta name=\"twitter:label1\" content=\"Ber\u00e4knad l\u00e4stid\" \/>\n\t<meta name=\"twitter:data1\" content=\"1 minut\" \/>\n<script type=\"application\/ld+json\" class=\"yoast-schema-graph\">{\"@context\":\"https:\/\/schema.org\",\"@graph\":[{\"@type\":\"WebPage\",\"@id\":\"https:\/\/novadream.se\/sv\/produkt\/diana\/\",\"url\":\"https:\/\/novadream.se\/sv\/produkt\/diana\/\",\"name\":\"Diana - Nova Dreams\",\"isPartOf\":{\"@id\":\"https:\/\/novadream.se\/sv\/#website\"},\"primaryImageOfPage\":{\"@id\":\"https:\/\/novadream.se\/sv\/produkt\/diana\/#primaryimage\"},\"image\":{\"@id\":\"https:\/\/novadream.se\/sv\/produkt\/diana\/#primaryimage\"},\"thumbnailUrl\":\"https:\/\/novadream.se\/wp-content\/uploads\/2024\/01\/Diana-1-scaled.jpg\",\"datePublished\":\"2024-01-12T11:41:56+00:00\",\"dateModified\":\"2025-04-16T13:33:28+00:00\",\"breadcrumb\":{\"@id\":\"https:\/\/novadream.se\/sv\/produkt\/diana\/#breadcrumb\"},\"inLanguage\":\"sv-SE\",\"potentialAction\":[{\"@type\":\"ReadAction\",\"target\":[\"https:\/\/novadream.se\/sv\/produkt\/diana\/\"]}]},{\"@type\":\"ImageObject\",\"inLanguage\":\"sv-SE\",\"@id\":\"https:\/\/novadream.se\/sv\/produkt\/diana\/#primaryimage\",\"url\":\"https:\/\/novadream.se\/wp-content\/uploads\/2024\/01\/Diana-1-scaled.jpg\",\"contentUrl\":\"https:\/\/novadream.se\/wp-content\/uploads\/2024\/01\/Diana-1-scaled.jpg\",\"width\":1859,\"height\":2560},{\"@type\":\"BreadcrumbList\",\"@id\":\"https:\/\/novadream.se\/sv\/produkt\/diana\/#breadcrumb\",\"itemListElement\":[{\"@type\":\"ListItem\",\"position\":1,\"name\":\"Home\",\"item\":\"https:\/\/novadream.se\/sv\/\"},{\"@type\":\"ListItem\",\"position\":2,\"name\":\"Butik\",\"item\":\"https:\/\/novadream.se\/butik\/\"},{\"@type\":\"ListItem\",\"position\":3,\"name\":\"Diana\"}]},{\"@type\":\"WebSite\",\"@id\":\"https:\/\/novadream.se\/sv\/#website\",\"url\":\"https:\/\/novadream.se\/sv\/\",\"name\":\"Nova Dreams\",\"description\":\"\",\"publisher\":{\"@id\":\"https:\/\/novadream.se\/sv\/#organization\"},\"potentialAction\":[{\"@type\":\"SearchAction\",\"target\":{\"@type\":\"EntryPoint\",\"urlTemplate\":\"https:\/\/novadream.se\/sv\/?s={search_term_string}\"},\"query-input\":{\"@type\":\"PropertyValueSpecification\",\"valueRequired\":true,\"valueName\":\"search_term_string\"}}],\"inLanguage\":\"sv-SE\"},{\"@type\":\"Organization\",\"@id\":\"https:\/\/novadream.se\/sv\/#organization\",\"name\":\"Nova Worldwide AB\",\"url\":\"https:\/\/novadream.se\/sv\/\",\"logo\":{\"@type\":\"ImageObject\",\"inLanguage\":\"sv-SE\",\"@id\":\"https:\/\/novadream.se\/sv\/#\/schema\/logo\/image\/\",\"url\":\"https:\/\/novadream.se\/wp-content\/uploads\/2025\/05\/nova-white-logo-e1747034077978.png\",\"contentUrl\":\"https:\/\/novadream.se\/wp-content\/uploads\/2025\/05\/nova-white-logo-e1747034077978.png\",\"width\":244,\"height\":137,\"caption\":\"Nova Worldwide AB\"},\"image\":{\"@id\":\"https:\/\/novadream.se\/sv\/#\/schema\/logo\/image\/\"}}]}<\/script>\n<!-- \/ Yoast SEO plugin. -->","yoast_head_json":{"title":"Diana - Nova Dreams","robots":{"index":"index","follow":"follow","max-snippet":"max-snippet:-1","max-image-preview":"max-image-preview:large","max-video-preview":"max-video-preview:-1"},"canonical":"https:\/\/novadream.se\/sv\/produkt\/diana\/","og_locale":"sv_SE","og_type":"article","og_title":"Diana - Nova Dreams","og_description":"En atmosf\u00e4r av lyx f\u00f6r varje kv\u00e4ll...  Den h\u00e4r kollektionen har en kombination av tv\u00e5 typer av h\u00f6gkvalitativa italienska tyger i en elegant elfenbensf\u00e4rgad f\u00e4rg: 300-tr\u00e5dig jacquard p\u00e5 framsidan av Oxfords \u00f6rngott och p\u00e5slakan, och 300-tr\u00e5dig satin p\u00e5 undersidan. Lakanen \u00e4r gjorda av 300-tr\u00e5ds satin, vilket \u00e4r mjukt och behagligt att ta p\u00e5 . Alla tyger \u00e4r gjorda av den utvalda l\u00e5ngfibriga egyptiska bomullen. Det texturerade m\u00f6nstret p\u00e5 jacquard, k\u00e4nd som pied-de-poule , tillf\u00f6r elegans och aristokrati till s\u00e4ngkl\u00e4derna, vilket g\u00f6r det till ett elegant tillskott till olika sovrumsstilar och harmoniskt kompletterar de mest moderna interi\u00f6rerna.  P\u00e5slakan, lakan och \u00f6rngott finns att k\u00f6pa separat. Du kan skapa din egen upps\u00e4ttning s\u00e4ngkl\u00e4der efter storleken p\u00e5 din s\u00e4ng, filtar och kuddar.","og_url":"https:\/\/novadream.se\/sv\/produkt\/diana\/","og_site_name":"Nova Dreams","article_modified_time":"2025-04-16T13:33:28+00:00","og_image":[{"width":1859,"height":2560,"url":"https:\/\/novadream.se\/wp-content\/uploads\/2024\/01\/Diana-1-scaled.jpg","type":"image\/jpeg"}],"twitter_card":"summary_large_image","twitter_misc":{"Ber\u00e4knad l\u00e4stid":"1 minut"},"schema":{"@context":"https:\/\/schema.org","@graph":[{"@type":"WebPage","@id":"https:\/\/novadream.se\/sv\/produkt\/diana\/","url":"https:\/\/novadream.se\/sv\/produkt\/diana\/","name":"Diana - Nova Dreams","isPartOf":{"@id":"https:\/\/novadream.se\/sv\/#website"},"primaryImageOfPage":{"@id":"https:\/\/novadream.se\/sv\/produkt\/diana\/#primaryimage"},"image":{"@id":"https:\/\/novadream.se\/sv\/produkt\/diana\/#primaryimage"},"thumbnailUrl":"https:\/\/novadream.se\/wp-content\/uploads\/2024\/01\/Diana-1-scaled.jpg","datePublished":"2024-01-12T11:41:56+00:00","dateModified":"2025-04-16T13:33:28+00:00","breadcrumb":{"@id":"https:\/\/novadream.se\/sv\/produkt\/diana\/#breadcrumb"},"inLanguage":"sv-SE","potentialAction":[{"@type":"ReadAction","target":["https:\/\/novadream.se\/sv\/produkt\/diana\/"]}]},{"@type":"ImageObject","inLanguage":"sv-SE","@id":"https:\/\/novadream.se\/sv\/produkt\/diana\/#primaryimage","url":"https:\/\/novadream.se\/wp-content\/uploads\/2024\/01\/Diana-1-scaled.jpg","contentUrl":"https:\/\/novadream.se\/wp-content\/uploads\/2024\/01\/Diana-1-scaled.jpg","width":1859,"height":2560},{"@type":"BreadcrumbList","@id":"https:\/\/novadream.se\/sv\/produkt\/diana\/#breadcrumb","itemListElement":[{"@type":"ListItem","position":1,"name":"Home","item":"https:\/\/novadream.se\/sv\/"},{"@type":"ListItem","position":2,"name":"Butik","item":"https:\/\/novadream.se\/butik\/"},{"@type":"ListItem","position":3,"name":"Diana"}]},{"@type":"WebSite","@id":"https:\/\/novadream.se\/sv\/#website","url":"https:\/\/novadream.se\/sv\/","name":"Nova Dreams","description":"","publisher":{"@id":"https:\/\/novadream.se\/sv\/#organization"},"potentialAction":[{"@type":"SearchAction","target":{"@type":"EntryPoint","urlTemplate":"https:\/\/novadream.se\/sv\/?s={search_term_string}"},"query-input":{"@type":"PropertyValueSpecification","valueRequired":true,"valueName":"search_term_string"}}],"inLanguage":"sv-SE"},{"@type":"Organization","@id":"https:\/\/novadream.se\/sv\/#organization","name":"Nova Worldwide AB","url":"https:\/\/novadream.se\/sv\/","logo":{"@type":"ImageObject","inLanguage":"sv-SE","@id":"https:\/\/novadream.se\/sv\/#\/schema\/logo\/image\/","url":"https:\/\/novadream.se\/wp-content\/uploads\/2025\/05\/nova-white-logo-e1747034077978.png","contentUrl":"https:\/\/novadream.se\/wp-content\/uploads\/2025\/05\/nova-white-logo-e1747034077978.png","width":244,"height":137,"caption":"Nova Worldwide AB"},"image":{"@id":"https:\/\/novadream.se\/sv\/#\/schema\/logo\/image\/"}}]}},"_links":{"self":[{"href":"https:\/\/novadream.se\/sv\/wp-json\/wp\/v2\/product\/1454","targetHints":{"allow":["GET"]}}],"collection":[{"href":"https:\/\/novadream.se\/sv\/wp-json\/wp\/v2\/product"}],"about":[{"href":"https:\/\/novadream.se\/sv\/wp-json\/wp\/v2\/types\/product"}],"replies":[{"embeddable":true,"href":"https:\/\/novadream.se\/sv\/wp-json\/wp\/v2\/comments?post=1454"}],"wp:featuredmedia":[{"embeddable":true,"href":"https:\/\/novadream.se\/sv\/wp-json\/wp\/v2\/media\/1138"}],"wp:attachment":[{"href":"https:\/\/novadream.se\/sv\/wp-json\/wp\/v2\/media?parent=1454"}],"wp:term":[{"taxonomy":"product_brand","embeddable":true,"href":"https:\/\/novadream.se\/sv\/wp-json\/wp\/v2\/product_brand?post=1454"},{"taxonomy":"product_cat","embeddable":true,"href":"https:\/\/novadream.se\/sv\/wp-json\/wp\/v2\/product_cat?post=1454"},{"taxonomy":"product_tag","embeddable":true,"href":"https:\/\/novadream.se\/sv\/wp-json\/wp\/v2\/product_tag?post=1454"}],"curies":[{"name":"wp","href":"https:\/\/api.w.org\/{rel}","templated":true}]}}