{"id":1457,"date":"2023-12-29T12:20:41","date_gmt":"2023-12-29T12:20:41","guid":{"rendered":"https:\/\/novadream.se\/product\/margo\/"},"modified":"2025-04-16T13:25:16","modified_gmt":"2025-04-16T13:25:16","slug":"margo","status":"publish","type":"product","link":"https:\/\/novadream.se\/sv\/produkt\/margo\/","title":{"rendered":"Margo"},"content":{"rendered":"<p><span data-contrast=\"none\">Upplev symbolen f\u00f6r stil och komfort med v\u00e5ra underbara s\u00e4ngkl\u00e4der&#8230;<\/span><span data-ccp-props=\"{\"201341983\":0,\"335557856\":16777215,\"335559739\":240,\"335559740\":259}\"> <\/span><\/p>\n<p><span data-contrast=\"none\">Our marshmallow-soft bedding in pale pink color, decorated with an embroidered seam is the highlight of our collection. Den \u00e4r skapad av h\u00f6gkvalitativ italiensk satin med 600 tr\u00e5dar, som har utm\u00e4rkta textila egenskaper. Tyget \u00e4r tillverkat av  <\/span><span data-contrast=\"none\">den b\u00e4sta l\u00e5ngfibriga egyptiska bomullen<\/span><span data-contrast=\"none\">. <\/span> <span data-ccp-props=\"{\"201341983\":0,\"335557856\":16777215,\"335559739\":240,\"335559740\":259}\"> <\/span><\/p>\n<p><span data-contrast=\"none\">S\u00e4ngkl\u00e4der fr\u00e5n denna kollektion har en sl\u00e4t, silkeslen yta, orsakar inte statisk elektricitet och k\u00e4nns extremt behaglig mot huden. Det kommer utan tvekan att l\u00e4gga till en touch av \u00f6mhet och sofistikering till utseendet p\u00e5 din s\u00e4ng och ditt sovrum. Det \u00e4r det perfekta valet f\u00f6r en god natts s\u00f6mn i lyxig komfort.  <\/span><span data-ccp-props=\"{\"201341983\":0,\"335557856\":16777215,\"335559739\":240,\"335559740\":259}\"> <\/span><\/p>\n<p><span data-contrast=\"none\">P\u00e5slakanen har dolda knappar. B\u00e5de \u00f6rngott och p\u00e5slakan \u00e4r tillverkade i Oxford-stil.  <\/span><span data-ccp-props=\"{\"201341983\":0,\"335557856\":16777215,\"335559739\":240,\"335559740\":259}\"> <\/span><\/p>\n<p><span data-contrast=\"none\">Alla f\u00f6rem\u00e5l finns att k\u00f6pa separat, beroende p\u00e5 storleken p\u00e5 din s\u00e4ng, filtar och kuddar.<\/span><span data-ccp-props=\"{\"201341983\":0,\"335557856\":16777215,\"335559739\":240,\"335559740\":259}\"> <\/span><\/p>\n","protected":false},"excerpt":{"rendered":"<p><span data-contrast=\"none\">Upplev symbolen f\u00f6r stil och komfort med v\u00e5ra underbara s\u00e4ngkl\u00e4der&#8230;<\/span><span data-ccp-props=\"{\"201341983\":0,\"335557856\":16777215,\"335559739\":240,\"335559740\":259}\"> <\/span><\/p>\n<p><span data-contrast=\"none\">Our marshmallow-soft bedding in pale pink color, decorated with an embroidered seam is the highlight of our collection. Den \u00e4r skapad av h\u00f6gkvalitativ italiensk satin med 600 tr\u00e5dar, som har utm\u00e4rkta textila egenskaper. Tyget \u00e4r tillverkat av  <\/span><span data-contrast=\"none\">den b\u00e4sta l\u00e5ngfibriga egyptiska bomullen<\/span><span data-contrast=\"none\">. <\/span> <span data-ccp-props=\"{\"201341983\":0,\"335557856\":16777215,\"335559739\":240,\"335559740\":259}\"> <\/span><\/p>\n<p><span data-contrast=\"none\">S\u00e4ngkl\u00e4der fr\u00e5n denna kollektion har en sl\u00e4t, silkeslen yta, orsakar inte statisk elektricitet och k\u00e4nns extremt behaglig mot huden. Det kommer utan tvekan att l\u00e4gga till en touch av \u00f6mhet och sofistikering till utseendet p\u00e5 din s\u00e4ng och ditt sovrum. Det \u00e4r det perfekta valet f\u00f6r en god natts s\u00f6mn i lyxig komfort.  <\/span><span data-ccp-props=\"{\"201341983\":0,\"335557856\":16777215,\"335559739\":240,\"335559740\":259}\"> <\/span><\/p>\n<p><span data-contrast=\"none\">P\u00e5slakanen har dolda knappar. B\u00e5de \u00f6rngott och p\u00e5slakan \u00e4r tillverkade i Oxford-stil.  <\/span><span data-ccp-props=\"{\"201341983\":0,\"335557856\":16777215,\"335559739\":240,\"335559740\":259}\"> <\/span><\/p>\n<p><span data-contrast=\"none\">Alla f\u00f6rem\u00e5l finns att k\u00f6pa separat, beroende p\u00e5 storleken p\u00e5 din s\u00e4ng, filtar och kuddar.<\/span><span data-ccp-props=\"{\"201341983\":0,\"335557856\":16777215,\"335559739\":240,\"335559740\":259}\"> <\/span><\/p>\n","protected":false},"featured_media":1850,"comment_status":"open","ping_status":"closed","template":"","meta":{"_acf_changed":false},"product_brand":[],"product_cat":[65],"product_tag":[],"class_list":{"0":"post-1457","1":"product","2":"type-product","3":"status-publish","4":"has-post-thumbnail","6":"product_cat-sangklader-kollektion","8":"first","9":"instock","10":"taxable","11":"shipping-taxable","12":"purchasable","13":"product-type-woosg"},"acf":[],"yoast_head":"<!-- This site is optimized with the Yoast SEO plugin v25.0 - https:\/\/yoast.com\/wordpress\/plugins\/seo\/ -->\n<title>Margo - Nova Dreams<\/title>\n<meta name=\"robots\" content=\"index, follow, max-snippet:-1, max-image-preview:large, max-video-preview:-1\" \/>\n<link rel=\"canonical\" href=\"https:\/\/novadream.se\/sv\/produkt\/margo\/\" \/>\n<meta property=\"og:locale\" content=\"sv_SE\" \/>\n<meta property=\"og:type\" content=\"article\" \/>\n<meta property=\"og:title\" content=\"Margo - Nova Dreams\" \/>\n<meta property=\"og:description\" content=\"Upplev symbolen f\u00f6r stil och komfort med v\u00e5ra underbara s\u00e4ngkl\u00e4der...  Our marshmallow-soft bedding in pale pink color, decorated with an embroidered seam is the highlight of our collection. Den \u00e4r skapad av h\u00f6gkvalitativ italiensk satin med 600 tr\u00e5dar, som har utm\u00e4rkta textila egenskaper. Tyget \u00e4r tillverkat av den b\u00e4sta l\u00e5ngfibriga egyptiska bomullen.   S\u00e4ngkl\u00e4der fr\u00e5n denna kollektion har en sl\u00e4t, silkeslen yta, orsakar inte statisk elektricitet och k\u00e4nns extremt behaglig mot huden. Det kommer utan tvekan att l\u00e4gga till en touch av \u00f6mhet och sofistikering till utseendet p\u00e5 din s\u00e4ng och ditt sovrum. Det \u00e4r det perfekta valet f\u00f6r en god natts s\u00f6mn i lyxig komfort.   P\u00e5slakanen har dolda knappar. B\u00e5de \u00f6rngott och p\u00e5slakan \u00e4r tillverkade i Oxford-stil.   Alla f\u00f6rem\u00e5l finns att k\u00f6pa separat, beroende p\u00e5 storleken p\u00e5 din s\u00e4ng, filtar och kuddar.\" \/>\n<meta property=\"og:url\" content=\"https:\/\/novadream.se\/sv\/produkt\/margo\/\" \/>\n<meta property=\"og:site_name\" content=\"Nova Dreams\" \/>\n<meta property=\"article:modified_time\" content=\"2025-04-16T13:25:16+00:00\" \/>\n<meta property=\"og:image\" content=\"https:\/\/novadream.se\/wp-content\/uploads\/2023\/12\/Margo-4-scaled.jpg\" \/>\n\t<meta property=\"og:image:width\" content=\"1738\" \/>\n\t<meta property=\"og:image:height\" content=\"2560\" \/>\n\t<meta property=\"og:image:type\" content=\"image\/jpeg\" \/>\n<meta name=\"twitter:card\" content=\"summary_large_image\" \/>\n<meta name=\"twitter:label1\" content=\"Ber\u00e4knad l\u00e4stid\" \/>\n\t<meta name=\"twitter:data1\" content=\"1 minut\" \/>\n<script type=\"application\/ld+json\" class=\"yoast-schema-graph\">{\"@context\":\"https:\/\/schema.org\",\"@graph\":[{\"@type\":\"WebPage\",\"@id\":\"https:\/\/novadream.se\/sv\/produkt\/margo\/\",\"url\":\"https:\/\/novadream.se\/sv\/produkt\/margo\/\",\"name\":\"Margo - Nova Dreams\",\"isPartOf\":{\"@id\":\"https:\/\/novadream.se\/sv\/#website\"},\"primaryImageOfPage\":{\"@id\":\"https:\/\/novadream.se\/sv\/produkt\/margo\/#primaryimage\"},\"image\":{\"@id\":\"https:\/\/novadream.se\/sv\/produkt\/margo\/#primaryimage\"},\"thumbnailUrl\":\"https:\/\/novadream.se\/wp-content\/uploads\/2023\/12\/002.jpg\",\"datePublished\":\"2023-12-29T12:20:41+00:00\",\"dateModified\":\"2025-04-16T13:25:16+00:00\",\"breadcrumb\":{\"@id\":\"https:\/\/novadream.se\/sv\/produkt\/margo\/#breadcrumb\"},\"inLanguage\":\"sv-SE\",\"potentialAction\":[{\"@type\":\"ReadAction\",\"target\":[\"https:\/\/novadream.se\/sv\/produkt\/margo\/\"]}]},{\"@type\":\"ImageObject\",\"inLanguage\":\"sv-SE\",\"@id\":\"https:\/\/novadream.se\/sv\/produkt\/margo\/#primaryimage\",\"url\":\"https:\/\/novadream.se\/wp-content\/uploads\/2023\/12\/002.jpg\",\"contentUrl\":\"https:\/\/novadream.se\/wp-content\/uploads\/2023\/12\/002.jpg\",\"width\":2048,\"height\":1362},{\"@type\":\"BreadcrumbList\",\"@id\":\"https:\/\/novadream.se\/sv\/produkt\/margo\/#breadcrumb\",\"itemListElement\":[{\"@type\":\"ListItem\",\"position\":1,\"name\":\"Home\",\"item\":\"https:\/\/novadream.se\/sv\/\"},{\"@type\":\"ListItem\",\"position\":2,\"name\":\"Butik\",\"item\":\"https:\/\/novadream.se\/butik\/\"},{\"@type\":\"ListItem\",\"position\":3,\"name\":\"Margo\"}]},{\"@type\":\"WebSite\",\"@id\":\"https:\/\/novadream.se\/sv\/#website\",\"url\":\"https:\/\/novadream.se\/sv\/\",\"name\":\"Nova Dreams\",\"description\":\"\",\"publisher\":{\"@id\":\"https:\/\/novadream.se\/sv\/#organization\"},\"potentialAction\":[{\"@type\":\"SearchAction\",\"target\":{\"@type\":\"EntryPoint\",\"urlTemplate\":\"https:\/\/novadream.se\/sv\/?s={search_term_string}\"},\"query-input\":{\"@type\":\"PropertyValueSpecification\",\"valueRequired\":true,\"valueName\":\"search_term_string\"}}],\"inLanguage\":\"sv-SE\"},{\"@type\":\"Organization\",\"@id\":\"https:\/\/novadream.se\/sv\/#organization\",\"name\":\"Nova Worldwide AB\",\"url\":\"https:\/\/novadream.se\/sv\/\",\"logo\":{\"@type\":\"ImageObject\",\"inLanguage\":\"sv-SE\",\"@id\":\"https:\/\/novadream.se\/sv\/#\/schema\/logo\/image\/\",\"url\":\"https:\/\/novadream.se\/wp-content\/uploads\/2025\/05\/nova-white-logo-e1747034077978.png\",\"contentUrl\":\"https:\/\/novadream.se\/wp-content\/uploads\/2025\/05\/nova-white-logo-e1747034077978.png\",\"width\":244,\"height\":137,\"caption\":\"Nova Worldwide AB\"},\"image\":{\"@id\":\"https:\/\/novadream.se\/sv\/#\/schema\/logo\/image\/\"}}]}<\/script>\n<!-- \/ Yoast SEO plugin. -->","yoast_head_json":{"title":"Margo - Nova Dreams","robots":{"index":"index","follow":"follow","max-snippet":"max-snippet:-1","max-image-preview":"max-image-preview:large","max-video-preview":"max-video-preview:-1"},"canonical":"https:\/\/novadream.se\/sv\/produkt\/margo\/","og_locale":"sv_SE","og_type":"article","og_title":"Margo - Nova Dreams","og_description":"Upplev symbolen f\u00f6r stil och komfort med v\u00e5ra underbara s\u00e4ngkl\u00e4der...  Our marshmallow-soft bedding in pale pink color, decorated with an embroidered seam is the highlight of our collection. Den \u00e4r skapad av h\u00f6gkvalitativ italiensk satin med 600 tr\u00e5dar, som har utm\u00e4rkta textila egenskaper. Tyget \u00e4r tillverkat av den b\u00e4sta l\u00e5ngfibriga egyptiska bomullen.   S\u00e4ngkl\u00e4der fr\u00e5n denna kollektion har en sl\u00e4t, silkeslen yta, orsakar inte statisk elektricitet och k\u00e4nns extremt behaglig mot huden. Det kommer utan tvekan att l\u00e4gga till en touch av \u00f6mhet och sofistikering till utseendet p\u00e5 din s\u00e4ng och ditt sovrum. Det \u00e4r det perfekta valet f\u00f6r en god natts s\u00f6mn i lyxig komfort.   P\u00e5slakanen har dolda knappar. B\u00e5de \u00f6rngott och p\u00e5slakan \u00e4r tillverkade i Oxford-stil.   Alla f\u00f6rem\u00e5l finns att k\u00f6pa separat, beroende p\u00e5 storleken p\u00e5 din s\u00e4ng, filtar och kuddar.","og_url":"https:\/\/novadream.se\/sv\/produkt\/margo\/","og_site_name":"Nova Dreams","article_modified_time":"2025-04-16T13:25:16+00:00","og_image":[{"width":1738,"height":2560,"url":"https:\/\/novadream.se\/wp-content\/uploads\/2023\/12\/Margo-4-scaled.jpg","type":"image\/jpeg"}],"twitter_card":"summary_large_image","twitter_misc":{"Ber\u00e4knad l\u00e4stid":"1 minut"},"schema":{"@context":"https:\/\/schema.org","@graph":[{"@type":"WebPage","@id":"https:\/\/novadream.se\/sv\/produkt\/margo\/","url":"https:\/\/novadream.se\/sv\/produkt\/margo\/","name":"Margo - Nova Dreams","isPartOf":{"@id":"https:\/\/novadream.se\/sv\/#website"},"primaryImageOfPage":{"@id":"https:\/\/novadream.se\/sv\/produkt\/margo\/#primaryimage"},"image":{"@id":"https:\/\/novadream.se\/sv\/produkt\/margo\/#primaryimage"},"thumbnailUrl":"https:\/\/novadream.se\/wp-content\/uploads\/2023\/12\/002.jpg","datePublished":"2023-12-29T12:20:41+00:00","dateModified":"2025-04-16T13:25:16+00:00","breadcrumb":{"@id":"https:\/\/novadream.se\/sv\/produkt\/margo\/#breadcrumb"},"inLanguage":"sv-SE","potentialAction":[{"@type":"ReadAction","target":["https:\/\/novadream.se\/sv\/produkt\/margo\/"]}]},{"@type":"ImageObject","inLanguage":"sv-SE","@id":"https:\/\/novadream.se\/sv\/produkt\/margo\/#primaryimage","url":"https:\/\/novadream.se\/wp-content\/uploads\/2023\/12\/002.jpg","contentUrl":"https:\/\/novadream.se\/wp-content\/uploads\/2023\/12\/002.jpg","width":2048,"height":1362},{"@type":"BreadcrumbList","@id":"https:\/\/novadream.se\/sv\/produkt\/margo\/#breadcrumb","itemListElement":[{"@type":"ListItem","position":1,"name":"Home","item":"https:\/\/novadream.se\/sv\/"},{"@type":"ListItem","position":2,"name":"Butik","item":"https:\/\/novadream.se\/butik\/"},{"@type":"ListItem","position":3,"name":"Margo"}]},{"@type":"WebSite","@id":"https:\/\/novadream.se\/sv\/#website","url":"https:\/\/novadream.se\/sv\/","name":"Nova Dreams","description":"","publisher":{"@id":"https:\/\/novadream.se\/sv\/#organization"},"potentialAction":[{"@type":"SearchAction","target":{"@type":"EntryPoint","urlTemplate":"https:\/\/novadream.se\/sv\/?s={search_term_string}"},"query-input":{"@type":"PropertyValueSpecification","valueRequired":true,"valueName":"search_term_string"}}],"inLanguage":"sv-SE"},{"@type":"Organization","@id":"https:\/\/novadream.se\/sv\/#organization","name":"Nova Worldwide AB","url":"https:\/\/novadream.se\/sv\/","logo":{"@type":"ImageObject","inLanguage":"sv-SE","@id":"https:\/\/novadream.se\/sv\/#\/schema\/logo\/image\/","url":"https:\/\/novadream.se\/wp-content\/uploads\/2025\/05\/nova-white-logo-e1747034077978.png","contentUrl":"https:\/\/novadream.se\/wp-content\/uploads\/2025\/05\/nova-white-logo-e1747034077978.png","width":244,"height":137,"caption":"Nova Worldwide AB"},"image":{"@id":"https:\/\/novadream.se\/sv\/#\/schema\/logo\/image\/"}}]}},"_links":{"self":[{"href":"https:\/\/novadream.se\/sv\/wp-json\/wp\/v2\/product\/1457","targetHints":{"allow":["GET"]}}],"collection":[{"href":"https:\/\/novadream.se\/sv\/wp-json\/wp\/v2\/product"}],"about":[{"href":"https:\/\/novadream.se\/sv\/wp-json\/wp\/v2\/types\/product"}],"replies":[{"embeddable":true,"href":"https:\/\/novadream.se\/sv\/wp-json\/wp\/v2\/comments?post=1457"}],"wp:featuredmedia":[{"embeddable":true,"href":"https:\/\/novadream.se\/sv\/wp-json\/wp\/v2\/media\/1850"}],"wp:attachment":[{"href":"https:\/\/novadream.se\/sv\/wp-json\/wp\/v2\/media?parent=1457"}],"wp:term":[{"taxonomy":"product_brand","embeddable":true,"href":"https:\/\/novadream.se\/sv\/wp-json\/wp\/v2\/product_brand?post=1457"},{"taxonomy":"product_cat","embeddable":true,"href":"https:\/\/novadream.se\/sv\/wp-json\/wp\/v2\/product_cat?post=1457"},{"taxonomy":"product_tag","embeddable":true,"href":"https:\/\/novadream.se\/sv\/wp-json\/wp\/v2\/product_tag?post=1457"}],"curies":[{"name":"wp","href":"https:\/\/api.w.org\/{rel}","templated":true}]}}