{"id":1463,"date":"2023-12-25T12:25:15","date_gmt":"2023-12-25T12:25:15","guid":{"rendered":"https:\/\/novadream.se\/product\/elizabeth\/"},"modified":"2025-04-16T13:42:32","modified_gmt":"2025-04-16T13:42:32","slug":"elizabeth","status":"publish","type":"product","link":"https:\/\/novadream.se\/sv\/produkt\/elizabeth\/","title":{"rendered":"Elizabeth"},"content":{"rendered":"<p><span data-contrast=\"none\">En symfoni av elegans och luftighet&#8230;<\/span><span data-ccp-props=\"{\"134233117\":true,\"134233118\":true,\"201341983\":0,\"335559739\":160,\"335559740\":240}\"> <\/span><\/p>\n<p><span data-contrast=\"none\">Denna premium s\u00e4nglinnekollektion i cappuccinof\u00e4rg ger en diskret men \u00e4nd\u00e5 lyxig touch till alla sovrum. <\/span><span data-contrast=\"none\">De varma tonerna och den mjuka konsistensen av den 300-tr\u00e5diga satinen skapar en lugn och inbjudande atmosf\u00e4r, vilket g\u00f6r det till ett utm\u00e4rkt val f\u00f6r dem som vill f\u00f6rb\u00e4ttra sin sovmilj\u00f6 med elegans och komfort. <\/span><span data-contrast=\"none\">.  <\/span><span data-contrast=\"none\">H\u00f6jdpunkten i denna kollektion \u00e4r utsmyckningen av \u00f6rngott och p\u00e5slakan med flera tre centimeters veck av tyg. Satinbasen \u00e4r gjord av 100 % premium bomull, vilket bidrar till tygets sl\u00e4thet, andningsf\u00f6rm\u00e5ga och h\u00e5llbarhet. <\/span><span data-ccp-props=\"{\"201341983\":0,\"335557856\":16777215,\"335559739\":240,\"335559740\":259}\"> <\/span><\/p>\n<p><span data-contrast=\"none\">All items of bed linen<\/span><span data-contrast=\"none\"> are availablefor purchase separately according to the size of your bed, blankets and pillows.<\/span><span data-ccp-props=\"{\"134233117\":true,\"134233118\":false,\"201341983\":0,\"335559739\":0,\"335559740\":240}\"> <\/span><\/p>\n","protected":false},"excerpt":{"rendered":"<p><span data-contrast=\"none\">En symfoni av elegans och luftighet&#8230;<\/span><span data-ccp-props=\"{\"134233117\":true,\"134233118\":true,\"201341983\":0,\"335559739\":160,\"335559740\":240}\"> <\/span><\/p>\n<p><span data-contrast=\"none\">Denna premium s\u00e4nglinnekollektion i cappuccinof\u00e4rg ger en diskret men \u00e4nd\u00e5 lyxig touch till alla sovrum. <\/span><span data-contrast=\"none\">De varma tonerna och den mjuka konsistensen av den 300-tr\u00e5diga satinen skapar en lugn och inbjudande atmosf\u00e4r, vilket g\u00f6r det till ett utm\u00e4rkt val f\u00f6r dem som vill f\u00f6rb\u00e4ttra sin sovmilj\u00f6 med elegans och komfort. <\/span><span data-contrast=\"none\">.  <\/span><span data-contrast=\"none\">H\u00f6jdpunkten i denna kollektion \u00e4r utsmyckningen av \u00f6rngott och p\u00e5slakan med flera tre centimeters veck av tyg. Satinbasen \u00e4r gjord av 100 % premium bomull, vilket bidrar till tygets sl\u00e4thet, andningsf\u00f6rm\u00e5ga och h\u00e5llbarhet. <\/span><span data-ccp-props=\"{\"201341983\":0,\"335557856\":16777215,\"335559739\":240,\"335559740\":259}\"> <\/span><\/p>\n<p><span data-contrast=\"none\">All items of bed linen<\/span><span data-contrast=\"none\"> are availablefor purchase separately according to the size of your bed, blankets and pillows.<\/span><span data-ccp-props=\"{\"134233117\":true,\"134233118\":false,\"201341983\":0,\"335559739\":0,\"335559740\":240}\"> <\/span><\/p>\n","protected":false},"featured_media":993,"comment_status":"open","ping_status":"closed","template":"","meta":{"_acf_changed":false},"product_brand":[],"product_cat":[65],"product_tag":[],"class_list":{"0":"post-1463","1":"product","2":"type-product","3":"status-publish","4":"has-post-thumbnail","6":"product_cat-sangklader-kollektion","8":"first","9":"instock","10":"taxable","11":"shipping-taxable","12":"purchasable","13":"product-type-woosg"},"acf":[],"yoast_head":"<!-- This site is optimized with the Yoast SEO plugin v25.0 - https:\/\/yoast.com\/wordpress\/plugins\/seo\/ -->\n<title>Elizabeth - Nova Dreams<\/title>\n<meta name=\"robots\" content=\"index, follow, max-snippet:-1, max-image-preview:large, max-video-preview:-1\" \/>\n<link rel=\"canonical\" href=\"https:\/\/novadream.se\/sv\/produkt\/elizabeth\/\" \/>\n<meta property=\"og:locale\" content=\"sv_SE\" \/>\n<meta property=\"og:type\" content=\"article\" \/>\n<meta property=\"og:title\" content=\"Elizabeth - Nova Dreams\" \/>\n<meta property=\"og:description\" content=\"En symfoni av elegans och luftighet...  Denna premium s\u00e4nglinnekollektion i cappuccinof\u00e4rg ger en diskret men \u00e4nd\u00e5 lyxig touch till alla sovrum. De varma tonerna och den mjuka konsistensen av den 300-tr\u00e5diga satinen skapar en lugn och inbjudande atmosf\u00e4r, vilket g\u00f6r det till ett utm\u00e4rkt val f\u00f6r dem som vill f\u00f6rb\u00e4ttra sin sovmilj\u00f6 med elegans och komfort. . H\u00f6jdpunkten i denna kollektion \u00e4r utsmyckningen av \u00f6rngott och p\u00e5slakan med flera tre centimeters veck av tyg. Satinbasen \u00e4r gjord av 100 % premium bomull, vilket bidrar till tygets sl\u00e4thet, andningsf\u00f6rm\u00e5ga och h\u00e5llbarhet.  All items of bed linen are availablefor purchase separately according to the size of your bed, blankets and pillows.\" \/>\n<meta property=\"og:url\" content=\"https:\/\/novadream.se\/sv\/produkt\/elizabeth\/\" \/>\n<meta property=\"og:site_name\" content=\"Nova Dreams\" \/>\n<meta property=\"article:modified_time\" content=\"2025-04-16T13:42:32+00:00\" \/>\n<meta property=\"og:image\" content=\"https:\/\/novadream.se\/wp-content\/uploads\/2023\/12\/Elisabeth-2-scaled.jpg\" \/>\n\t<meta property=\"og:image:width\" content=\"1707\" \/>\n\t<meta property=\"og:image:height\" content=\"2560\" \/>\n\t<meta property=\"og:image:type\" content=\"image\/jpeg\" \/>\n<meta name=\"twitter:card\" content=\"summary_large_image\" \/>\n<meta name=\"twitter:label1\" content=\"Ber\u00e4knad l\u00e4stid\" \/>\n\t<meta name=\"twitter:data1\" content=\"1 minut\" \/>\n<script type=\"application\/ld+json\" class=\"yoast-schema-graph\">{\"@context\":\"https:\/\/schema.org\",\"@graph\":[{\"@type\":\"WebPage\",\"@id\":\"https:\/\/novadream.se\/sv\/produkt\/elizabeth\/\",\"url\":\"https:\/\/novadream.se\/sv\/produkt\/elizabeth\/\",\"name\":\"Elizabeth - Nova Dreams\",\"isPartOf\":{\"@id\":\"https:\/\/novadream.se\/sv\/#website\"},\"primaryImageOfPage\":{\"@id\":\"https:\/\/novadream.se\/sv\/produkt\/elizabeth\/#primaryimage\"},\"image\":{\"@id\":\"https:\/\/novadream.se\/sv\/produkt\/elizabeth\/#primaryimage\"},\"thumbnailUrl\":\"https:\/\/novadream.se\/wp-content\/uploads\/2023\/12\/Elisabeth-2-scaled.jpg\",\"datePublished\":\"2023-12-25T12:25:15+00:00\",\"dateModified\":\"2025-04-16T13:42:32+00:00\",\"breadcrumb\":{\"@id\":\"https:\/\/novadream.se\/sv\/produkt\/elizabeth\/#breadcrumb\"},\"inLanguage\":\"sv-SE\",\"potentialAction\":[{\"@type\":\"ReadAction\",\"target\":[\"https:\/\/novadream.se\/sv\/produkt\/elizabeth\/\"]}]},{\"@type\":\"ImageObject\",\"inLanguage\":\"sv-SE\",\"@id\":\"https:\/\/novadream.se\/sv\/produkt\/elizabeth\/#primaryimage\",\"url\":\"https:\/\/novadream.se\/wp-content\/uploads\/2023\/12\/Elisabeth-2-scaled.jpg\",\"contentUrl\":\"https:\/\/novadream.se\/wp-content\/uploads\/2023\/12\/Elisabeth-2-scaled.jpg\",\"width\":1707,\"height\":2560},{\"@type\":\"BreadcrumbList\",\"@id\":\"https:\/\/novadream.se\/sv\/produkt\/elizabeth\/#breadcrumb\",\"itemListElement\":[{\"@type\":\"ListItem\",\"position\":1,\"name\":\"Home\",\"item\":\"https:\/\/novadream.se\/sv\/\"},{\"@type\":\"ListItem\",\"position\":2,\"name\":\"Butik\",\"item\":\"https:\/\/novadream.se\/butik\/\"},{\"@type\":\"ListItem\",\"position\":3,\"name\":\"Elizabeth\"}]},{\"@type\":\"WebSite\",\"@id\":\"https:\/\/novadream.se\/sv\/#website\",\"url\":\"https:\/\/novadream.se\/sv\/\",\"name\":\"Nova Dreams\",\"description\":\"\",\"publisher\":{\"@id\":\"https:\/\/novadream.se\/sv\/#organization\"},\"potentialAction\":[{\"@type\":\"SearchAction\",\"target\":{\"@type\":\"EntryPoint\",\"urlTemplate\":\"https:\/\/novadream.se\/sv\/?s={search_term_string}\"},\"query-input\":{\"@type\":\"PropertyValueSpecification\",\"valueRequired\":true,\"valueName\":\"search_term_string\"}}],\"inLanguage\":\"sv-SE\"},{\"@type\":\"Organization\",\"@id\":\"https:\/\/novadream.se\/sv\/#organization\",\"name\":\"Nova Worldwide AB\",\"url\":\"https:\/\/novadream.se\/sv\/\",\"logo\":{\"@type\":\"ImageObject\",\"inLanguage\":\"sv-SE\",\"@id\":\"https:\/\/novadream.se\/sv\/#\/schema\/logo\/image\/\",\"url\":\"https:\/\/novadream.se\/wp-content\/uploads\/2025\/05\/nova-white-logo-e1747034077978.png\",\"contentUrl\":\"https:\/\/novadream.se\/wp-content\/uploads\/2025\/05\/nova-white-logo-e1747034077978.png\",\"width\":244,\"height\":137,\"caption\":\"Nova Worldwide AB\"},\"image\":{\"@id\":\"https:\/\/novadream.se\/sv\/#\/schema\/logo\/image\/\"}}]}<\/script>\n<!-- \/ Yoast SEO plugin. -->","yoast_head_json":{"title":"Elizabeth - Nova Dreams","robots":{"index":"index","follow":"follow","max-snippet":"max-snippet:-1","max-image-preview":"max-image-preview:large","max-video-preview":"max-video-preview:-1"},"canonical":"https:\/\/novadream.se\/sv\/produkt\/elizabeth\/","og_locale":"sv_SE","og_type":"article","og_title":"Elizabeth - Nova Dreams","og_description":"En symfoni av elegans och luftighet...  Denna premium s\u00e4nglinnekollektion i cappuccinof\u00e4rg ger en diskret men \u00e4nd\u00e5 lyxig touch till alla sovrum. De varma tonerna och den mjuka konsistensen av den 300-tr\u00e5diga satinen skapar en lugn och inbjudande atmosf\u00e4r, vilket g\u00f6r det till ett utm\u00e4rkt val f\u00f6r dem som vill f\u00f6rb\u00e4ttra sin sovmilj\u00f6 med elegans och komfort. . H\u00f6jdpunkten i denna kollektion \u00e4r utsmyckningen av \u00f6rngott och p\u00e5slakan med flera tre centimeters veck av tyg. Satinbasen \u00e4r gjord av 100 % premium bomull, vilket bidrar till tygets sl\u00e4thet, andningsf\u00f6rm\u00e5ga och h\u00e5llbarhet.  All items of bed linen are availablefor purchase separately according to the size of your bed, blankets and pillows.","og_url":"https:\/\/novadream.se\/sv\/produkt\/elizabeth\/","og_site_name":"Nova Dreams","article_modified_time":"2025-04-16T13:42:32+00:00","og_image":[{"width":1707,"height":2560,"url":"https:\/\/novadream.se\/wp-content\/uploads\/2023\/12\/Elisabeth-2-scaled.jpg","type":"image\/jpeg"}],"twitter_card":"summary_large_image","twitter_misc":{"Ber\u00e4knad l\u00e4stid":"1 minut"},"schema":{"@context":"https:\/\/schema.org","@graph":[{"@type":"WebPage","@id":"https:\/\/novadream.se\/sv\/produkt\/elizabeth\/","url":"https:\/\/novadream.se\/sv\/produkt\/elizabeth\/","name":"Elizabeth - Nova Dreams","isPartOf":{"@id":"https:\/\/novadream.se\/sv\/#website"},"primaryImageOfPage":{"@id":"https:\/\/novadream.se\/sv\/produkt\/elizabeth\/#primaryimage"},"image":{"@id":"https:\/\/novadream.se\/sv\/produkt\/elizabeth\/#primaryimage"},"thumbnailUrl":"https:\/\/novadream.se\/wp-content\/uploads\/2023\/12\/Elisabeth-2-scaled.jpg","datePublished":"2023-12-25T12:25:15+00:00","dateModified":"2025-04-16T13:42:32+00:00","breadcrumb":{"@id":"https:\/\/novadream.se\/sv\/produkt\/elizabeth\/#breadcrumb"},"inLanguage":"sv-SE","potentialAction":[{"@type":"ReadAction","target":["https:\/\/novadream.se\/sv\/produkt\/elizabeth\/"]}]},{"@type":"ImageObject","inLanguage":"sv-SE","@id":"https:\/\/novadream.se\/sv\/produkt\/elizabeth\/#primaryimage","url":"https:\/\/novadream.se\/wp-content\/uploads\/2023\/12\/Elisabeth-2-scaled.jpg","contentUrl":"https:\/\/novadream.se\/wp-content\/uploads\/2023\/12\/Elisabeth-2-scaled.jpg","width":1707,"height":2560},{"@type":"BreadcrumbList","@id":"https:\/\/novadream.se\/sv\/produkt\/elizabeth\/#breadcrumb","itemListElement":[{"@type":"ListItem","position":1,"name":"Home","item":"https:\/\/novadream.se\/sv\/"},{"@type":"ListItem","position":2,"name":"Butik","item":"https:\/\/novadream.se\/butik\/"},{"@type":"ListItem","position":3,"name":"Elizabeth"}]},{"@type":"WebSite","@id":"https:\/\/novadream.se\/sv\/#website","url":"https:\/\/novadream.se\/sv\/","name":"Nova Dreams","description":"","publisher":{"@id":"https:\/\/novadream.se\/sv\/#organization"},"potentialAction":[{"@type":"SearchAction","target":{"@type":"EntryPoint","urlTemplate":"https:\/\/novadream.se\/sv\/?s={search_term_string}"},"query-input":{"@type":"PropertyValueSpecification","valueRequired":true,"valueName":"search_term_string"}}],"inLanguage":"sv-SE"},{"@type":"Organization","@id":"https:\/\/novadream.se\/sv\/#organization","name":"Nova Worldwide AB","url":"https:\/\/novadream.se\/sv\/","logo":{"@type":"ImageObject","inLanguage":"sv-SE","@id":"https:\/\/novadream.se\/sv\/#\/schema\/logo\/image\/","url":"https:\/\/novadream.se\/wp-content\/uploads\/2025\/05\/nova-white-logo-e1747034077978.png","contentUrl":"https:\/\/novadream.se\/wp-content\/uploads\/2025\/05\/nova-white-logo-e1747034077978.png","width":244,"height":137,"caption":"Nova Worldwide AB"},"image":{"@id":"https:\/\/novadream.se\/sv\/#\/schema\/logo\/image\/"}}]}},"_links":{"self":[{"href":"https:\/\/novadream.se\/sv\/wp-json\/wp\/v2\/product\/1463","targetHints":{"allow":["GET"]}}],"collection":[{"href":"https:\/\/novadream.se\/sv\/wp-json\/wp\/v2\/product"}],"about":[{"href":"https:\/\/novadream.se\/sv\/wp-json\/wp\/v2\/types\/product"}],"replies":[{"embeddable":true,"href":"https:\/\/novadream.se\/sv\/wp-json\/wp\/v2\/comments?post=1463"}],"wp:featuredmedia":[{"embeddable":true,"href":"https:\/\/novadream.se\/sv\/wp-json\/wp\/v2\/media\/993"}],"wp:attachment":[{"href":"https:\/\/novadream.se\/sv\/wp-json\/wp\/v2\/media?parent=1463"}],"wp:term":[{"taxonomy":"product_brand","embeddable":true,"href":"https:\/\/novadream.se\/sv\/wp-json\/wp\/v2\/product_brand?post=1463"},{"taxonomy":"product_cat","embeddable":true,"href":"https:\/\/novadream.se\/sv\/wp-json\/wp\/v2\/product_cat?post=1463"},{"taxonomy":"product_tag","embeddable":true,"href":"https:\/\/novadream.se\/sv\/wp-json\/wp\/v2\/product_tag?post=1463"}],"curies":[{"name":"wp","href":"https:\/\/api.w.org\/{rel}","templated":true}]}}