{"id":1749,"date":"2025-03-23T05:21:01","date_gmt":"2025-03-23T05:21:01","guid":{"rendered":"https:\/\/novadream.se\/?post_type=product&#038;p=1749"},"modified":"2025-03-25T06:05:27","modified_gmt":"2025-03-25T06:05:27","slug":"vaffelbadrock-herr","status":"publish","type":"product","link":"https:\/\/novadream.se\/sv\/produkt\/vaffelbadrock-herr\/","title":{"rendered":"V\u00e5ffelbadrock &#8211; Herr"},"content":{"rendered":"<p>Kliv in i en v\u00e4rld av komfort och elegans med v\u00e5r ankell\u00e5nga Wafe Bathrobe, designad f\u00f6r att erbjuda en perfekt blandning av stil, funktionalitet och lyxig komfort. Den h\u00e4r badrocken \u00e4r tillverkad av<br \/>\nitaliensk premiumbomull med en distinkt v\u00e4v och \u00e4r ett perfekt val f\u00f6r spadagar, avkoppling efter badet eller lugna morgnar hemma. Den andas och \u00e4r ganska<br \/>\nl\u00e4tt. Den h\u00e4r badrocken har en klassisk design med en sjalkrage, tv\u00e5 rymliga framfickor och ett knytbart b\u00e4lte f\u00f6r enkel justering, vilket garanterar en s\u00e4ker och personlig passform.<\/p>\n","protected":false},"excerpt":{"rendered":"<p>Kliv in i en v\u00e4rld av komfort och elegans med v\u00e5r ankell\u00e5nga Wafe Bathrobe, designad f\u00f6r att erbjuda en perfekt blandning av stil, funktionalitet och lyxig komfort. Den h\u00e4r badrocken \u00e4r tillverkad av<br \/>\nitaliensk premiumbomull med en distinkt v\u00e4v och \u00e4r ett perfekt val f\u00f6r spadagar, avkoppling efter badet eller lugna morgnar hemma. Den andas och \u00e4r ganska<br \/>\nl\u00e4tt. Den h\u00e4r badrocken har en klassisk design med en sjalkrage, tv\u00e5 rymliga framfickor och ett knytbart b\u00e4lte f\u00f6r enkel justering, vilket garanterar en s\u00e4ker och personlig passform.<\/p>\n","protected":false},"featured_media":1864,"comment_status":"open","ping_status":"closed","template":"","meta":{"_acf_changed":false},"product_brand":[],"product_cat":[67,66],"product_tag":[],"class_list":{"0":"post-1749","1":"product","2":"type-product","3":"status-publish","4":"has-post-thumbnail","6":"product_cat-badrockar","7":"product_cat-okategoriserad","9":"first","10":"instock","11":"taxable","12":"shipping-taxable","13":"purchasable","14":"product-type-variable"},"acf":[],"yoast_head":"<!-- This site is optimized with the Yoast SEO plugin v25.0 - https:\/\/yoast.com\/wordpress\/plugins\/seo\/ -->\n<title>V\u00e5ffelbadrock - Herr - Nova Dreams<\/title>\n<meta name=\"robots\" content=\"index, follow, max-snippet:-1, max-image-preview:large, max-video-preview:-1\" \/>\n<link rel=\"canonical\" href=\"https:\/\/novadream.se\/sv\/produkt\/vaffelbadrock-herr\/\" \/>\n<meta property=\"og:locale\" content=\"sv_SE\" \/>\n<meta property=\"og:type\" content=\"article\" \/>\n<meta property=\"og:title\" content=\"V\u00e5ffelbadrock - Herr - Nova Dreams\" \/>\n<meta property=\"og:description\" content=\"Kliv in i en v\u00e4rld av komfort och elegans med v\u00e5r ankell\u00e5nga Wafe Bathrobe, designad f\u00f6r att erbjuda en perfekt blandning av stil, funktionalitet och lyxig komfort. Den h\u00e4r badrocken \u00e4r tillverkad av italiensk premiumbomull med en distinkt v\u00e4v och \u00e4r ett perfekt val f\u00f6r spadagar, avkoppling efter badet eller lugna morgnar hemma. Den andas och \u00e4r ganska l\u00e4tt. Den h\u00e4r badrocken har en klassisk design med en sjalkrage, tv\u00e5 rymliga framfickor och ett knytbart b\u00e4lte f\u00f6r enkel justering, vilket garanterar en s\u00e4ker och personlig passform.\" \/>\n<meta property=\"og:url\" content=\"https:\/\/novadream.se\/sv\/produkt\/vaffelbadrock-herr\/\" \/>\n<meta property=\"og:site_name\" content=\"Nova Dreams\" \/>\n<meta property=\"article:modified_time\" content=\"2025-03-25T06:05:27+00:00\" \/>\n<meta property=\"og:image\" content=\"https:\/\/novadream.se\/wp-content\/uploads\/2024\/12\/waffle-bathrobe-scaled.webp\" \/>\n\t<meta property=\"og:image:width\" content=\"1707\" \/>\n\t<meta property=\"og:image:height\" content=\"2560\" \/>\n\t<meta property=\"og:image:type\" content=\"image\/webp\" \/>\n<meta name=\"twitter:card\" content=\"summary_large_image\" \/>\n<meta name=\"twitter:label1\" content=\"Ber\u00e4knad l\u00e4stid\" \/>\n\t<meta name=\"twitter:data1\" content=\"1 minut\" \/>\n<script type=\"application\/ld+json\" class=\"yoast-schema-graph\">{\"@context\":\"https:\/\/schema.org\",\"@graph\":[{\"@type\":\"WebPage\",\"@id\":\"https:\/\/novadream.se\/sv\/produkt\/vaffelbadrock-herr\/\",\"url\":\"https:\/\/novadream.se\/sv\/produkt\/vaffelbadrock-herr\/\",\"name\":\"V\u00e5ffelbadrock - Herr - Nova Dreams\",\"isPartOf\":{\"@id\":\"https:\/\/novadream.se\/sv\/#website\"},\"primaryImageOfPage\":{\"@id\":\"https:\/\/novadream.se\/sv\/produkt\/vaffelbadrock-herr\/#primaryimage\"},\"image\":{\"@id\":\"https:\/\/novadream.se\/sv\/produkt\/vaffelbadrock-herr\/#primaryimage\"},\"thumbnailUrl\":\"https:\/\/novadream.se\/wp-content\/uploads\/2025\/03\/092-scaled.jpg\",\"datePublished\":\"2025-03-23T05:21:01+00:00\",\"dateModified\":\"2025-03-25T06:05:27+00:00\",\"breadcrumb\":{\"@id\":\"https:\/\/novadream.se\/sv\/produkt\/vaffelbadrock-herr\/#breadcrumb\"},\"inLanguage\":\"sv-SE\",\"potentialAction\":[{\"@type\":\"ReadAction\",\"target\":[\"https:\/\/novadream.se\/sv\/produkt\/vaffelbadrock-herr\/\"]}]},{\"@type\":\"ImageObject\",\"inLanguage\":\"sv-SE\",\"@id\":\"https:\/\/novadream.se\/sv\/produkt\/vaffelbadrock-herr\/#primaryimage\",\"url\":\"https:\/\/novadream.se\/wp-content\/uploads\/2025\/03\/092-scaled.jpg\",\"contentUrl\":\"https:\/\/novadream.se\/wp-content\/uploads\/2025\/03\/092-scaled.jpg\",\"width\":1707,\"height\":2560},{\"@type\":\"BreadcrumbList\",\"@id\":\"https:\/\/novadream.se\/sv\/produkt\/vaffelbadrock-herr\/#breadcrumb\",\"itemListElement\":[{\"@type\":\"ListItem\",\"position\":1,\"name\":\"Home\",\"item\":\"https:\/\/novadream.se\/sv\/\"},{\"@type\":\"ListItem\",\"position\":2,\"name\":\"Butik\",\"item\":\"https:\/\/novadream.se\/butik\/\"},{\"@type\":\"ListItem\",\"position\":3,\"name\":\"V\u00e5ffelbadrock &#8211; Herr\"}]},{\"@type\":\"WebSite\",\"@id\":\"https:\/\/novadream.se\/sv\/#website\",\"url\":\"https:\/\/novadream.se\/sv\/\",\"name\":\"Nova Dreams\",\"description\":\"\",\"publisher\":{\"@id\":\"https:\/\/novadream.se\/sv\/#organization\"},\"potentialAction\":[{\"@type\":\"SearchAction\",\"target\":{\"@type\":\"EntryPoint\",\"urlTemplate\":\"https:\/\/novadream.se\/sv\/?s={search_term_string}\"},\"query-input\":{\"@type\":\"PropertyValueSpecification\",\"valueRequired\":true,\"valueName\":\"search_term_string\"}}],\"inLanguage\":\"sv-SE\"},{\"@type\":\"Organization\",\"@id\":\"https:\/\/novadream.se\/sv\/#organization\",\"name\":\"Nova Worldwide AB\",\"url\":\"https:\/\/novadream.se\/sv\/\",\"logo\":{\"@type\":\"ImageObject\",\"inLanguage\":\"sv-SE\",\"@id\":\"https:\/\/novadream.se\/sv\/#\/schema\/logo\/image\/\",\"url\":\"https:\/\/novadream.se\/wp-content\/uploads\/2025\/05\/nova-white-logo-e1747034077978.png\",\"contentUrl\":\"https:\/\/novadream.se\/wp-content\/uploads\/2025\/05\/nova-white-logo-e1747034077978.png\",\"width\":244,\"height\":137,\"caption\":\"Nova Worldwide AB\"},\"image\":{\"@id\":\"https:\/\/novadream.se\/sv\/#\/schema\/logo\/image\/\"}}]}<\/script>\n<!-- \/ Yoast SEO plugin. -->","yoast_head_json":{"title":"V\u00e5ffelbadrock - Herr - Nova Dreams","robots":{"index":"index","follow":"follow","max-snippet":"max-snippet:-1","max-image-preview":"max-image-preview:large","max-video-preview":"max-video-preview:-1"},"canonical":"https:\/\/novadream.se\/sv\/produkt\/vaffelbadrock-herr\/","og_locale":"sv_SE","og_type":"article","og_title":"V\u00e5ffelbadrock - Herr - Nova Dreams","og_description":"Kliv in i en v\u00e4rld av komfort och elegans med v\u00e5r ankell\u00e5nga Wafe Bathrobe, designad f\u00f6r att erbjuda en perfekt blandning av stil, funktionalitet och lyxig komfort. Den h\u00e4r badrocken \u00e4r tillverkad av italiensk premiumbomull med en distinkt v\u00e4v och \u00e4r ett perfekt val f\u00f6r spadagar, avkoppling efter badet eller lugna morgnar hemma. Den andas och \u00e4r ganska l\u00e4tt. Den h\u00e4r badrocken har en klassisk design med en sjalkrage, tv\u00e5 rymliga framfickor och ett knytbart b\u00e4lte f\u00f6r enkel justering, vilket garanterar en s\u00e4ker och personlig passform.","og_url":"https:\/\/novadream.se\/sv\/produkt\/vaffelbadrock-herr\/","og_site_name":"Nova Dreams","article_modified_time":"2025-03-25T06:05:27+00:00","og_image":[{"width":1707,"height":2560,"url":"https:\/\/novadream.se\/wp-content\/uploads\/2024\/12\/waffle-bathrobe-scaled.webp","type":"image\/webp"}],"twitter_card":"summary_large_image","twitter_misc":{"Ber\u00e4knad l\u00e4stid":"1 minut"},"schema":{"@context":"https:\/\/schema.org","@graph":[{"@type":"WebPage","@id":"https:\/\/novadream.se\/sv\/produkt\/vaffelbadrock-herr\/","url":"https:\/\/novadream.se\/sv\/produkt\/vaffelbadrock-herr\/","name":"V\u00e5ffelbadrock - Herr - Nova Dreams","isPartOf":{"@id":"https:\/\/novadream.se\/sv\/#website"},"primaryImageOfPage":{"@id":"https:\/\/novadream.se\/sv\/produkt\/vaffelbadrock-herr\/#primaryimage"},"image":{"@id":"https:\/\/novadream.se\/sv\/produkt\/vaffelbadrock-herr\/#primaryimage"},"thumbnailUrl":"https:\/\/novadream.se\/wp-content\/uploads\/2025\/03\/092-scaled.jpg","datePublished":"2025-03-23T05:21:01+00:00","dateModified":"2025-03-25T06:05:27+00:00","breadcrumb":{"@id":"https:\/\/novadream.se\/sv\/produkt\/vaffelbadrock-herr\/#breadcrumb"},"inLanguage":"sv-SE","potentialAction":[{"@type":"ReadAction","target":["https:\/\/novadream.se\/sv\/produkt\/vaffelbadrock-herr\/"]}]},{"@type":"ImageObject","inLanguage":"sv-SE","@id":"https:\/\/novadream.se\/sv\/produkt\/vaffelbadrock-herr\/#primaryimage","url":"https:\/\/novadream.se\/wp-content\/uploads\/2025\/03\/092-scaled.jpg","contentUrl":"https:\/\/novadream.se\/wp-content\/uploads\/2025\/03\/092-scaled.jpg","width":1707,"height":2560},{"@type":"BreadcrumbList","@id":"https:\/\/novadream.se\/sv\/produkt\/vaffelbadrock-herr\/#breadcrumb","itemListElement":[{"@type":"ListItem","position":1,"name":"Home","item":"https:\/\/novadream.se\/sv\/"},{"@type":"ListItem","position":2,"name":"Butik","item":"https:\/\/novadream.se\/butik\/"},{"@type":"ListItem","position":3,"name":"V\u00e5ffelbadrock &#8211; Herr"}]},{"@type":"WebSite","@id":"https:\/\/novadream.se\/sv\/#website","url":"https:\/\/novadream.se\/sv\/","name":"Nova Dreams","description":"","publisher":{"@id":"https:\/\/novadream.se\/sv\/#organization"},"potentialAction":[{"@type":"SearchAction","target":{"@type":"EntryPoint","urlTemplate":"https:\/\/novadream.se\/sv\/?s={search_term_string}"},"query-input":{"@type":"PropertyValueSpecification","valueRequired":true,"valueName":"search_term_string"}}],"inLanguage":"sv-SE"},{"@type":"Organization","@id":"https:\/\/novadream.se\/sv\/#organization","name":"Nova Worldwide AB","url":"https:\/\/novadream.se\/sv\/","logo":{"@type":"ImageObject","inLanguage":"sv-SE","@id":"https:\/\/novadream.se\/sv\/#\/schema\/logo\/image\/","url":"https:\/\/novadream.se\/wp-content\/uploads\/2025\/05\/nova-white-logo-e1747034077978.png","contentUrl":"https:\/\/novadream.se\/wp-content\/uploads\/2025\/05\/nova-white-logo-e1747034077978.png","width":244,"height":137,"caption":"Nova Worldwide AB"},"image":{"@id":"https:\/\/novadream.se\/sv\/#\/schema\/logo\/image\/"}}]}},"_links":{"self":[{"href":"https:\/\/novadream.se\/sv\/wp-json\/wp\/v2\/product\/1749","targetHints":{"allow":["GET"]}}],"collection":[{"href":"https:\/\/novadream.se\/sv\/wp-json\/wp\/v2\/product"}],"about":[{"href":"https:\/\/novadream.se\/sv\/wp-json\/wp\/v2\/types\/product"}],"replies":[{"embeddable":true,"href":"https:\/\/novadream.se\/sv\/wp-json\/wp\/v2\/comments?post=1749"}],"wp:featuredmedia":[{"embeddable":true,"href":"https:\/\/novadream.se\/sv\/wp-json\/wp\/v2\/media\/1864"}],"wp:attachment":[{"href":"https:\/\/novadream.se\/sv\/wp-json\/wp\/v2\/media?parent=1749"}],"wp:term":[{"taxonomy":"product_brand","embeddable":true,"href":"https:\/\/novadream.se\/sv\/wp-json\/wp\/v2\/product_brand?post=1749"},{"taxonomy":"product_cat","embeddable":true,"href":"https:\/\/novadream.se\/sv\/wp-json\/wp\/v2\/product_cat?post=1749"},{"taxonomy":"product_tag","embeddable":true,"href":"https:\/\/novadream.se\/sv\/wp-json\/wp\/v2\/product_tag?post=1749"}],"curies":[{"name":"wp","href":"https:\/\/api.w.org\/{rel}","templated":true}]}}