{"id":1763,"date":"2025-03-23T05:38:28","date_gmt":"2025-03-23T05:38:28","guid":{"rendered":"https:\/\/novadream.se\/?post_type=product&#038;p=1763"},"modified":"2025-03-25T06:58:27","modified_gmt":"2025-03-25T06:58:27","slug":"frotte-badrock-dam","status":"publish","type":"product","link":"https:\/\/novadream.se\/sv\/produkt\/frotte-badrock-dam\/","title":{"rendered":"Frott\u00e9 Badrock &#8211; Dam"},"content":{"rendered":"<p>F\u00f6rh\u00f6j din vardagsrutin med v\u00e5r lyxiga ankell\u00e5nga frott\u00e9badrock, tillverkad av italiensk bomullsfrott\u00e9 av h\u00f6gsta kvalitet f\u00f6r o\u00f6vertr\u00e4ffad absorptionsf\u00f6rm\u00e5ga och komfort. Den h\u00e4r badrocken \u00e4r designad f\u00f6r att ge spa-liknande lyx i bekv\u00e4mligheten av ditt eget hem och \u00e4r perfekt f\u00f6r att svepa in sig efter ett bad eller en dusch, slappa eller helt enkelt njuta av en mysig morgon. Den har en klassisk design med en sjalkrage, tv\u00e5 djupa fickor fram och ett matchande b\u00e4lte som knyts i midjan.<\/p>\n<p>Njut av den lugnande omfamningen av v\u00e5r frott\u00e9badrock&#8230;<\/p>\n","protected":false},"excerpt":{"rendered":"<p>F\u00f6rh\u00f6j din vardagsrutin med v\u00e5r lyxiga ankell\u00e5nga frott\u00e9badrock, tillverkad av italiensk bomullsfrott\u00e9 av h\u00f6gsta kvalitet f\u00f6r o\u00f6vertr\u00e4ffad absorptionsf\u00f6rm\u00e5ga och komfort. Den h\u00e4r badrocken \u00e4r designad f\u00f6r att ge spa-liknande lyx i bekv\u00e4mligheten av ditt eget hem och \u00e4r perfekt f\u00f6r att svepa in sig efter ett bad eller en dusch, slappa eller helt enkelt njuta av en mysig morgon. Den har en klassisk design med en sjalkrage, tv\u00e5 djupa fickor fram och ett matchande b\u00e4lte som knyts i midjan.<\/p>\n<p>Njut av den lugnande omfamningen av v\u00e5r frott\u00e9badrock&#8230;<\/p>\n","protected":false},"featured_media":1329,"comment_status":"open","ping_status":"closed","template":"","meta":{"_acf_changed":false},"product_brand":[],"product_cat":[67],"product_tag":[],"class_list":{"0":"post-1763","1":"product","2":"type-product","3":"status-publish","4":"has-post-thumbnail","6":"product_cat-badrockar","7":"pa_color-white-sv","9":"first","10":"instock","11":"taxable","12":"shipping-taxable","13":"purchasable","14":"product-type-variable","15":"has-default-attributes"},"acf":[],"yoast_head":"<!-- This site is optimized with the Yoast SEO plugin v25.0 - https:\/\/yoast.com\/wordpress\/plugins\/seo\/ -->\n<title>Frott\u00e9 Badrock - Dam - Nova Dreams<\/title>\n<meta name=\"robots\" content=\"index, follow, max-snippet:-1, max-image-preview:large, max-video-preview:-1\" \/>\n<link rel=\"canonical\" href=\"https:\/\/novadream.se\/sv\/produkt\/frotte-badrock-dam\/\" \/>\n<meta property=\"og:locale\" content=\"sv_SE\" \/>\n<meta property=\"og:type\" content=\"article\" \/>\n<meta property=\"og:title\" content=\"Frott\u00e9 Badrock - Dam - Nova Dreams\" \/>\n<meta property=\"og:description\" content=\"F\u00f6rh\u00f6j din vardagsrutin med v\u00e5r lyxiga ankell\u00e5nga frott\u00e9badrock, tillverkad av italiensk bomullsfrott\u00e9 av h\u00f6gsta kvalitet f\u00f6r o\u00f6vertr\u00e4ffad absorptionsf\u00f6rm\u00e5ga och komfort. Den h\u00e4r badrocken \u00e4r designad f\u00f6r att ge spa-liknande lyx i bekv\u00e4mligheten av ditt eget hem och \u00e4r perfekt f\u00f6r att svepa in sig efter ett bad eller en dusch, slappa eller helt enkelt njuta av en mysig morgon. Den har en klassisk design med en sjalkrage, tv\u00e5 djupa fickor fram och ett matchande b\u00e4lte som knyts i midjan.  Njut av den lugnande omfamningen av v\u00e5r frott\u00e9badrock...\" \/>\n<meta property=\"og:url\" content=\"https:\/\/novadream.se\/sv\/produkt\/frotte-badrock-dam\/\" \/>\n<meta property=\"og:site_name\" content=\"Nova Dreams\" \/>\n<meta property=\"article:modified_time\" content=\"2025-03-25T06:58:27+00:00\" \/>\n<meta property=\"og:image\" content=\"https:\/\/novadream.se\/wp-content\/uploads\/2025\/01\/IMG_1012-scaled.webp\" \/>\n\t<meta property=\"og:image:width\" content=\"2560\" \/>\n\t<meta property=\"og:image:height\" content=\"1707\" \/>\n\t<meta property=\"og:image:type\" content=\"image\/webp\" \/>\n<meta name=\"twitter:card\" content=\"summary_large_image\" \/>\n<meta name=\"twitter:label1\" content=\"Ber\u00e4knad l\u00e4stid\" \/>\n\t<meta name=\"twitter:data1\" content=\"1 minut\" \/>\n<script type=\"application\/ld+json\" class=\"yoast-schema-graph\">{\"@context\":\"https:\/\/schema.org\",\"@graph\":[{\"@type\":\"WebPage\",\"@id\":\"https:\/\/novadream.se\/sv\/produkt\/frotte-badrock-dam\/\",\"url\":\"https:\/\/novadream.se\/sv\/produkt\/frotte-badrock-dam\/\",\"name\":\"Frott\u00e9 Badrock - Dam - Nova Dreams\",\"isPartOf\":{\"@id\":\"https:\/\/novadream.se\/sv\/#website\"},\"primaryImageOfPage\":{\"@id\":\"https:\/\/novadream.se\/sv\/produkt\/frotte-badrock-dam\/#primaryimage\"},\"image\":{\"@id\":\"https:\/\/novadream.se\/sv\/produkt\/frotte-badrock-dam\/#primaryimage\"},\"thumbnailUrl\":\"https:\/\/novadream.se\/wp-content\/uploads\/2025\/01\/IMG_1012-scaled.webp\",\"datePublished\":\"2025-03-23T05:38:28+00:00\",\"dateModified\":\"2025-03-25T06:58:27+00:00\",\"breadcrumb\":{\"@id\":\"https:\/\/novadream.se\/sv\/produkt\/frotte-badrock-dam\/#breadcrumb\"},\"inLanguage\":\"sv-SE\",\"potentialAction\":[{\"@type\":\"ReadAction\",\"target\":[\"https:\/\/novadream.se\/sv\/produkt\/frotte-badrock-dam\/\"]}]},{\"@type\":\"ImageObject\",\"inLanguage\":\"sv-SE\",\"@id\":\"https:\/\/novadream.se\/sv\/produkt\/frotte-badrock-dam\/#primaryimage\",\"url\":\"https:\/\/novadream.se\/wp-content\/uploads\/2025\/01\/IMG_1012-scaled.webp\",\"contentUrl\":\"https:\/\/novadream.se\/wp-content\/uploads\/2025\/01\/IMG_1012-scaled.webp\",\"width\":2560,\"height\":1707},{\"@type\":\"BreadcrumbList\",\"@id\":\"https:\/\/novadream.se\/sv\/produkt\/frotte-badrock-dam\/#breadcrumb\",\"itemListElement\":[{\"@type\":\"ListItem\",\"position\":1,\"name\":\"Home\",\"item\":\"https:\/\/novadream.se\/sv\/\"},{\"@type\":\"ListItem\",\"position\":2,\"name\":\"Butik\",\"item\":\"https:\/\/novadream.se\/butik\/\"},{\"@type\":\"ListItem\",\"position\":3,\"name\":\"Frott\u00e9 Badrock &#8211; Dam\"}]},{\"@type\":\"WebSite\",\"@id\":\"https:\/\/novadream.se\/sv\/#website\",\"url\":\"https:\/\/novadream.se\/sv\/\",\"name\":\"Nova Dreams\",\"description\":\"\",\"publisher\":{\"@id\":\"https:\/\/novadream.se\/sv\/#organization\"},\"potentialAction\":[{\"@type\":\"SearchAction\",\"target\":{\"@type\":\"EntryPoint\",\"urlTemplate\":\"https:\/\/novadream.se\/sv\/?s={search_term_string}\"},\"query-input\":{\"@type\":\"PropertyValueSpecification\",\"valueRequired\":true,\"valueName\":\"search_term_string\"}}],\"inLanguage\":\"sv-SE\"},{\"@type\":\"Organization\",\"@id\":\"https:\/\/novadream.se\/sv\/#organization\",\"name\":\"Nova Worldwide AB\",\"url\":\"https:\/\/novadream.se\/sv\/\",\"logo\":{\"@type\":\"ImageObject\",\"inLanguage\":\"sv-SE\",\"@id\":\"https:\/\/novadream.se\/sv\/#\/schema\/logo\/image\/\",\"url\":\"https:\/\/novadream.se\/wp-content\/uploads\/2025\/05\/nova-white-logo-e1747034077978.png\",\"contentUrl\":\"https:\/\/novadream.se\/wp-content\/uploads\/2025\/05\/nova-white-logo-e1747034077978.png\",\"width\":244,\"height\":137,\"caption\":\"Nova Worldwide AB\"},\"image\":{\"@id\":\"https:\/\/novadream.se\/sv\/#\/schema\/logo\/image\/\"}}]}<\/script>\n<!-- \/ Yoast SEO plugin. -->","yoast_head_json":{"title":"Frott\u00e9 Badrock - Dam - Nova Dreams","robots":{"index":"index","follow":"follow","max-snippet":"max-snippet:-1","max-image-preview":"max-image-preview:large","max-video-preview":"max-video-preview:-1"},"canonical":"https:\/\/novadream.se\/sv\/produkt\/frotte-badrock-dam\/","og_locale":"sv_SE","og_type":"article","og_title":"Frott\u00e9 Badrock - Dam - Nova Dreams","og_description":"F\u00f6rh\u00f6j din vardagsrutin med v\u00e5r lyxiga ankell\u00e5nga frott\u00e9badrock, tillverkad av italiensk bomullsfrott\u00e9 av h\u00f6gsta kvalitet f\u00f6r o\u00f6vertr\u00e4ffad absorptionsf\u00f6rm\u00e5ga och komfort. Den h\u00e4r badrocken \u00e4r designad f\u00f6r att ge spa-liknande lyx i bekv\u00e4mligheten av ditt eget hem och \u00e4r perfekt f\u00f6r att svepa in sig efter ett bad eller en dusch, slappa eller helt enkelt njuta av en mysig morgon. Den har en klassisk design med en sjalkrage, tv\u00e5 djupa fickor fram och ett matchande b\u00e4lte som knyts i midjan.  Njut av den lugnande omfamningen av v\u00e5r frott\u00e9badrock...","og_url":"https:\/\/novadream.se\/sv\/produkt\/frotte-badrock-dam\/","og_site_name":"Nova Dreams","article_modified_time":"2025-03-25T06:58:27+00:00","og_image":[{"width":2560,"height":1707,"url":"https:\/\/novadream.se\/wp-content\/uploads\/2025\/01\/IMG_1012-scaled.webp","type":"image\/webp"}],"twitter_card":"summary_large_image","twitter_misc":{"Ber\u00e4knad l\u00e4stid":"1 minut"},"schema":{"@context":"https:\/\/schema.org","@graph":[{"@type":"WebPage","@id":"https:\/\/novadream.se\/sv\/produkt\/frotte-badrock-dam\/","url":"https:\/\/novadream.se\/sv\/produkt\/frotte-badrock-dam\/","name":"Frott\u00e9 Badrock - Dam - Nova Dreams","isPartOf":{"@id":"https:\/\/novadream.se\/sv\/#website"},"primaryImageOfPage":{"@id":"https:\/\/novadream.se\/sv\/produkt\/frotte-badrock-dam\/#primaryimage"},"image":{"@id":"https:\/\/novadream.se\/sv\/produkt\/frotte-badrock-dam\/#primaryimage"},"thumbnailUrl":"https:\/\/novadream.se\/wp-content\/uploads\/2025\/01\/IMG_1012-scaled.webp","datePublished":"2025-03-23T05:38:28+00:00","dateModified":"2025-03-25T06:58:27+00:00","breadcrumb":{"@id":"https:\/\/novadream.se\/sv\/produkt\/frotte-badrock-dam\/#breadcrumb"},"inLanguage":"sv-SE","potentialAction":[{"@type":"ReadAction","target":["https:\/\/novadream.se\/sv\/produkt\/frotte-badrock-dam\/"]}]},{"@type":"ImageObject","inLanguage":"sv-SE","@id":"https:\/\/novadream.se\/sv\/produkt\/frotte-badrock-dam\/#primaryimage","url":"https:\/\/novadream.se\/wp-content\/uploads\/2025\/01\/IMG_1012-scaled.webp","contentUrl":"https:\/\/novadream.se\/wp-content\/uploads\/2025\/01\/IMG_1012-scaled.webp","width":2560,"height":1707},{"@type":"BreadcrumbList","@id":"https:\/\/novadream.se\/sv\/produkt\/frotte-badrock-dam\/#breadcrumb","itemListElement":[{"@type":"ListItem","position":1,"name":"Home","item":"https:\/\/novadream.se\/sv\/"},{"@type":"ListItem","position":2,"name":"Butik","item":"https:\/\/novadream.se\/butik\/"},{"@type":"ListItem","position":3,"name":"Frott\u00e9 Badrock &#8211; Dam"}]},{"@type":"WebSite","@id":"https:\/\/novadream.se\/sv\/#website","url":"https:\/\/novadream.se\/sv\/","name":"Nova Dreams","description":"","publisher":{"@id":"https:\/\/novadream.se\/sv\/#organization"},"potentialAction":[{"@type":"SearchAction","target":{"@type":"EntryPoint","urlTemplate":"https:\/\/novadream.se\/sv\/?s={search_term_string}"},"query-input":{"@type":"PropertyValueSpecification","valueRequired":true,"valueName":"search_term_string"}}],"inLanguage":"sv-SE"},{"@type":"Organization","@id":"https:\/\/novadream.se\/sv\/#organization","name":"Nova Worldwide AB","url":"https:\/\/novadream.se\/sv\/","logo":{"@type":"ImageObject","inLanguage":"sv-SE","@id":"https:\/\/novadream.se\/sv\/#\/schema\/logo\/image\/","url":"https:\/\/novadream.se\/wp-content\/uploads\/2025\/05\/nova-white-logo-e1747034077978.png","contentUrl":"https:\/\/novadream.se\/wp-content\/uploads\/2025\/05\/nova-white-logo-e1747034077978.png","width":244,"height":137,"caption":"Nova Worldwide AB"},"image":{"@id":"https:\/\/novadream.se\/sv\/#\/schema\/logo\/image\/"}}]}},"_links":{"self":[{"href":"https:\/\/novadream.se\/sv\/wp-json\/wp\/v2\/product\/1763","targetHints":{"allow":["GET"]}}],"collection":[{"href":"https:\/\/novadream.se\/sv\/wp-json\/wp\/v2\/product"}],"about":[{"href":"https:\/\/novadream.se\/sv\/wp-json\/wp\/v2\/types\/product"}],"replies":[{"embeddable":true,"href":"https:\/\/novadream.se\/sv\/wp-json\/wp\/v2\/comments?post=1763"}],"wp:featuredmedia":[{"embeddable":true,"href":"https:\/\/novadream.se\/sv\/wp-json\/wp\/v2\/media\/1329"}],"wp:attachment":[{"href":"https:\/\/novadream.se\/sv\/wp-json\/wp\/v2\/media?parent=1763"}],"wp:term":[{"taxonomy":"product_brand","embeddable":true,"href":"https:\/\/novadream.se\/sv\/wp-json\/wp\/v2\/product_brand?post=1763"},{"taxonomy":"product_cat","embeddable":true,"href":"https:\/\/novadream.se\/sv\/wp-json\/wp\/v2\/product_cat?post=1763"},{"taxonomy":"product_tag","embeddable":true,"href":"https:\/\/novadream.se\/sv\/wp-json\/wp\/v2\/product_tag?post=1763"}],"curies":[{"name":"wp","href":"https:\/\/api.w.org\/{rel}","templated":true}]}}