{"id":572,"date":"2024-03-19T20:46:30","date_gmt":"2024-03-19T20:46:30","guid":{"rendered":"https:\/\/nova-dreams.smplfy.eu\/product\/aria\/"},"modified":"2025-04-16T13:20:27","modified_gmt":"2025-04-16T13:20:27","slug":"aria","status":"publish","type":"product","link":"https:\/\/novadream.se\/sv\/produkt\/aria\/","title":{"rendered":"Aria"},"content":{"rendered":"<p><span data-contrast=\"none\">Det quiltade setet fr\u00e5n denna kollektion kommer att ge din s\u00e4ng en elegant, snygg och v\u00e4lv\u00e5rdad look. \u00d6verkastet \u00e4r behagligt att ta p\u00e5 och l\u00e4ttsk\u00f6tt. Den \u00e4r inramad med en remsa av h\u00f6gkvalitativ satin.   <\/span><br \/>\n          <span data-contrast=\"none\">Det klassiska gr\u00e5a och mj\u00f6lkiga f\u00e4rgutbudet p\u00e5 \u00f6verkastet Aria kommer att passa in i varje design och f\u00e4rgschema i sovrummet. Den kan anv\u00e4ndas p\u00e5 b\u00e5da sidor, vilket \u00e4r en dubbel bonus n\u00e4r du v\u00e4ljer detta \u00f6verkast. <\/span><br \/>\n          <span data-ccp-props=\"{\"201341983\":0,\"335557856\":16777215,\"335559739\":240,\"335559740\":259}\"> <\/span><\/p>\n<p>          <span data-contrast=\"none\">V\u00e4lj g\u00e4rna kuddfodral med eller utan satinkant fr\u00e5n samma kollektion och komplettera bilden av din s\u00e4ng. <\/span><br \/>\n          <span data-ccp-props=\"{\"201341983\":0,\"335557856\":16777215,\"335559739\":150,\"335559740\":259}\"> <\/span><\/p>\n","protected":false},"excerpt":{"rendered":"<p>          <span data-contrast=\"none\">Det quiltade setet fr\u00e5n denna kollektion kommer att ge din s\u00e4ng en elegant, snygg och v\u00e4lv\u00e5rdad look. \u00d6verkastet \u00e4r behagligt att ta p\u00e5 och l\u00e4ttsk\u00f6tt. Den \u00e4r inramad med en remsa av h\u00f6gkvalitativ satin.   <\/span><br \/>\n          <span data-contrast=\"none\">Det klassiska gr\u00e5a och mj\u00f6lkiga f\u00e4rgutbudet p\u00e5 \u00f6verkastet Aria kommer att passa in i varje design och f\u00e4rgschema i sovrummet. Den kan anv\u00e4ndas p\u00e5 b\u00e5da sidor, vilket \u00e4r en dubbel bonus n\u00e4r du v\u00e4ljer detta \u00f6verkast. <\/span><br \/>\n          <span data-ccp-props=\"{\"201341983\":0,\"335557856\":16777215,\"335559739\":240,\"335559740\":259}\">  <\/span><\/p>\n<p>          <span data-contrast=\"none\">V\u00e4lj g\u00e4rna kuddfodral med eller utan satinkant fr\u00e5n samma kollektion och komplettera bilden av din s\u00e4ng. <\/span><br \/>\n          <span data-ccp-props=\"{\"201341983\":0,\"335557856\":16777215,\"335559739\":150,\"335559740\":259}\"> <\/span><\/p>\n","protected":false},"featured_media":573,"comment_status":"open","ping_status":"closed","template":"","meta":{"_acf_changed":false},"product_brand":[],"product_cat":[64],"product_tag":[],"class_list":{"0":"post-572","1":"product","2":"type-product","3":"status-publish","4":"has-post-thumbnail","6":"product_cat-home-decor-sv","8":"first","9":"instock","10":"taxable","11":"shipping-taxable","12":"purchasable","13":"product-type-woosg"},"acf":[],"yoast_head":"<!-- This site is optimized with the Yoast SEO plugin v25.0 - https:\/\/yoast.com\/wordpress\/plugins\/seo\/ -->\n<title>Aria - Nova Dreams<\/title>\n<meta name=\"robots\" content=\"index, follow, max-snippet:-1, max-image-preview:large, max-video-preview:-1\" \/>\n<link rel=\"canonical\" href=\"https:\/\/novadream.se\/sv\/produkt\/aria\/\" \/>\n<meta property=\"og:locale\" content=\"sv_SE\" \/>\n<meta property=\"og:type\" content=\"article\" \/>\n<meta property=\"og:title\" content=\"Aria - Nova Dreams\" \/>\n<meta property=\"og:description\" content=\"Det quiltade setet fr\u00e5n denna kollektion kommer att ge din s\u00e4ng en elegant, snygg och v\u00e4lv\u00e5rdad look. \u00d6verkastet \u00e4r behagligt att ta p\u00e5 och l\u00e4ttsk\u00f6tt. Den \u00e4r inramad med en remsa av h\u00f6gkvalitativ satin.       Det klassiska gr\u00e5a och mj\u00f6lkiga f\u00e4rgutbudet p\u00e5 \u00f6verkastet Aria kommer att passa in i varje design och f\u00e4rgschema i sovrummet. Den kan anv\u00e4ndas p\u00e5 b\u00e5da sidor, vilket \u00e4r en dubbel bonus n\u00e4r du v\u00e4ljer detta \u00f6verkast.                         V\u00e4lj g\u00e4rna kuddfodral med eller utan satinkant fr\u00e5n samma kollektion och komplettera bilden av din s\u00e4ng.\" \/>\n<meta property=\"og:url\" content=\"https:\/\/novadream.se\/sv\/produkt\/aria\/\" \/>\n<meta property=\"og:site_name\" content=\"Nova Dreams\" \/>\n<meta property=\"article:modified_time\" content=\"2025-04-16T13:20:27+00:00\" \/>\n<meta property=\"og:image\" content=\"https:\/\/novadream.se\/wp-content\/uploads\/2024\/03\/Aria-1-scaled.jpg\" \/>\n\t<meta property=\"og:image:width\" content=\"1707\" \/>\n\t<meta property=\"og:image:height\" content=\"2560\" \/>\n\t<meta property=\"og:image:type\" content=\"image\/jpeg\" \/>\n<meta name=\"twitter:card\" content=\"summary_large_image\" \/>\n<meta name=\"twitter:label1\" content=\"Ber\u00e4knad l\u00e4stid\" \/>\n\t<meta name=\"twitter:data1\" content=\"1 minut\" \/>\n<script type=\"application\/ld+json\" class=\"yoast-schema-graph\">{\"@context\":\"https:\/\/schema.org\",\"@graph\":[{\"@type\":\"WebPage\",\"@id\":\"https:\/\/novadream.se\/sv\/produkt\/aria\/\",\"url\":\"https:\/\/novadream.se\/sv\/produkt\/aria\/\",\"name\":\"Aria - Nova Dreams\",\"isPartOf\":{\"@id\":\"https:\/\/novadream.se\/sv\/#website\"},\"primaryImageOfPage\":{\"@id\":\"https:\/\/novadream.se\/sv\/produkt\/aria\/#primaryimage\"},\"image\":{\"@id\":\"https:\/\/novadream.se\/sv\/produkt\/aria\/#primaryimage\"},\"thumbnailUrl\":\"https:\/\/novadream.se\/wp-content\/uploads\/2024\/03\/Aria-1-scaled.jpg\",\"datePublished\":\"2024-03-19T20:46:30+00:00\",\"dateModified\":\"2025-04-16T13:20:27+00:00\",\"breadcrumb\":{\"@id\":\"https:\/\/novadream.se\/sv\/produkt\/aria\/#breadcrumb\"},\"inLanguage\":\"sv-SE\",\"potentialAction\":[{\"@type\":\"ReadAction\",\"target\":[\"https:\/\/novadream.se\/sv\/produkt\/aria\/\"]}]},{\"@type\":\"ImageObject\",\"inLanguage\":\"sv-SE\",\"@id\":\"https:\/\/novadream.se\/sv\/produkt\/aria\/#primaryimage\",\"url\":\"https:\/\/novadream.se\/wp-content\/uploads\/2024\/03\/Aria-1-scaled.jpg\",\"contentUrl\":\"https:\/\/novadream.se\/wp-content\/uploads\/2024\/03\/Aria-1-scaled.jpg\",\"width\":1707,\"height\":2560},{\"@type\":\"BreadcrumbList\",\"@id\":\"https:\/\/novadream.se\/sv\/produkt\/aria\/#breadcrumb\",\"itemListElement\":[{\"@type\":\"ListItem\",\"position\":1,\"name\":\"Home\",\"item\":\"https:\/\/novadream.se\/sv\/\"},{\"@type\":\"ListItem\",\"position\":2,\"name\":\"Butik\",\"item\":\"https:\/\/novadream.se\/butik\/\"},{\"@type\":\"ListItem\",\"position\":3,\"name\":\"Aria\"}]},{\"@type\":\"WebSite\",\"@id\":\"https:\/\/novadream.se\/sv\/#website\",\"url\":\"https:\/\/novadream.se\/sv\/\",\"name\":\"Nova Dreams\",\"description\":\"\",\"publisher\":{\"@id\":\"https:\/\/novadream.se\/sv\/#organization\"},\"potentialAction\":[{\"@type\":\"SearchAction\",\"target\":{\"@type\":\"EntryPoint\",\"urlTemplate\":\"https:\/\/novadream.se\/sv\/?s={search_term_string}\"},\"query-input\":{\"@type\":\"PropertyValueSpecification\",\"valueRequired\":true,\"valueName\":\"search_term_string\"}}],\"inLanguage\":\"sv-SE\"},{\"@type\":\"Organization\",\"@id\":\"https:\/\/novadream.se\/sv\/#organization\",\"name\":\"Nova Worldwide AB\",\"url\":\"https:\/\/novadream.se\/sv\/\",\"logo\":{\"@type\":\"ImageObject\",\"inLanguage\":\"sv-SE\",\"@id\":\"https:\/\/novadream.se\/sv\/#\/schema\/logo\/image\/\",\"url\":\"https:\/\/novadream.se\/wp-content\/uploads\/2025\/05\/nova-white-logo-e1747034077978.png\",\"contentUrl\":\"https:\/\/novadream.se\/wp-content\/uploads\/2025\/05\/nova-white-logo-e1747034077978.png\",\"width\":244,\"height\":137,\"caption\":\"Nova Worldwide AB\"},\"image\":{\"@id\":\"https:\/\/novadream.se\/sv\/#\/schema\/logo\/image\/\"}}]}<\/script>\n<!-- \/ Yoast SEO plugin. -->","yoast_head_json":{"title":"Aria - Nova Dreams","robots":{"index":"index","follow":"follow","max-snippet":"max-snippet:-1","max-image-preview":"max-image-preview:large","max-video-preview":"max-video-preview:-1"},"canonical":"https:\/\/novadream.se\/sv\/produkt\/aria\/","og_locale":"sv_SE","og_type":"article","og_title":"Aria - Nova Dreams","og_description":"Det quiltade setet fr\u00e5n denna kollektion kommer att ge din s\u00e4ng en elegant, snygg och v\u00e4lv\u00e5rdad look. \u00d6verkastet \u00e4r behagligt att ta p\u00e5 och l\u00e4ttsk\u00f6tt. Den \u00e4r inramad med en remsa av h\u00f6gkvalitativ satin.       Det klassiska gr\u00e5a och mj\u00f6lkiga f\u00e4rgutbudet p\u00e5 \u00f6verkastet Aria kommer att passa in i varje design och f\u00e4rgschema i sovrummet. Den kan anv\u00e4ndas p\u00e5 b\u00e5da sidor, vilket \u00e4r en dubbel bonus n\u00e4r du v\u00e4ljer detta \u00f6verkast.                         V\u00e4lj g\u00e4rna kuddfodral med eller utan satinkant fr\u00e5n samma kollektion och komplettera bilden av din s\u00e4ng.","og_url":"https:\/\/novadream.se\/sv\/produkt\/aria\/","og_site_name":"Nova Dreams","article_modified_time":"2025-04-16T13:20:27+00:00","og_image":[{"width":1707,"height":2560,"url":"https:\/\/novadream.se\/wp-content\/uploads\/2024\/03\/Aria-1-scaled.jpg","type":"image\/jpeg"}],"twitter_card":"summary_large_image","twitter_misc":{"Ber\u00e4knad l\u00e4stid":"1 minut"},"schema":{"@context":"https:\/\/schema.org","@graph":[{"@type":"WebPage","@id":"https:\/\/novadream.se\/sv\/produkt\/aria\/","url":"https:\/\/novadream.se\/sv\/produkt\/aria\/","name":"Aria - Nova Dreams","isPartOf":{"@id":"https:\/\/novadream.se\/sv\/#website"},"primaryImageOfPage":{"@id":"https:\/\/novadream.se\/sv\/produkt\/aria\/#primaryimage"},"image":{"@id":"https:\/\/novadream.se\/sv\/produkt\/aria\/#primaryimage"},"thumbnailUrl":"https:\/\/novadream.se\/wp-content\/uploads\/2024\/03\/Aria-1-scaled.jpg","datePublished":"2024-03-19T20:46:30+00:00","dateModified":"2025-04-16T13:20:27+00:00","breadcrumb":{"@id":"https:\/\/novadream.se\/sv\/produkt\/aria\/#breadcrumb"},"inLanguage":"sv-SE","potentialAction":[{"@type":"ReadAction","target":["https:\/\/novadream.se\/sv\/produkt\/aria\/"]}]},{"@type":"ImageObject","inLanguage":"sv-SE","@id":"https:\/\/novadream.se\/sv\/produkt\/aria\/#primaryimage","url":"https:\/\/novadream.se\/wp-content\/uploads\/2024\/03\/Aria-1-scaled.jpg","contentUrl":"https:\/\/novadream.se\/wp-content\/uploads\/2024\/03\/Aria-1-scaled.jpg","width":1707,"height":2560},{"@type":"BreadcrumbList","@id":"https:\/\/novadream.se\/sv\/produkt\/aria\/#breadcrumb","itemListElement":[{"@type":"ListItem","position":1,"name":"Home","item":"https:\/\/novadream.se\/sv\/"},{"@type":"ListItem","position":2,"name":"Butik","item":"https:\/\/novadream.se\/butik\/"},{"@type":"ListItem","position":3,"name":"Aria"}]},{"@type":"WebSite","@id":"https:\/\/novadream.se\/sv\/#website","url":"https:\/\/novadream.se\/sv\/","name":"Nova Dreams","description":"","publisher":{"@id":"https:\/\/novadream.se\/sv\/#organization"},"potentialAction":[{"@type":"SearchAction","target":{"@type":"EntryPoint","urlTemplate":"https:\/\/novadream.se\/sv\/?s={search_term_string}"},"query-input":{"@type":"PropertyValueSpecification","valueRequired":true,"valueName":"search_term_string"}}],"inLanguage":"sv-SE"},{"@type":"Organization","@id":"https:\/\/novadream.se\/sv\/#organization","name":"Nova Worldwide AB","url":"https:\/\/novadream.se\/sv\/","logo":{"@type":"ImageObject","inLanguage":"sv-SE","@id":"https:\/\/novadream.se\/sv\/#\/schema\/logo\/image\/","url":"https:\/\/novadream.se\/wp-content\/uploads\/2025\/05\/nova-white-logo-e1747034077978.png","contentUrl":"https:\/\/novadream.se\/wp-content\/uploads\/2025\/05\/nova-white-logo-e1747034077978.png","width":244,"height":137,"caption":"Nova Worldwide AB"},"image":{"@id":"https:\/\/novadream.se\/sv\/#\/schema\/logo\/image\/"}}]}},"_links":{"self":[{"href":"https:\/\/novadream.se\/sv\/wp-json\/wp\/v2\/product\/572","targetHints":{"allow":["GET"]}}],"collection":[{"href":"https:\/\/novadream.se\/sv\/wp-json\/wp\/v2\/product"}],"about":[{"href":"https:\/\/novadream.se\/sv\/wp-json\/wp\/v2\/types\/product"}],"replies":[{"embeddable":true,"href":"https:\/\/novadream.se\/sv\/wp-json\/wp\/v2\/comments?post=572"}],"wp:featuredmedia":[{"embeddable":true,"href":"https:\/\/novadream.se\/sv\/wp-json\/wp\/v2\/media\/573"}],"wp:attachment":[{"href":"https:\/\/novadream.se\/sv\/wp-json\/wp\/v2\/media?parent=572"}],"wp:term":[{"taxonomy":"product_brand","embeddable":true,"href":"https:\/\/novadream.se\/sv\/wp-json\/wp\/v2\/product_brand?post=572"},{"taxonomy":"product_cat","embeddable":true,"href":"https:\/\/novadream.se\/sv\/wp-json\/wp\/v2\/product_cat?post=572"},{"taxonomy":"product_tag","embeddable":true,"href":"https:\/\/novadream.se\/sv\/wp-json\/wp\/v2\/product_tag?post=572"}],"curies":[{"name":"wp","href":"https:\/\/api.w.org\/{rel}","templated":true}]}}