{"id":579,"date":"2024-03-19T20:25:20","date_gmt":"2024-03-19T20:25:20","guid":{"rendered":"https:\/\/nova-dreams.smplfy.eu\/product\/royal\/"},"modified":"2025-04-16T13:23:28","modified_gmt":"2025-04-16T13:23:28","slug":"royal","status":"publish","type":"product","link":"https:\/\/novadream.se\/sv\/produkt\/royal\/","title":{"rendered":"Royal"},"content":{"rendered":"<p><span data-contrast=\"none\">Den h\u00e4r kollektionen kan dramatiskt f\u00f6r\u00e4ndra st\u00e4mningen i din interi\u00f6r och bli en viktig del av ett sovrum i kunglig stil. \u00d6verkasten och kuddfodralen \u00e4r gjorda av h\u00f6gkvalitativ italiensk jacquard i en mj\u00f6lkvit f\u00e4rg, med ett texturerat fiskbenstryck. Tygsammans\u00e4ttningen \u00e4r 54% bomull och 46% ull, vilket g\u00f6r \u00f6verkastet l\u00e4mpligt att anv\u00e4nda som filt. Produkter fr\u00e5n &#8221;Royal&#8221;-kollektionen \u00e4r inramade med sammetslena tyg i behagliga gr\u00e5 och mj\u00f6lkiga f\u00e4rger.   <\/span><br \/>\n          <span data-ccp-props=\"{\"201341983\":0,\"335557856\":16777215,\"335559739\":150,\"335559740\":259}\"> <\/span><\/p>\n<p>          <span data-contrast=\"none\">\u00d6verkast och kuddfodral finns att k\u00f6pa separat. Du kan skapa ditt eget set efter storleken p\u00e5 din s\u00e4ng och kuddar. Var uppm\u00e4rksam p\u00e5 f\u00e4rgen p\u00e5 kantbandet vid best\u00e4llning.  <\/span><br \/>\n          <span data-ccp-props=\"{\"201341983\":0,\"335557856\":16777215,\"335559739\":240,\"335559740\":259}\"> <\/span><\/p>\n","protected":false},"excerpt":{"rendered":"<p>          <span data-contrast=\"none\">Den h\u00e4r kollektionen kan dramatiskt f\u00f6r\u00e4ndra st\u00e4mningen i din interi\u00f6r och bli en viktig del av ett sovrum i kunglig stil. \u00d6verkasten och kuddfodralen \u00e4r gjorda av h\u00f6gkvalitativ italiensk jacquard i en mj\u00f6lkvit f\u00e4rg, med ett texturerat fiskbenstryck. Tygsammans\u00e4ttningen \u00e4r 54% bomull och 46% ull, vilket g\u00f6r \u00f6verkastet l\u00e4mpligt att anv\u00e4nda som filt. Produkter fr\u00e5n &#8221;Royal&#8221;-kollektionen \u00e4r inramade med sammetslena tyg i behagliga gr\u00e5 och mj\u00f6lkiga f\u00e4rger.   <\/span><br \/>\n          <span data-ccp-props=\"{\"201341983\":0,\"335557856\":16777215,\"335559739\":150,\"335559740\":259}\"> <\/span><\/p>\n<p>          <span data-contrast=\"none\">\u00d6verkast och kuddfodral finns att k\u00f6pa separat. Du kan skapa ditt eget set efter storleken p\u00e5 din s\u00e4ng och kuddar. Var uppm\u00e4rksam p\u00e5 f\u00e4rgen p\u00e5 kantbandet vid best\u00e4llning.  <\/span><br \/>\n          <span data-ccp-props=\"{\"201341983\":0,\"335557856\":16777215,\"335559739\":240,\"335559740\":259}\"> <\/span><\/p>\n","protected":false},"featured_media":580,"comment_status":"open","ping_status":"closed","template":"","meta":{"_acf_changed":false},"product_brand":[],"product_cat":[64],"product_tag":[],"class_list":{"0":"post-579","1":"product","2":"type-product","3":"status-publish","4":"has-post-thumbnail","6":"product_cat-home-decor-sv","8":"first","9":"instock","10":"taxable","11":"shipping-taxable","12":"purchasable","13":"product-type-woosg"},"acf":[],"yoast_head":"<!-- This site is optimized with the Yoast SEO plugin v25.0 - https:\/\/yoast.com\/wordpress\/plugins\/seo\/ -->\n<title>Royal - Nova Dreams<\/title>\n<meta name=\"robots\" content=\"index, follow, max-snippet:-1, max-image-preview:large, max-video-preview:-1\" \/>\n<link rel=\"canonical\" href=\"https:\/\/novadream.se\/sv\/produkt\/royal\/\" \/>\n<meta property=\"og:locale\" content=\"sv_SE\" \/>\n<meta property=\"og:type\" content=\"article\" \/>\n<meta property=\"og:title\" content=\"Royal - Nova Dreams\" \/>\n<meta property=\"og:description\" content=\"Den h\u00e4r kollektionen kan dramatiskt f\u00f6r\u00e4ndra st\u00e4mningen i din interi\u00f6r och bli en viktig del av ett sovrum i kunglig stil. \u00d6verkasten och kuddfodralen \u00e4r gjorda av h\u00f6gkvalitativ italiensk jacquard i en mj\u00f6lkvit f\u00e4rg, med ett texturerat fiskbenstryck. Tygsammans\u00e4ttningen \u00e4r 54% bomull och 46% ull, vilket g\u00f6r \u00f6verkastet l\u00e4mpligt att anv\u00e4nda som filt. Produkter fr\u00e5n &quot;Royal&quot;-kollektionen \u00e4r inramade med sammetslena tyg i behagliga gr\u00e5 och mj\u00f6lkiga f\u00e4rger.                         \u00d6verkast och kuddfodral finns att k\u00f6pa separat. Du kan skapa ditt eget set efter storleken p\u00e5 din s\u00e4ng och kuddar. Var uppm\u00e4rksam p\u00e5 f\u00e4rgen p\u00e5 kantbandet vid best\u00e4llning.\" \/>\n<meta property=\"og:url\" content=\"https:\/\/novadream.se\/sv\/produkt\/royal\/\" \/>\n<meta property=\"og:site_name\" content=\"Nova Dreams\" \/>\n<meta property=\"article:modified_time\" content=\"2025-04-16T13:23:28+00:00\" \/>\n<meta property=\"og:image\" content=\"https:\/\/novadream.se\/wp-content\/uploads\/2024\/03\/Royal-1-scaled.jpg\" \/>\n\t<meta property=\"og:image:width\" content=\"1953\" \/>\n\t<meta property=\"og:image:height\" content=\"2560\" \/>\n\t<meta property=\"og:image:type\" content=\"image\/jpeg\" \/>\n<meta name=\"twitter:card\" content=\"summary_large_image\" \/>\n<meta name=\"twitter:label1\" content=\"Ber\u00e4knad l\u00e4stid\" \/>\n\t<meta name=\"twitter:data1\" content=\"1 minut\" \/>\n<script type=\"application\/ld+json\" class=\"yoast-schema-graph\">{\"@context\":\"https:\/\/schema.org\",\"@graph\":[{\"@type\":\"WebPage\",\"@id\":\"https:\/\/novadream.se\/sv\/produkt\/royal\/\",\"url\":\"https:\/\/novadream.se\/sv\/produkt\/royal\/\",\"name\":\"Royal - Nova Dreams\",\"isPartOf\":{\"@id\":\"https:\/\/novadream.se\/sv\/#website\"},\"primaryImageOfPage\":{\"@id\":\"https:\/\/novadream.se\/sv\/produkt\/royal\/#primaryimage\"},\"image\":{\"@id\":\"https:\/\/novadream.se\/sv\/produkt\/royal\/#primaryimage\"},\"thumbnailUrl\":\"https:\/\/novadream.se\/wp-content\/uploads\/2024\/03\/Royal-1-scaled.jpg\",\"datePublished\":\"2024-03-19T20:25:20+00:00\",\"dateModified\":\"2025-04-16T13:23:28+00:00\",\"breadcrumb\":{\"@id\":\"https:\/\/novadream.se\/sv\/produkt\/royal\/#breadcrumb\"},\"inLanguage\":\"sv-SE\",\"potentialAction\":[{\"@type\":\"ReadAction\",\"target\":[\"https:\/\/novadream.se\/sv\/produkt\/royal\/\"]}]},{\"@type\":\"ImageObject\",\"inLanguage\":\"sv-SE\",\"@id\":\"https:\/\/novadream.se\/sv\/produkt\/royal\/#primaryimage\",\"url\":\"https:\/\/novadream.se\/wp-content\/uploads\/2024\/03\/Royal-1-scaled.jpg\",\"contentUrl\":\"https:\/\/novadream.se\/wp-content\/uploads\/2024\/03\/Royal-1-scaled.jpg\",\"width\":1953,\"height\":2560},{\"@type\":\"BreadcrumbList\",\"@id\":\"https:\/\/novadream.se\/sv\/produkt\/royal\/#breadcrumb\",\"itemListElement\":[{\"@type\":\"ListItem\",\"position\":1,\"name\":\"Home\",\"item\":\"https:\/\/novadream.se\/sv\/\"},{\"@type\":\"ListItem\",\"position\":2,\"name\":\"Butik\",\"item\":\"https:\/\/novadream.se\/butik\/\"},{\"@type\":\"ListItem\",\"position\":3,\"name\":\"Royal\"}]},{\"@type\":\"WebSite\",\"@id\":\"https:\/\/novadream.se\/sv\/#website\",\"url\":\"https:\/\/novadream.se\/sv\/\",\"name\":\"Nova Dreams\",\"description\":\"\",\"publisher\":{\"@id\":\"https:\/\/novadream.se\/sv\/#organization\"},\"potentialAction\":[{\"@type\":\"SearchAction\",\"target\":{\"@type\":\"EntryPoint\",\"urlTemplate\":\"https:\/\/novadream.se\/sv\/?s={search_term_string}\"},\"query-input\":{\"@type\":\"PropertyValueSpecification\",\"valueRequired\":true,\"valueName\":\"search_term_string\"}}],\"inLanguage\":\"sv-SE\"},{\"@type\":\"Organization\",\"@id\":\"https:\/\/novadream.se\/sv\/#organization\",\"name\":\"Nova Worldwide AB\",\"url\":\"https:\/\/novadream.se\/sv\/\",\"logo\":{\"@type\":\"ImageObject\",\"inLanguage\":\"sv-SE\",\"@id\":\"https:\/\/novadream.se\/sv\/#\/schema\/logo\/image\/\",\"url\":\"https:\/\/novadream.se\/wp-content\/uploads\/2025\/05\/nova-white-logo-e1747034077978.png\",\"contentUrl\":\"https:\/\/novadream.se\/wp-content\/uploads\/2025\/05\/nova-white-logo-e1747034077978.png\",\"width\":244,\"height\":137,\"caption\":\"Nova Worldwide AB\"},\"image\":{\"@id\":\"https:\/\/novadream.se\/sv\/#\/schema\/logo\/image\/\"}}]}<\/script>\n<!-- \/ Yoast SEO plugin. -->","yoast_head_json":{"title":"Royal - Nova Dreams","robots":{"index":"index","follow":"follow","max-snippet":"max-snippet:-1","max-image-preview":"max-image-preview:large","max-video-preview":"max-video-preview:-1"},"canonical":"https:\/\/novadream.se\/sv\/produkt\/royal\/","og_locale":"sv_SE","og_type":"article","og_title":"Royal - Nova Dreams","og_description":"Den h\u00e4r kollektionen kan dramatiskt f\u00f6r\u00e4ndra st\u00e4mningen i din interi\u00f6r och bli en viktig del av ett sovrum i kunglig stil. \u00d6verkasten och kuddfodralen \u00e4r gjorda av h\u00f6gkvalitativ italiensk jacquard i en mj\u00f6lkvit f\u00e4rg, med ett texturerat fiskbenstryck. Tygsammans\u00e4ttningen \u00e4r 54% bomull och 46% ull, vilket g\u00f6r \u00f6verkastet l\u00e4mpligt att anv\u00e4nda som filt. Produkter fr\u00e5n \"Royal\"-kollektionen \u00e4r inramade med sammetslena tyg i behagliga gr\u00e5 och mj\u00f6lkiga f\u00e4rger.                         \u00d6verkast och kuddfodral finns att k\u00f6pa separat. Du kan skapa ditt eget set efter storleken p\u00e5 din s\u00e4ng och kuddar. Var uppm\u00e4rksam p\u00e5 f\u00e4rgen p\u00e5 kantbandet vid best\u00e4llning.","og_url":"https:\/\/novadream.se\/sv\/produkt\/royal\/","og_site_name":"Nova Dreams","article_modified_time":"2025-04-16T13:23:28+00:00","og_image":[{"width":1953,"height":2560,"url":"https:\/\/novadream.se\/wp-content\/uploads\/2024\/03\/Royal-1-scaled.jpg","type":"image\/jpeg"}],"twitter_card":"summary_large_image","twitter_misc":{"Ber\u00e4knad l\u00e4stid":"1 minut"},"schema":{"@context":"https:\/\/schema.org","@graph":[{"@type":"WebPage","@id":"https:\/\/novadream.se\/sv\/produkt\/royal\/","url":"https:\/\/novadream.se\/sv\/produkt\/royal\/","name":"Royal - Nova Dreams","isPartOf":{"@id":"https:\/\/novadream.se\/sv\/#website"},"primaryImageOfPage":{"@id":"https:\/\/novadream.se\/sv\/produkt\/royal\/#primaryimage"},"image":{"@id":"https:\/\/novadream.se\/sv\/produkt\/royal\/#primaryimage"},"thumbnailUrl":"https:\/\/novadream.se\/wp-content\/uploads\/2024\/03\/Royal-1-scaled.jpg","datePublished":"2024-03-19T20:25:20+00:00","dateModified":"2025-04-16T13:23:28+00:00","breadcrumb":{"@id":"https:\/\/novadream.se\/sv\/produkt\/royal\/#breadcrumb"},"inLanguage":"sv-SE","potentialAction":[{"@type":"ReadAction","target":["https:\/\/novadream.se\/sv\/produkt\/royal\/"]}]},{"@type":"ImageObject","inLanguage":"sv-SE","@id":"https:\/\/novadream.se\/sv\/produkt\/royal\/#primaryimage","url":"https:\/\/novadream.se\/wp-content\/uploads\/2024\/03\/Royal-1-scaled.jpg","contentUrl":"https:\/\/novadream.se\/wp-content\/uploads\/2024\/03\/Royal-1-scaled.jpg","width":1953,"height":2560},{"@type":"BreadcrumbList","@id":"https:\/\/novadream.se\/sv\/produkt\/royal\/#breadcrumb","itemListElement":[{"@type":"ListItem","position":1,"name":"Home","item":"https:\/\/novadream.se\/sv\/"},{"@type":"ListItem","position":2,"name":"Butik","item":"https:\/\/novadream.se\/butik\/"},{"@type":"ListItem","position":3,"name":"Royal"}]},{"@type":"WebSite","@id":"https:\/\/novadream.se\/sv\/#website","url":"https:\/\/novadream.se\/sv\/","name":"Nova Dreams","description":"","publisher":{"@id":"https:\/\/novadream.se\/sv\/#organization"},"potentialAction":[{"@type":"SearchAction","target":{"@type":"EntryPoint","urlTemplate":"https:\/\/novadream.se\/sv\/?s={search_term_string}"},"query-input":{"@type":"PropertyValueSpecification","valueRequired":true,"valueName":"search_term_string"}}],"inLanguage":"sv-SE"},{"@type":"Organization","@id":"https:\/\/novadream.se\/sv\/#organization","name":"Nova Worldwide AB","url":"https:\/\/novadream.se\/sv\/","logo":{"@type":"ImageObject","inLanguage":"sv-SE","@id":"https:\/\/novadream.se\/sv\/#\/schema\/logo\/image\/","url":"https:\/\/novadream.se\/wp-content\/uploads\/2025\/05\/nova-white-logo-e1747034077978.png","contentUrl":"https:\/\/novadream.se\/wp-content\/uploads\/2025\/05\/nova-white-logo-e1747034077978.png","width":244,"height":137,"caption":"Nova Worldwide AB"},"image":{"@id":"https:\/\/novadream.se\/sv\/#\/schema\/logo\/image\/"}}]}},"_links":{"self":[{"href":"https:\/\/novadream.se\/sv\/wp-json\/wp\/v2\/product\/579","targetHints":{"allow":["GET"]}}],"collection":[{"href":"https:\/\/novadream.se\/sv\/wp-json\/wp\/v2\/product"}],"about":[{"href":"https:\/\/novadream.se\/sv\/wp-json\/wp\/v2\/types\/product"}],"replies":[{"embeddable":true,"href":"https:\/\/novadream.se\/sv\/wp-json\/wp\/v2\/comments?post=579"}],"wp:featuredmedia":[{"embeddable":true,"href":"https:\/\/novadream.se\/sv\/wp-json\/wp\/v2\/media\/580"}],"wp:attachment":[{"href":"https:\/\/novadream.se\/sv\/wp-json\/wp\/v2\/media?parent=579"}],"wp:term":[{"taxonomy":"product_brand","embeddable":true,"href":"https:\/\/novadream.se\/sv\/wp-json\/wp\/v2\/product_brand?post=579"},{"taxonomy":"product_cat","embeddable":true,"href":"https:\/\/novadream.se\/sv\/wp-json\/wp\/v2\/product_cat?post=579"},{"taxonomy":"product_tag","embeddable":true,"href":"https:\/\/novadream.se\/sv\/wp-json\/wp\/v2\/product_tag?post=579"}],"curies":[{"name":"wp","href":"https:\/\/api.w.org\/{rel}","templated":true}]}}