{"id":585,"date":"2023-12-25T12:24:49","date_gmt":"2023-12-25T12:24:49","guid":{"rendered":"https:\/\/nova-dreams.smplfy.eu\/product\/harmony\/"},"modified":"2025-04-16T13:36:27","modified_gmt":"2025-04-16T13:36:27","slug":"harmony","status":"publish","type":"product","link":"https:\/\/novadream.se\/sv\/produkt\/harmony\/","title":{"rendered":"Harmony"},"content":{"rendered":"<p><span data-contrast=\"none\">S\u00f6mnen du f\u00f6rtj\u00e4nar..<\/span><br \/>\n          <span data-ccp-props=\"{\"201341983\":0,\"335557856\":16777215,\"335559739\":240,\"335559740\":259}\"> <\/span><\/p>\n<p>          <span data-contrast=\"none\">Denna extraordin\u00e4ra kollektion \u00e4r gjord av 100 % italienskt linne och visas i f\u00e4rgen av mogen gr\u00f6nska. Den finns \u00e4ven i gr\u00e5tt. V\u00e5ra linne s\u00e4ngkl\u00e4der erbjuder en perfekt blandning av h\u00e5llbarhet och mjukhet, med en naturlig textur som f\u00f6rst\u00e4rks med varje tv\u00e4tt. Det andningsbara tyget garanterar komfort under alla \u00e5rstider, medan dess avslappnade, l\u00e4tt skrynkliga utseende ger en touch av enkel stil till ditt sovrum. En bred remsa av 300-tr\u00e5ds sat\u00e4ng med s\u00f6mmar, som pryder \u00f6rngott och p\u00e5slakan, framh\u00e4ver linnets naturlighet och ger en dyrbar look. &#8221;Harmony&#8221; -kollektionen kommer estetiskt att passa in i alla interi\u00f6rer.      <\/span><br \/>\n          <span data-ccp-props=\"{\"201341983\":0,\"335557856\":16777215,\"335559739\":240,\"335559740\":259}\"> <\/span><\/p>\n<p>          <span data-contrast=\"none\">P\u00e5slakan, lakan och \u00f6rngott med eller utan dekorrand finns att k\u00f6pa separat beroende p\u00e5 storleken p\u00e5 din s\u00e4ng, filtar och kuddar<\/span><br \/>\n          <span data-ccp-props=\"{\"201341983\":0,\"335557856\":16777215,\"335559739\":240,\"335559740\":259}\"> <\/span><\/p>\n","protected":false},"excerpt":{"rendered":"<p>          <span data-contrast=\"none\">S\u00f6mnen du f\u00f6rtj\u00e4nar..<\/span><br \/>\n          <span data-ccp-props=\"{\"201341983\":0,\"335557856\":16777215,\"335559739\":240,\"335559740\":259}\"> <\/span><\/p>\n<p>          <span data-contrast=\"none\">Denna extraordin\u00e4ra kollektion \u00e4r gjord av 100 % italienskt linne och visas i f\u00e4rgen av mogen gr\u00f6nska. Den finns \u00e4ven i gr\u00e5tt. V\u00e5ra linne s\u00e4ngkl\u00e4der erbjuder en perfekt blandning av h\u00e5llbarhet och mjukhet, med en naturlig textur som f\u00f6rst\u00e4rks med varje tv\u00e4tt. Det andningsbara tyget garanterar komfort under alla \u00e5rstider, medan dess avslappnade, l\u00e4tt skrynkliga utseende ger en touch av enkel stil till ditt sovrum. En bred remsa av 300-tr\u00e5ds sat\u00e4ng med s\u00f6mmar, som pryder \u00f6rngott och p\u00e5slakan, framh\u00e4ver linnets naturlighet och ger en dyrbar look. &#8221;Harmony&#8221; -kollektionen kommer estetiskt att passa in i alla interi\u00f6rer.      <\/span><br \/>\n          <span data-ccp-props=\"{\"201341983\":0,\"335557856\":16777215,\"335559739\":240,\"335559740\":259}\"> <\/span><\/p>\n<p>          <span data-contrast=\"none\">P\u00e5slakan, lakan och \u00f6rngott med eller utan dekorrand finns att k\u00f6pa separat beroende p\u00e5 storleken p\u00e5 din s\u00e4ng, filtar och kuddar<\/span><br \/>\n          <span data-ccp-props=\"{\"201341983\":0,\"335557856\":16777215,\"335559739\":240,\"335559740\":259}\"> <\/span><\/p>\n","protected":false},"featured_media":586,"comment_status":"open","ping_status":"closed","template":"","meta":{"_acf_changed":false},"product_brand":[],"product_cat":[65],"product_tag":[],"class_list":{"0":"post-585","1":"product","2":"type-product","3":"status-publish","4":"has-post-thumbnail","6":"product_cat-sangklader-kollektion","8":"first","9":"instock","10":"taxable","11":"shipping-taxable","12":"purchasable","13":"product-type-woosg"},"acf":[],"yoast_head":"<!-- This site is optimized with the Yoast SEO plugin v25.0 - https:\/\/yoast.com\/wordpress\/plugins\/seo\/ -->\n<title>Harmony - Nova Dreams<\/title>\n<meta name=\"robots\" content=\"index, follow, max-snippet:-1, max-image-preview:large, max-video-preview:-1\" \/>\n<link rel=\"canonical\" href=\"https:\/\/novadream.se\/sv\/produkt\/harmony\/\" \/>\n<meta property=\"og:locale\" content=\"sv_SE\" \/>\n<meta property=\"og:type\" content=\"article\" \/>\n<meta property=\"og:title\" content=\"Harmony - Nova Dreams\" \/>\n<meta property=\"og:description\" content=\"S\u00f6mnen du f\u00f6rtj\u00e4nar..                        Denna extraordin\u00e4ra kollektion \u00e4r gjord av 100 % italienskt linne och visas i f\u00e4rgen av mogen gr\u00f6nska. Den finns \u00e4ven i gr\u00e5tt. V\u00e5ra linne s\u00e4ngkl\u00e4der erbjuder en perfekt blandning av h\u00e5llbarhet och mjukhet, med en naturlig textur som f\u00f6rst\u00e4rks med varje tv\u00e4tt. Det andningsbara tyget garanterar komfort under alla \u00e5rstider, medan dess avslappnade, l\u00e4tt skrynkliga utseende ger en touch av enkel stil till ditt sovrum. En bred remsa av 300-tr\u00e5ds sat\u00e4ng med s\u00f6mmar, som pryder \u00f6rngott och p\u00e5slakan, framh\u00e4ver linnets naturlighet och ger en dyrbar look. &quot;Harmony&quot; -kollektionen kommer estetiskt att passa in i alla interi\u00f6rer.                           P\u00e5slakan, lakan och \u00f6rngott med eller utan dekorrand finns att k\u00f6pa separat beroende p\u00e5 storleken p\u00e5 din s\u00e4ng, filtar och kuddar\" \/>\n<meta property=\"og:url\" content=\"https:\/\/novadream.se\/sv\/produkt\/harmony\/\" \/>\n<meta property=\"og:site_name\" content=\"Nova Dreams\" \/>\n<meta property=\"article:modified_time\" content=\"2025-04-16T13:36:27+00:00\" \/>\n<meta property=\"og:image\" content=\"https:\/\/novadream.se\/wp-content\/uploads\/2024\/01\/Harmony-1-scaled.jpg\" \/>\n\t<meta property=\"og:image:width\" content=\"1707\" \/>\n\t<meta property=\"og:image:height\" content=\"2560\" \/>\n\t<meta property=\"og:image:type\" content=\"image\/jpeg\" \/>\n<meta name=\"twitter:card\" content=\"summary_large_image\" \/>\n<meta name=\"twitter:label1\" content=\"Ber\u00e4knad l\u00e4stid\" \/>\n\t<meta name=\"twitter:data1\" content=\"1 minut\" \/>\n<script type=\"application\/ld+json\" class=\"yoast-schema-graph\">{\"@context\":\"https:\/\/schema.org\",\"@graph\":[{\"@type\":\"WebPage\",\"@id\":\"https:\/\/novadream.se\/sv\/produkt\/harmony\/\",\"url\":\"https:\/\/novadream.se\/sv\/produkt\/harmony\/\",\"name\":\"Harmony - Nova Dreams\",\"isPartOf\":{\"@id\":\"https:\/\/novadream.se\/sv\/#website\"},\"primaryImageOfPage\":{\"@id\":\"https:\/\/novadream.se\/sv\/produkt\/harmony\/#primaryimage\"},\"image\":{\"@id\":\"https:\/\/novadream.se\/sv\/produkt\/harmony\/#primaryimage\"},\"thumbnailUrl\":\"https:\/\/novadream.se\/wp-content\/uploads\/2024\/01\/Harmony-1-scaled.jpg\",\"datePublished\":\"2023-12-25T12:24:49+00:00\",\"dateModified\":\"2025-04-16T13:36:27+00:00\",\"breadcrumb\":{\"@id\":\"https:\/\/novadream.se\/sv\/produkt\/harmony\/#breadcrumb\"},\"inLanguage\":\"sv-SE\",\"potentialAction\":[{\"@type\":\"ReadAction\",\"target\":[\"https:\/\/novadream.se\/sv\/produkt\/harmony\/\"]}]},{\"@type\":\"ImageObject\",\"inLanguage\":\"sv-SE\",\"@id\":\"https:\/\/novadream.se\/sv\/produkt\/harmony\/#primaryimage\",\"url\":\"https:\/\/novadream.se\/wp-content\/uploads\/2024\/01\/Harmony-1-scaled.jpg\",\"contentUrl\":\"https:\/\/novadream.se\/wp-content\/uploads\/2024\/01\/Harmony-1-scaled.jpg\",\"width\":1707,\"height\":2560},{\"@type\":\"BreadcrumbList\",\"@id\":\"https:\/\/novadream.se\/sv\/produkt\/harmony\/#breadcrumb\",\"itemListElement\":[{\"@type\":\"ListItem\",\"position\":1,\"name\":\"Home\",\"item\":\"https:\/\/novadream.se\/sv\/\"},{\"@type\":\"ListItem\",\"position\":2,\"name\":\"Butik\",\"item\":\"https:\/\/novadream.se\/butik\/\"},{\"@type\":\"ListItem\",\"position\":3,\"name\":\"Harmony\"}]},{\"@type\":\"WebSite\",\"@id\":\"https:\/\/novadream.se\/sv\/#website\",\"url\":\"https:\/\/novadream.se\/sv\/\",\"name\":\"Nova Dreams\",\"description\":\"\",\"publisher\":{\"@id\":\"https:\/\/novadream.se\/sv\/#organization\"},\"potentialAction\":[{\"@type\":\"SearchAction\",\"target\":{\"@type\":\"EntryPoint\",\"urlTemplate\":\"https:\/\/novadream.se\/sv\/?s={search_term_string}\"},\"query-input\":{\"@type\":\"PropertyValueSpecification\",\"valueRequired\":true,\"valueName\":\"search_term_string\"}}],\"inLanguage\":\"sv-SE\"},{\"@type\":\"Organization\",\"@id\":\"https:\/\/novadream.se\/sv\/#organization\",\"name\":\"Nova Worldwide AB\",\"url\":\"https:\/\/novadream.se\/sv\/\",\"logo\":{\"@type\":\"ImageObject\",\"inLanguage\":\"sv-SE\",\"@id\":\"https:\/\/novadream.se\/sv\/#\/schema\/logo\/image\/\",\"url\":\"https:\/\/novadream.se\/wp-content\/uploads\/2025\/05\/nova-white-logo-e1747034077978.png\",\"contentUrl\":\"https:\/\/novadream.se\/wp-content\/uploads\/2025\/05\/nova-white-logo-e1747034077978.png\",\"width\":244,\"height\":137,\"caption\":\"Nova Worldwide AB\"},\"image\":{\"@id\":\"https:\/\/novadream.se\/sv\/#\/schema\/logo\/image\/\"}}]}<\/script>\n<!-- \/ Yoast SEO plugin. -->","yoast_head_json":{"title":"Harmony - Nova Dreams","robots":{"index":"index","follow":"follow","max-snippet":"max-snippet:-1","max-image-preview":"max-image-preview:large","max-video-preview":"max-video-preview:-1"},"canonical":"https:\/\/novadream.se\/sv\/produkt\/harmony\/","og_locale":"sv_SE","og_type":"article","og_title":"Harmony - Nova Dreams","og_description":"S\u00f6mnen du f\u00f6rtj\u00e4nar..                        Denna extraordin\u00e4ra kollektion \u00e4r gjord av 100 % italienskt linne och visas i f\u00e4rgen av mogen gr\u00f6nska. Den finns \u00e4ven i gr\u00e5tt. V\u00e5ra linne s\u00e4ngkl\u00e4der erbjuder en perfekt blandning av h\u00e5llbarhet och mjukhet, med en naturlig textur som f\u00f6rst\u00e4rks med varje tv\u00e4tt. Det andningsbara tyget garanterar komfort under alla \u00e5rstider, medan dess avslappnade, l\u00e4tt skrynkliga utseende ger en touch av enkel stil till ditt sovrum. En bred remsa av 300-tr\u00e5ds sat\u00e4ng med s\u00f6mmar, som pryder \u00f6rngott och p\u00e5slakan, framh\u00e4ver linnets naturlighet och ger en dyrbar look. \"Harmony\" -kollektionen kommer estetiskt att passa in i alla interi\u00f6rer.                           P\u00e5slakan, lakan och \u00f6rngott med eller utan dekorrand finns att k\u00f6pa separat beroende p\u00e5 storleken p\u00e5 din s\u00e4ng, filtar och kuddar","og_url":"https:\/\/novadream.se\/sv\/produkt\/harmony\/","og_site_name":"Nova Dreams","article_modified_time":"2025-04-16T13:36:27+00:00","og_image":[{"width":1707,"height":2560,"url":"https:\/\/novadream.se\/wp-content\/uploads\/2024\/01\/Harmony-1-scaled.jpg","type":"image\/jpeg"}],"twitter_card":"summary_large_image","twitter_misc":{"Ber\u00e4knad l\u00e4stid":"1 minut"},"schema":{"@context":"https:\/\/schema.org","@graph":[{"@type":"WebPage","@id":"https:\/\/novadream.se\/sv\/produkt\/harmony\/","url":"https:\/\/novadream.se\/sv\/produkt\/harmony\/","name":"Harmony - Nova Dreams","isPartOf":{"@id":"https:\/\/novadream.se\/sv\/#website"},"primaryImageOfPage":{"@id":"https:\/\/novadream.se\/sv\/produkt\/harmony\/#primaryimage"},"image":{"@id":"https:\/\/novadream.se\/sv\/produkt\/harmony\/#primaryimage"},"thumbnailUrl":"https:\/\/novadream.se\/wp-content\/uploads\/2024\/01\/Harmony-1-scaled.jpg","datePublished":"2023-12-25T12:24:49+00:00","dateModified":"2025-04-16T13:36:27+00:00","breadcrumb":{"@id":"https:\/\/novadream.se\/sv\/produkt\/harmony\/#breadcrumb"},"inLanguage":"sv-SE","potentialAction":[{"@type":"ReadAction","target":["https:\/\/novadream.se\/sv\/produkt\/harmony\/"]}]},{"@type":"ImageObject","inLanguage":"sv-SE","@id":"https:\/\/novadream.se\/sv\/produkt\/harmony\/#primaryimage","url":"https:\/\/novadream.se\/wp-content\/uploads\/2024\/01\/Harmony-1-scaled.jpg","contentUrl":"https:\/\/novadream.se\/wp-content\/uploads\/2024\/01\/Harmony-1-scaled.jpg","width":1707,"height":2560},{"@type":"BreadcrumbList","@id":"https:\/\/novadream.se\/sv\/produkt\/harmony\/#breadcrumb","itemListElement":[{"@type":"ListItem","position":1,"name":"Home","item":"https:\/\/novadream.se\/sv\/"},{"@type":"ListItem","position":2,"name":"Butik","item":"https:\/\/novadream.se\/butik\/"},{"@type":"ListItem","position":3,"name":"Harmony"}]},{"@type":"WebSite","@id":"https:\/\/novadream.se\/sv\/#website","url":"https:\/\/novadream.se\/sv\/","name":"Nova Dreams","description":"","publisher":{"@id":"https:\/\/novadream.se\/sv\/#organization"},"potentialAction":[{"@type":"SearchAction","target":{"@type":"EntryPoint","urlTemplate":"https:\/\/novadream.se\/sv\/?s={search_term_string}"},"query-input":{"@type":"PropertyValueSpecification","valueRequired":true,"valueName":"search_term_string"}}],"inLanguage":"sv-SE"},{"@type":"Organization","@id":"https:\/\/novadream.se\/sv\/#organization","name":"Nova Worldwide AB","url":"https:\/\/novadream.se\/sv\/","logo":{"@type":"ImageObject","inLanguage":"sv-SE","@id":"https:\/\/novadream.se\/sv\/#\/schema\/logo\/image\/","url":"https:\/\/novadream.se\/wp-content\/uploads\/2025\/05\/nova-white-logo-e1747034077978.png","contentUrl":"https:\/\/novadream.se\/wp-content\/uploads\/2025\/05\/nova-white-logo-e1747034077978.png","width":244,"height":137,"caption":"Nova Worldwide AB"},"image":{"@id":"https:\/\/novadream.se\/sv\/#\/schema\/logo\/image\/"}}]}},"_links":{"self":[{"href":"https:\/\/novadream.se\/sv\/wp-json\/wp\/v2\/product\/585","targetHints":{"allow":["GET"]}}],"collection":[{"href":"https:\/\/novadream.se\/sv\/wp-json\/wp\/v2\/product"}],"about":[{"href":"https:\/\/novadream.se\/sv\/wp-json\/wp\/v2\/types\/product"}],"replies":[{"embeddable":true,"href":"https:\/\/novadream.se\/sv\/wp-json\/wp\/v2\/comments?post=585"}],"wp:featuredmedia":[{"embeddable":true,"href":"https:\/\/novadream.se\/sv\/wp-json\/wp\/v2\/media\/586"}],"wp:attachment":[{"href":"https:\/\/novadream.se\/sv\/wp-json\/wp\/v2\/media?parent=585"}],"wp:term":[{"taxonomy":"product_brand","embeddable":true,"href":"https:\/\/novadream.se\/sv\/wp-json\/wp\/v2\/product_brand?post=585"},{"taxonomy":"product_cat","embeddable":true,"href":"https:\/\/novadream.se\/sv\/wp-json\/wp\/v2\/product_cat?post=585"},{"taxonomy":"product_tag","embeddable":true,"href":"https:\/\/novadream.se\/sv\/wp-json\/wp\/v2\/product_tag?post=585"}],"curies":[{"name":"wp","href":"https:\/\/api.w.org\/{rel}","templated":true}]}}