{"id":597,"date":"2024-01-12T11:39:47","date_gmt":"2024-01-12T11:39:47","guid":{"rendered":"https:\/\/nova-dreams.smplfy.eu\/product\/stockholm\/"},"modified":"2025-04-16T13:31:00","modified_gmt":"2025-04-16T13:31:00","slug":"stockholm","status":"publish","type":"product","link":"https:\/\/novadream.se\/sv\/produkt\/stockholm\/","title":{"rendered":"Stockholm"},"content":{"rendered":"<p><span data-contrast=\"none\">Strikthet och lyx &#8211; tv\u00e5 ord som beskriver detta alternativ. Denna uts\u00f6kta kollektion \u00e4r gjord av h\u00f6gsta kvalitet, 600 tr\u00e5dars italiensk satin. Tyget \u00e4r tillverkat av   <\/span><br \/>\n          <span data-contrast=\"none\">den utvalda l\u00e5ngfibriga egyptiska bomullen<\/span><br \/>\n          <span data-contrast=\"none\">. The design is based on a combination of two contrasting shades of grey: dark graphite and milky grey, in the Oxford style. The elegance and versatility of grey will certainly complement your bedroom and the fabric\u2019s light sheen of the fabric will add a touch of solemnity to your bed. Duvet covers feature hidden button fastenings.   <\/span><br \/>\n          <span data-ccp-props=\"{\"201341983\":0,\"335557856\":16777215,\"335559739\":240,\"335559740\":259}\"> <\/span><\/p>\n<p>          <span data-contrast=\"none\">Observera att det finns tv\u00e5 typer av \u00f6rngott: standard Oxford-modellen och Oxford-modellen med dubbel kant. Lakanen \u00e4r gjorda i en mj\u00f6lkgr\u00e5 f\u00e4rg. <\/span><br \/>\n          <span data-ccp-props=\"{\"201341983\":0,\"335557856\":16777215,\"335559739\":240,\"335559740\":259}\"> <\/span><\/p>\n<p>          <span data-contrast=\"none\">P\u00e5slakan, lakan och \u00f6rngott finns att k\u00f6pa separat, beroende p\u00e5 storleken p\u00e5 din s\u00e4ng, filtar och kuddar.<\/span><br \/>\n          <span data-ccp-props=\"{\"201341983\":0,\"335557856\":16777215,\"335559739\":240,\"335559740\":259}\"> <\/span><\/p>\n","protected":false},"excerpt":{"rendered":"<p>          <span data-contrast=\"none\">Strikthet och lyx &#8211; tv\u00e5 ord som beskriver detta alternativ. Denna uts\u00f6kta kollektion \u00e4r gjord av h\u00f6gsta kvalitet, 600 tr\u00e5dars italiensk satin. Tyget \u00e4r tillverkat av   <\/span><br \/>\n          <span data-contrast=\"none\">den utvalda l\u00e5ngfibriga egyptiska bomullen<\/span><br \/>\n          <span data-contrast=\"none\">. Designen \u00e4r baserad p\u00e5 en kombination av tv\u00e5 kontrasterande nyanser av gr\u00e5tt: m\u00f6rk grafit och mj\u00f6lkgr\u00e5, i Oxford-stil. Elegansen och m\u00e5ngsidigheten i gr\u00e5tt kommer s\u00e4kert att komplettera ditt sovrum och tygets ljusa glans kommer att ge en touch av h\u00f6gtidlighet till din s\u00e4ng. P\u00e5slakan har dolda knappar.  <\/span><br \/>\n          <span data-ccp-props=\"{\"201341983\":0,\"335557856\":16777215,\"335559739\":240,\"335559740\":259}\"> <\/span><\/p>\n<p>          <span data-contrast=\"none\">Observera att det finns tv\u00e5 typer av \u00f6rngott: standard Oxford-modellen och Oxford-modellen med dubbel kant. Lakanen \u00e4r gjorda i en mj\u00f6lkgr\u00e5 f\u00e4rg. <\/span><br \/>\n          <span data-ccp-props=\"{\"201341983\":0,\"335557856\":16777215,\"335559739\":240,\"335559740\":259}\"> <\/span><\/p>\n<p>          <span data-contrast=\"none\">P\u00e5slakan, lakan och \u00f6rngott finns att k\u00f6pa separat, beroende p\u00e5 storleken p\u00e5 din s\u00e4ng, filtar och kuddar.<\/span><br \/>\n          <span data-ccp-props=\"{\"201341983\":0,\"335557856\":16777215,\"335559739\":240,\"335559740\":259}\"> <\/span><\/p>\n","protected":false},"featured_media":598,"comment_status":"open","ping_status":"closed","template":"","meta":{"_acf_changed":false},"product_brand":[],"product_cat":[65],"product_tag":[],"class_list":{"0":"post-597","1":"product","2":"type-product","3":"status-publish","4":"has-post-thumbnail","6":"product_cat-sangklader-kollektion","8":"first","9":"instock","10":"taxable","11":"shipping-taxable","12":"purchasable","13":"product-type-woosg"},"acf":[],"yoast_head":"<!-- This site is optimized with the Yoast SEO plugin v25.0 - https:\/\/yoast.com\/wordpress\/plugins\/seo\/ -->\n<title>Stockholm - Nova Dreams<\/title>\n<meta name=\"robots\" content=\"index, follow, max-snippet:-1, max-image-preview:large, max-video-preview:-1\" \/>\n<link rel=\"canonical\" href=\"https:\/\/novadream.se\/sv\/produkt\/stockholm\/\" \/>\n<meta property=\"og:locale\" content=\"sv_SE\" \/>\n<meta property=\"og:type\" content=\"article\" \/>\n<meta property=\"og:title\" content=\"Stockholm - Nova Dreams\" \/>\n<meta property=\"og:description\" content=\"Strikthet och lyx - tv\u00e5 ord som beskriver detta alternativ. Denna uts\u00f6kta kollektion \u00e4r gjord av h\u00f6gsta kvalitet, 600 tr\u00e5dars italiensk satin. Tyget \u00e4r tillverkat av       den utvalda l\u00e5ngfibriga egyptiska bomullen      . Designen \u00e4r baserad p\u00e5 en kombination av tv\u00e5 kontrasterande nyanser av gr\u00e5tt: m\u00f6rk grafit och mj\u00f6lkgr\u00e5, i Oxford-stil. Elegansen och m\u00e5ngsidigheten i gr\u00e5tt kommer s\u00e4kert att komplettera ditt sovrum och tygets ljusa glans kommer att ge en touch av h\u00f6gtidlighet till din s\u00e4ng. P\u00e5slakan har dolda knappar.                         Observera att det finns tv\u00e5 typer av \u00f6rngott: standard Oxford-modellen och Oxford-modellen med dubbel kant. Lakanen \u00e4r gjorda i en mj\u00f6lkgr\u00e5 f\u00e4rg.                        P\u00e5slakan, lakan och \u00f6rngott finns att k\u00f6pa separat, beroende p\u00e5 storleken p\u00e5 din s\u00e4ng, filtar och kuddar.\" \/>\n<meta property=\"og:url\" content=\"https:\/\/novadream.se\/sv\/produkt\/stockholm\/\" \/>\n<meta property=\"og:site_name\" content=\"Nova Dreams\" \/>\n<meta property=\"article:modified_time\" content=\"2025-04-16T13:31:00+00:00\" \/>\n<meta property=\"og:image\" content=\"https:\/\/novadream.se\/wp-content\/uploads\/2024\/01\/5F7A7148-scaled.jpg\" \/>\n\t<meta property=\"og:image:width\" content=\"1707\" \/>\n\t<meta property=\"og:image:height\" content=\"2560\" \/>\n\t<meta property=\"og:image:type\" content=\"image\/jpeg\" \/>\n<meta name=\"twitter:card\" content=\"summary_large_image\" \/>\n<meta name=\"twitter:label1\" content=\"Ber\u00e4knad l\u00e4stid\" \/>\n\t<meta name=\"twitter:data1\" content=\"1 minut\" \/>\n<script type=\"application\/ld+json\" class=\"yoast-schema-graph\">{\"@context\":\"https:\/\/schema.org\",\"@graph\":[{\"@type\":\"WebPage\",\"@id\":\"https:\/\/novadream.se\/sv\/produkt\/stockholm\/\",\"url\":\"https:\/\/novadream.se\/sv\/produkt\/stockholm\/\",\"name\":\"Stockholm - Nova Dreams\",\"isPartOf\":{\"@id\":\"https:\/\/novadream.se\/sv\/#website\"},\"primaryImageOfPage\":{\"@id\":\"https:\/\/novadream.se\/sv\/produkt\/stockholm\/#primaryimage\"},\"image\":{\"@id\":\"https:\/\/novadream.se\/sv\/produkt\/stockholm\/#primaryimage\"},\"thumbnailUrl\":\"https:\/\/novadream.se\/wp-content\/uploads\/2024\/01\/5F7A7148-scaled.jpg\",\"datePublished\":\"2024-01-12T11:39:47+00:00\",\"dateModified\":\"2025-04-16T13:31:00+00:00\",\"breadcrumb\":{\"@id\":\"https:\/\/novadream.se\/sv\/produkt\/stockholm\/#breadcrumb\"},\"inLanguage\":\"sv-SE\",\"potentialAction\":[{\"@type\":\"ReadAction\",\"target\":[\"https:\/\/novadream.se\/sv\/produkt\/stockholm\/\"]}]},{\"@type\":\"ImageObject\",\"inLanguage\":\"sv-SE\",\"@id\":\"https:\/\/novadream.se\/sv\/produkt\/stockholm\/#primaryimage\",\"url\":\"https:\/\/novadream.se\/wp-content\/uploads\/2024\/01\/5F7A7148-scaled.jpg\",\"contentUrl\":\"https:\/\/novadream.se\/wp-content\/uploads\/2024\/01\/5F7A7148-scaled.jpg\",\"width\":1707,\"height\":2560},{\"@type\":\"BreadcrumbList\",\"@id\":\"https:\/\/novadream.se\/sv\/produkt\/stockholm\/#breadcrumb\",\"itemListElement\":[{\"@type\":\"ListItem\",\"position\":1,\"name\":\"Home\",\"item\":\"https:\/\/novadream.se\/sv\/\"},{\"@type\":\"ListItem\",\"position\":2,\"name\":\"Butik\",\"item\":\"https:\/\/novadream.se\/butik\/\"},{\"@type\":\"ListItem\",\"position\":3,\"name\":\"Stockholm\"}]},{\"@type\":\"WebSite\",\"@id\":\"https:\/\/novadream.se\/sv\/#website\",\"url\":\"https:\/\/novadream.se\/sv\/\",\"name\":\"Nova Dreams\",\"description\":\"\",\"publisher\":{\"@id\":\"https:\/\/novadream.se\/sv\/#organization\"},\"potentialAction\":[{\"@type\":\"SearchAction\",\"target\":{\"@type\":\"EntryPoint\",\"urlTemplate\":\"https:\/\/novadream.se\/sv\/?s={search_term_string}\"},\"query-input\":{\"@type\":\"PropertyValueSpecification\",\"valueRequired\":true,\"valueName\":\"search_term_string\"}}],\"inLanguage\":\"sv-SE\"},{\"@type\":\"Organization\",\"@id\":\"https:\/\/novadream.se\/sv\/#organization\",\"name\":\"Nova Worldwide AB\",\"url\":\"https:\/\/novadream.se\/sv\/\",\"logo\":{\"@type\":\"ImageObject\",\"inLanguage\":\"sv-SE\",\"@id\":\"https:\/\/novadream.se\/sv\/#\/schema\/logo\/image\/\",\"url\":\"https:\/\/novadream.se\/wp-content\/uploads\/2025\/05\/nova-white-logo-e1747034077978.png\",\"contentUrl\":\"https:\/\/novadream.se\/wp-content\/uploads\/2025\/05\/nova-white-logo-e1747034077978.png\",\"width\":244,\"height\":137,\"caption\":\"Nova Worldwide AB\"},\"image\":{\"@id\":\"https:\/\/novadream.se\/sv\/#\/schema\/logo\/image\/\"}}]}<\/script>\n<!-- \/ Yoast SEO plugin. -->","yoast_head_json":{"title":"Stockholm - Nova Dreams","robots":{"index":"index","follow":"follow","max-snippet":"max-snippet:-1","max-image-preview":"max-image-preview:large","max-video-preview":"max-video-preview:-1"},"canonical":"https:\/\/novadream.se\/sv\/produkt\/stockholm\/","og_locale":"sv_SE","og_type":"article","og_title":"Stockholm - Nova Dreams","og_description":"Strikthet och lyx - tv\u00e5 ord som beskriver detta alternativ. Denna uts\u00f6kta kollektion \u00e4r gjord av h\u00f6gsta kvalitet, 600 tr\u00e5dars italiensk satin. Tyget \u00e4r tillverkat av       den utvalda l\u00e5ngfibriga egyptiska bomullen      . Designen \u00e4r baserad p\u00e5 en kombination av tv\u00e5 kontrasterande nyanser av gr\u00e5tt: m\u00f6rk grafit och mj\u00f6lkgr\u00e5, i Oxford-stil. Elegansen och m\u00e5ngsidigheten i gr\u00e5tt kommer s\u00e4kert att komplettera ditt sovrum och tygets ljusa glans kommer att ge en touch av h\u00f6gtidlighet till din s\u00e4ng. P\u00e5slakan har dolda knappar.                         Observera att det finns tv\u00e5 typer av \u00f6rngott: standard Oxford-modellen och Oxford-modellen med dubbel kant. Lakanen \u00e4r gjorda i en mj\u00f6lkgr\u00e5 f\u00e4rg.                        P\u00e5slakan, lakan och \u00f6rngott finns att k\u00f6pa separat, beroende p\u00e5 storleken p\u00e5 din s\u00e4ng, filtar och kuddar.","og_url":"https:\/\/novadream.se\/sv\/produkt\/stockholm\/","og_site_name":"Nova Dreams","article_modified_time":"2025-04-16T13:31:00+00:00","og_image":[{"width":1707,"height":2560,"url":"https:\/\/novadream.se\/wp-content\/uploads\/2024\/01\/5F7A7148-scaled.jpg","type":"image\/jpeg"}],"twitter_card":"summary_large_image","twitter_misc":{"Ber\u00e4knad l\u00e4stid":"1 minut"},"schema":{"@context":"https:\/\/schema.org","@graph":[{"@type":"WebPage","@id":"https:\/\/novadream.se\/sv\/produkt\/stockholm\/","url":"https:\/\/novadream.se\/sv\/produkt\/stockholm\/","name":"Stockholm - Nova Dreams","isPartOf":{"@id":"https:\/\/novadream.se\/sv\/#website"},"primaryImageOfPage":{"@id":"https:\/\/novadream.se\/sv\/produkt\/stockholm\/#primaryimage"},"image":{"@id":"https:\/\/novadream.se\/sv\/produkt\/stockholm\/#primaryimage"},"thumbnailUrl":"https:\/\/novadream.se\/wp-content\/uploads\/2024\/01\/5F7A7148-scaled.jpg","datePublished":"2024-01-12T11:39:47+00:00","dateModified":"2025-04-16T13:31:00+00:00","breadcrumb":{"@id":"https:\/\/novadream.se\/sv\/produkt\/stockholm\/#breadcrumb"},"inLanguage":"sv-SE","potentialAction":[{"@type":"ReadAction","target":["https:\/\/novadream.se\/sv\/produkt\/stockholm\/"]}]},{"@type":"ImageObject","inLanguage":"sv-SE","@id":"https:\/\/novadream.se\/sv\/produkt\/stockholm\/#primaryimage","url":"https:\/\/novadream.se\/wp-content\/uploads\/2024\/01\/5F7A7148-scaled.jpg","contentUrl":"https:\/\/novadream.se\/wp-content\/uploads\/2024\/01\/5F7A7148-scaled.jpg","width":1707,"height":2560},{"@type":"BreadcrumbList","@id":"https:\/\/novadream.se\/sv\/produkt\/stockholm\/#breadcrumb","itemListElement":[{"@type":"ListItem","position":1,"name":"Home","item":"https:\/\/novadream.se\/sv\/"},{"@type":"ListItem","position":2,"name":"Butik","item":"https:\/\/novadream.se\/butik\/"},{"@type":"ListItem","position":3,"name":"Stockholm"}]},{"@type":"WebSite","@id":"https:\/\/novadream.se\/sv\/#website","url":"https:\/\/novadream.se\/sv\/","name":"Nova Dreams","description":"","publisher":{"@id":"https:\/\/novadream.se\/sv\/#organization"},"potentialAction":[{"@type":"SearchAction","target":{"@type":"EntryPoint","urlTemplate":"https:\/\/novadream.se\/sv\/?s={search_term_string}"},"query-input":{"@type":"PropertyValueSpecification","valueRequired":true,"valueName":"search_term_string"}}],"inLanguage":"sv-SE"},{"@type":"Organization","@id":"https:\/\/novadream.se\/sv\/#organization","name":"Nova Worldwide AB","url":"https:\/\/novadream.se\/sv\/","logo":{"@type":"ImageObject","inLanguage":"sv-SE","@id":"https:\/\/novadream.se\/sv\/#\/schema\/logo\/image\/","url":"https:\/\/novadream.se\/wp-content\/uploads\/2025\/05\/nova-white-logo-e1747034077978.png","contentUrl":"https:\/\/novadream.se\/wp-content\/uploads\/2025\/05\/nova-white-logo-e1747034077978.png","width":244,"height":137,"caption":"Nova Worldwide AB"},"image":{"@id":"https:\/\/novadream.se\/sv\/#\/schema\/logo\/image\/"}}]}},"_links":{"self":[{"href":"https:\/\/novadream.se\/sv\/wp-json\/wp\/v2\/product\/597","targetHints":{"allow":["GET"]}}],"collection":[{"href":"https:\/\/novadream.se\/sv\/wp-json\/wp\/v2\/product"}],"about":[{"href":"https:\/\/novadream.se\/sv\/wp-json\/wp\/v2\/types\/product"}],"replies":[{"embeddable":true,"href":"https:\/\/novadream.se\/sv\/wp-json\/wp\/v2\/comments?post=597"}],"wp:featuredmedia":[{"embeddable":true,"href":"https:\/\/novadream.se\/sv\/wp-json\/wp\/v2\/media\/598"}],"wp:attachment":[{"href":"https:\/\/novadream.se\/sv\/wp-json\/wp\/v2\/media?parent=597"}],"wp:term":[{"taxonomy":"product_brand","embeddable":true,"href":"https:\/\/novadream.se\/sv\/wp-json\/wp\/v2\/product_brand?post=597"},{"taxonomy":"product_cat","embeddable":true,"href":"https:\/\/novadream.se\/sv\/wp-json\/wp\/v2\/product_cat?post=597"},{"taxonomy":"product_tag","embeddable":true,"href":"https:\/\/novadream.se\/sv\/wp-json\/wp\/v2\/product_tag?post=597"}],"curies":[{"name":"wp","href":"https:\/\/api.w.org\/{rel}","templated":true}]}}